{"id":31864,"date":"2020-06-19T18:52:28","date_gmt":"2020-06-19T16:52:28","guid":{"rendered":"https:\/\/softlinefurniture.com\/product\/hello-bord\/"},"modified":"2026-03-23T22:31:41","modified_gmt":"2026-03-23T21:31:41","slug":"hello-bord","status":"publish","type":"product","link":"https:\/\/softlinefurniture.com\/da\/produkt\/hello-bord\/","title":{"rendered":"HELLO Bord"},"content":{"rendered":"<p><strong>P\u00e6nt praktisk<\/strong><br \/>\nHELLO-bordene er ekstremt funktionelle og praktiske. Brug dem i alle slags omgivelser, og flyt rundt p\u00e5 dem efter behov. De f\u00e5s i to st\u00f8rrelser, og bordpladen er i hvid h\u00f8jglans med stel i rustfri st\u00e5l.<\/p>\n","protected":false},"excerpt":{"rendered":"<p>P\u00e6nt praktisk HELLO-bordene er ekstremt funktionelle og praktiske. Brug dem i alle slags omgivelser, og flyt rundt p\u00e5 dem efter behov. De f\u00e5s i to st\u00f8rrelser, og bordpladen er i hvid h\u00f8jglans med stel i rustfri st\u00e5l.<\/p>\n","protected":false},"featured_media":42561,"comment_status":"closed","ping_status":"closed","template":"","meta":{"_acf_changed":false},"product_brand":[48473],"product_cat":[6214,6213],"product_tag":[],"class_list":{"0":"post-31864","1":"product","2":"type-product","3":"status-publish","4":"has-post-thumbnail","6":"product_brand-hello-table","7":"product_cat-borde","8":"product_cat-kollektioner","10":"first","11":"instock","12":"shipping-taxable","13":"purchasable","14":"product-type-variable"},"acf":[],"_links":{"self":[{"href":"https:\/\/softlinefurniture.com\/da\/wp-json\/wp\/v2\/product\/31864","targetHints":{"allow":["GET"]}}],"collection":[{"href":"https:\/\/softlinefurniture.com\/da\/wp-json\/wp\/v2\/product"}],"about":[{"href":"https:\/\/softlinefurniture.com\/da\/wp-json\/wp\/v2\/types\/product"}],"replies":[{"embeddable":true,"href":"https:\/\/softlinefurniture.com\/da\/wp-json\/wp\/v2\/comments?post=31864"}],"version-history":[{"count":0,"href":"https:\/\/softlinefurniture.com\/da\/wp-json\/wp\/v2\/product\/31864\/revisions"}],"wp:featuredmedia":[{"embeddable":true,"href":"https:\/\/softlinefurniture.com\/da\/wp-json\/wp\/v2\/media\/42561"}],"wp:attachment":[{"href":"https:\/\/softlinefurniture.com\/da\/wp-json\/wp\/v2\/media?parent=31864"}],"wp:term":[{"taxonomy":"product_brand","embeddable":true,"href":"https:\/\/softlinefurniture.com\/da\/wp-json\/wp\/v2\/product_brand?post=31864"},{"taxonomy":"product_cat","embeddable":true,"href":"https:\/\/softlinefurniture.com\/da\/wp-json\/wp\/v2\/product_cat?post=31864"},{"taxonomy":"product_tag","embeddable":true,"href":"https:\/\/softlinefurniture.com\/da\/wp-json\/wp\/v2\/product_tag?post=31864"}],"curies":[{"name":"wp","href":"https:\/\/api.w.org\/{rel}","templated":true}]}}