{"id":31886,"date":"2020-06-09T02:00:03","date_gmt":"2020-06-09T00:00:03","guid":{"rendered":"https:\/\/softlinefurniture.com\/product\/jasper-sovesofa\/"},"modified":"2026-03-26T10:22:47","modified_gmt":"2026-03-26T09:22:47","slug":"jasper-sofa-sovesofa","status":"publish","type":"product","link":"https:\/\/softlinefurniture.com\/da\/produkt\/jasper-sofa-sovesofa\/","title":{"rendered":"JASPER Sofa\/Sovesofa"},"content":{"rendered":"<p><strong>Stilfuld og praktisk<\/strong><br \/>\nJASPER er en moderne sofa i et nutidigt design perfekt til b\u00e5de private hjem og offentlige rum. Rygl\u00e6nets design g\u00f8r det muligt at sidde i \u201dhj\u00f8rnerne\u201d, hvilket giver langt flere m\u00e5der at slappe af p\u00e5 end i en almindelig sovesofa. Som en ekstra funktion kan JASPER nemt laves om til en behagelig seng til to voksne.<\/p>\n<p>&nbsp;<\/p>\n","protected":false},"excerpt":{"rendered":"<p>&nbsp;<\/p>\n<p>&nbsp;<\/p>\n","protected":false},"featured_media":42576,"comment_status":"closed","ping_status":"closed","template":"","meta":{"_acf_changed":false},"product_brand":[48485],"product_cat":[6213,250],"product_tag":[6206,34674],"class_list":{"0":"post-31886","1":"product","2":"type-product","3":"status-publish","4":"has-post-thumbnail","6":"product_brand-jasper","7":"product_cat-kollektioner","8":"product_cat-sovesofaer","9":"product_tag-functional-da","10":"product_tag-sofa-da","11":"pa_covers-aftageligt-betraek-rensning-betraek-med-symbolet-p-kan-renses-ekstra-betraek-kan-koebes-hvis-du-oensker-en-ny-farve-eller-et-nyt-stof","13":"first","14":"instock","15":"shipping-taxable","16":"purchasable","17":"product-type-variable"},"acf":[],"_links":{"self":[{"href":"https:\/\/softlinefurniture.com\/da\/wp-json\/wp\/v2\/product\/31886","targetHints":{"allow":["GET"]}}],"collection":[{"href":"https:\/\/softlinefurniture.com\/da\/wp-json\/wp\/v2\/product"}],"about":[{"href":"https:\/\/softlinefurniture.com\/da\/wp-json\/wp\/v2\/types\/product"}],"replies":[{"embeddable":true,"href":"https:\/\/softlinefurniture.com\/da\/wp-json\/wp\/v2\/comments?post=31886"}],"version-history":[{"count":0,"href":"https:\/\/softlinefurniture.com\/da\/wp-json\/wp\/v2\/product\/31886\/revisions"}],"wp:featuredmedia":[{"embeddable":true,"href":"https:\/\/softlinefurniture.com\/da\/wp-json\/wp\/v2\/media\/42576"}],"wp:attachment":[{"href":"https:\/\/softlinefurniture.com\/da\/wp-json\/wp\/v2\/media?parent=31886"}],"wp:term":[{"taxonomy":"product_brand","embeddable":true,"href":"https:\/\/softlinefurniture.com\/da\/wp-json\/wp\/v2\/product_brand?post=31886"},{"taxonomy":"product_cat","embeddable":true,"href":"https:\/\/softlinefurniture.com\/da\/wp-json\/wp\/v2\/product_cat?post=31886"},{"taxonomy":"product_tag","embeddable":true,"href":"https:\/\/softlinefurniture.com\/da\/wp-json\/wp\/v2\/product_tag?post=31886"}],"curies":[{"name":"wp","href":"https:\/\/api.w.org\/{rel}","templated":true}]}}