{"id":31888,"date":"2020-06-08T19:04:11","date_gmt":"2020-06-08T17:04:11","guid":{"rendered":"https:\/\/softlinefurniture.com\/product\/lake-puf\/"},"modified":"2026-03-09T09:33:03","modified_gmt":"2026-03-09T08:33:03","slug":"lake-puf","status":"publish","type":"product","link":"https:\/\/softlinefurniture.com\/da\/produkt\/lake-puf\/","title":{"rendered":"LAKE Puf"},"content":{"rendered":"<p><strong>Et grafisk touch <\/strong><\/p>\n<p>LAKE er designet som en asymmetrisk puf, der med sit karakteristiske og let genkendelige formsprog fremst\u00e5r som et individuelt designelement i indretningen. Samtidig er LAKE formgivet, s\u00e5 den med fordel kan s\u00e6ttes sammen i grupper af flere. En samling af puffer giver en praktisk siddegruppe med et interessant, grafisk udtryk, der b\u00e5de passer ind i private hjem og i det offentlige rum.<\/p>\n","protected":false},"excerpt":{"rendered":"<p>Et grafisk touch LAKE er designet som en asymmetrisk puf, der med sit karakteristiske og let genkendelige formsprog fremst\u00e5r som et individuelt designelement i indretningen. Samtidig er LAKE formgivet, s\u00e5 den med fordel kan s\u00e6ttes sammen i grupper af flere. En samling af puffer giver en praktisk siddegruppe med et interessant, grafisk udtryk, der b\u00e5de [&hellip;]<\/p>\n","protected":false},"featured_media":42586,"comment_status":"closed","ping_status":"closed","template":"","meta":{"_acf_changed":false},"product_brand":[48493],"product_cat":[6213,244],"product_tag":[],"class_list":{"0":"post-31888","1":"product","2":"type-product","3":"status-publish","4":"has-post-thumbnail","6":"product_brand-lake","7":"product_cat-kollektioner","8":"product_cat-puffer-skamler","9":"pa_covers-aftageligt-betraek-rensning-betraek-med-symbolet-p-kan-renses-ekstra-betraek-kan-koebes-hvis-du-oensker-en-ny-farve-eller-et-nyt-stof","11":"first","12":"instock","13":"shipping-taxable","14":"purchasable","15":"product-type-variable"},"acf":[],"_links":{"self":[{"href":"https:\/\/softlinefurniture.com\/da\/wp-json\/wp\/v2\/product\/31888","targetHints":{"allow":["GET"]}}],"collection":[{"href":"https:\/\/softlinefurniture.com\/da\/wp-json\/wp\/v2\/product"}],"about":[{"href":"https:\/\/softlinefurniture.com\/da\/wp-json\/wp\/v2\/types\/product"}],"replies":[{"embeddable":true,"href":"https:\/\/softlinefurniture.com\/da\/wp-json\/wp\/v2\/comments?post=31888"}],"version-history":[{"count":0,"href":"https:\/\/softlinefurniture.com\/da\/wp-json\/wp\/v2\/product\/31888\/revisions"}],"wp:featuredmedia":[{"embeddable":true,"href":"https:\/\/softlinefurniture.com\/da\/wp-json\/wp\/v2\/media\/42586"}],"wp:attachment":[{"href":"https:\/\/softlinefurniture.com\/da\/wp-json\/wp\/v2\/media?parent=31888"}],"wp:term":[{"taxonomy":"product_brand","embeddable":true,"href":"https:\/\/softlinefurniture.com\/da\/wp-json\/wp\/v2\/product_brand?post=31888"},{"taxonomy":"product_cat","embeddable":true,"href":"https:\/\/softlinefurniture.com\/da\/wp-json\/wp\/v2\/product_cat?post=31888"},{"taxonomy":"product_tag","embeddable":true,"href":"https:\/\/softlinefurniture.com\/da\/wp-json\/wp\/v2\/product_tag?post=31888"}],"curies":[{"name":"wp","href":"https:\/\/api.w.org\/{rel}","templated":true}]}}