{"id":31898,"date":"2020-06-10T19:15:08","date_gmt":"2020-06-10T17:15:08","guid":{"rendered":"https:\/\/softlinefurniture.com\/product\/lazy-sofa\/"},"modified":"2026-03-09T09:26:07","modified_gmt":"2026-03-09T08:26:07","slug":"lazy-sofa-sovesofa","status":"publish","type":"product","link":"https:\/\/softlinefurniture.com\/da\/produkt\/lazy-sofa-sovesofa\/","title":{"rendered":"LAZY Sofa\/Sovesofa"},"content":{"rendered":"<p><strong>Et nyt og simpelt princip<\/strong><br \/>\nLAZYs intelligente design er resultatet af en ny og innovativ m\u00e5de at t\u00e6nke p\u00e5. Sofaens rygl\u00e6n kan vippes tilbage i \u00e9n enkelt bev\u00e6gelse, s\u00e5 det bliver en integreret del af sengen. Med sin lette, levende form og simple konstruktion er LAZY b\u00e5de klassisk og moderne. Ben f\u00e5s i ask natur eller ask sortbejdset.<\/p>\n","protected":false},"excerpt":{"rendered":"<p>Et nyt og simpelt princip LAZYs intelligente design er resultatet af en ny og innovativ m\u00e5de at t\u00e6nke p\u00e5. Sofaens rygl\u00e6n kan vippes tilbage i \u00e9n enkelt bev\u00e6gelse, s\u00e5 det bliver en integreret del af sengen. Med sin lette, levende form og simple konstruktion er LAZY b\u00e5de klassisk og moderne. Ben f\u00e5s i ask natur [&hellip;]<\/p>\n","protected":false},"featured_media":44537,"comment_status":"closed","ping_status":"closed","template":"","meta":{"_acf_changed":false},"product_brand":[48497],"product_cat":[6213,250],"product_tag":[6206,34674],"class_list":{"0":"post-31898","1":"product","2":"type-product","3":"status-publish","4":"has-post-thumbnail","6":"product_brand-lazy","7":"product_cat-kollektioner","8":"product_cat-sovesofaer","9":"product_tag-functional-da","10":"product_tag-sofa-da","11":"pa_covers-aftageligt-betraek-rensning-betraek-med-symbolet-p-kan-renses-ekstra-betraek-kan-koebes-hvis-du-oensker-en-ny-farve-eller-et-nyt-stof","13":"first","14":"instock","15":"shipping-taxable","16":"purchasable","17":"product-type-variable"},"acf":[],"_links":{"self":[{"href":"https:\/\/softlinefurniture.com\/da\/wp-json\/wp\/v2\/product\/31898","targetHints":{"allow":["GET"]}}],"collection":[{"href":"https:\/\/softlinefurniture.com\/da\/wp-json\/wp\/v2\/product"}],"about":[{"href":"https:\/\/softlinefurniture.com\/da\/wp-json\/wp\/v2\/types\/product"}],"replies":[{"embeddable":true,"href":"https:\/\/softlinefurniture.com\/da\/wp-json\/wp\/v2\/comments?post=31898"}],"version-history":[{"count":0,"href":"https:\/\/softlinefurniture.com\/da\/wp-json\/wp\/v2\/product\/31898\/revisions"}],"wp:featuredmedia":[{"embeddable":true,"href":"https:\/\/softlinefurniture.com\/da\/wp-json\/wp\/v2\/media\/44537"}],"wp:attachment":[{"href":"https:\/\/softlinefurniture.com\/da\/wp-json\/wp\/v2\/media?parent=31898"}],"wp:term":[{"taxonomy":"product_brand","embeddable":true,"href":"https:\/\/softlinefurniture.com\/da\/wp-json\/wp\/v2\/product_brand?post=31898"},{"taxonomy":"product_cat","embeddable":true,"href":"https:\/\/softlinefurniture.com\/da\/wp-json\/wp\/v2\/product_cat?post=31898"},{"taxonomy":"product_tag","embeddable":true,"href":"https:\/\/softlinefurniture.com\/da\/wp-json\/wp\/v2\/product_tag?post=31898"}],"curies":[{"name":"wp","href":"https:\/\/api.w.org\/{rel}","templated":true}]}}