{"id":31926,"date":"2020-06-14T01:09:55","date_gmt":"2020-06-13T23:09:55","guid":{"rendered":"https:\/\/softlinefurniture.com\/product\/madison-sovesofa\/"},"modified":"2026-03-09T09:15:40","modified_gmt":"2026-03-09T08:15:40","slug":"madison-sofa-sovesofa","status":"publish","type":"product","link":"https:\/\/softlinefurniture.com\/da\/produkt\/madison-sofa-sovesofa\/","title":{"rendered":"MADISON Sofa\/Sovesofa"},"content":{"rendered":"<p><strong>Stilfuld og casual<\/strong><\/p>\n<p>Dette er en frisk, ukompliceret sovesofa i et raffineret design perfekt til afslapning, hygge og s\u00f8vn. Sofaen udstr\u00e5ler en uformel elegance med dens stofbesatte st\u00e5larml\u00e6n og puder med specialdesignet form. Arml\u00e6nenes konstruktion g\u00f8r sofaen unik og skaber identitet. S\u00e6dedybden p\u00e5 MADISON-sofaen inviterer til at hygge og slappe af. Puderne, der kan arrangeres pr\u00e6cis, som man \u00f8nsker det, kan bruges som b\u00e5de arml\u00e6n, l\u00e6ndest\u00f8tte eller rygst\u00f8tte \u2013 og der er ogs\u00e5 plads til din personlige favoritpude. Som en ekstra funktion kan MADISON sofaen nemt laves om til en behagelig enkelt- eller dobbeltseng.<\/p>\n<p>Vinder af Good Design Award 2018<\/p>\n","protected":false},"excerpt":{"rendered":"<p>Stilfuld og casual Dette er en frisk, ukompliceret sovesofa i et raffineret design perfekt til afslapning, hygge og s\u00f8vn. Sofaen udstr\u00e5ler en uformel elegance med dens stofbesatte st\u00e5larml\u00e6n og puder med specialdesignet form. Arml\u00e6nenes konstruktion g\u00f8r sofaen unik og skaber identitet. S\u00e6dedybden p\u00e5 MADISON-sofaen inviterer til at hygge og slappe af. Puderne, der kan arrangeres [&hellip;]<\/p>\n","protected":false},"featured_media":14611,"comment_status":"closed","ping_status":"closed","template":"","meta":{"_acf_changed":false},"product_brand":[48525],"product_cat":[6213,248,250],"product_tag":[34674],"class_list":{"0":"post-31926","1":"product","2":"type-product","3":"status-publish","4":"has-post-thumbnail","6":"product_brand-madison","7":"product_cat-kollektioner","8":"product_cat-sofaer","9":"product_cat-sovesofaer","10":"product_tag-sofa-da","11":"pa_covers-rensning-betraek-med-symbolet-p-kan-renses-ekstra-betraek-kan-koebes-hvis-du-oensker-en-ny-farve-eller-et-nyt-stof","13":"first","14":"instock","15":"shipping-taxable","16":"purchasable","17":"product-type-variable"},"acf":[],"_links":{"self":[{"href":"https:\/\/softlinefurniture.com\/da\/wp-json\/wp\/v2\/product\/31926","targetHints":{"allow":["GET"]}}],"collection":[{"href":"https:\/\/softlinefurniture.com\/da\/wp-json\/wp\/v2\/product"}],"about":[{"href":"https:\/\/softlinefurniture.com\/da\/wp-json\/wp\/v2\/types\/product"}],"replies":[{"embeddable":true,"href":"https:\/\/softlinefurniture.com\/da\/wp-json\/wp\/v2\/comments?post=31926"}],"version-history":[{"count":0,"href":"https:\/\/softlinefurniture.com\/da\/wp-json\/wp\/v2\/product\/31926\/revisions"}],"wp:featuredmedia":[{"embeddable":true,"href":"https:\/\/softlinefurniture.com\/da\/wp-json\/wp\/v2\/media\/14611"}],"wp:attachment":[{"href":"https:\/\/softlinefurniture.com\/da\/wp-json\/wp\/v2\/media?parent=31926"}],"wp:term":[{"taxonomy":"product_brand","embeddable":true,"href":"https:\/\/softlinefurniture.com\/da\/wp-json\/wp\/v2\/product_brand?post=31926"},{"taxonomy":"product_cat","embeddable":true,"href":"https:\/\/softlinefurniture.com\/da\/wp-json\/wp\/v2\/product_cat?post=31926"},{"taxonomy":"product_tag","embeddable":true,"href":"https:\/\/softlinefurniture.com\/da\/wp-json\/wp\/v2\/product_tag?post=31926"}],"curies":[{"name":"wp","href":"https:\/\/api.w.org\/{rel}","templated":true}]}}