{"id":31928,"date":"2020-06-07T07:12:52","date_gmt":"2020-06-07T05:12:52","guid":{"rendered":"https:\/\/softlinefurniture.com\/product\/magnum-saekkestol\/"},"modified":"2026-03-09T09:41:51","modified_gmt":"2026-03-09T08:41:51","slug":"magnum-saekkestol","status":"publish","type":"product","link":"https:\/\/softlinefurniture.com\/da\/produkt\/magnum-saekkestol\/","title":{"rendered":"MAGNUM S\u00e6kkestol"},"content":{"rendered":"<p><strong>En tidl\u00f8s klassiker<\/strong><br \/>\nS\u00e6kkestolen MAGNUM former sig omkring kroppen og er det perfekte sted at slappe af, lytte til musik, se en film eller l\u00e6se en bog. Den kan bruges i b\u00e5de private og offentlige rum, og MAGNUM f\u00e5s i mange forskellige stoffer og farver, der matcher enhver stil.<\/p>\n","protected":false},"excerpt":{"rendered":"<p>En tidl\u00f8s klassiker S\u00e6kkestolen MAGNUM former sig omkring kroppen og er det perfekte sted at slappe af, lytte til musik, se en film eller l\u00e6se en bog. Den kan bruges i b\u00e5de private og offentlige rum, og MAGNUM f\u00e5s i mange forskellige stoffer og farver, der matcher enhver stil.<\/p>\n","protected":false},"featured_media":44697,"comment_status":"closed","ping_status":"closed","template":"","meta":{"_acf_changed":false},"product_brand":[48533],"product_cat":[6210,6213,6208,245,6211],"product_tag":[],"class_list":{"0":"post-31928","1":"product","2":"type-product","3":"status-publish","4":"has-post-thumbnail","6":"product_brand-magnum","7":"product_cat-boernemoebler","8":"product_cat-kollektioner","9":"product_cat-saekkestole","10":"product_cat-stole","11":"product_cat-udendoersmoebler","12":"pa_covers-aftageligt-betraek-rensning-betraek-med-symbolet-p-kan-renses-ekstra-betraek-kan-koebes-hvis-du-oensker-en-ny-farve-eller-et-nyt-stof","14":"first","15":"instock","16":"shipping-taxable","17":"purchasable","18":"product-type-variable"},"acf":[],"_links":{"self":[{"href":"https:\/\/softlinefurniture.com\/da\/wp-json\/wp\/v2\/product\/31928","targetHints":{"allow":["GET"]}}],"collection":[{"href":"https:\/\/softlinefurniture.com\/da\/wp-json\/wp\/v2\/product"}],"about":[{"href":"https:\/\/softlinefurniture.com\/da\/wp-json\/wp\/v2\/types\/product"}],"replies":[{"embeddable":true,"href":"https:\/\/softlinefurniture.com\/da\/wp-json\/wp\/v2\/comments?post=31928"}],"version-history":[{"count":0,"href":"https:\/\/softlinefurniture.com\/da\/wp-json\/wp\/v2\/product\/31928\/revisions"}],"wp:featuredmedia":[{"embeddable":true,"href":"https:\/\/softlinefurniture.com\/da\/wp-json\/wp\/v2\/media\/44697"}],"wp:attachment":[{"href":"https:\/\/softlinefurniture.com\/da\/wp-json\/wp\/v2\/media?parent=31928"}],"wp:term":[{"taxonomy":"product_brand","embeddable":true,"href":"https:\/\/softlinefurniture.com\/da\/wp-json\/wp\/v2\/product_brand?post=31928"},{"taxonomy":"product_cat","embeddable":true,"href":"https:\/\/softlinefurniture.com\/da\/wp-json\/wp\/v2\/product_cat?post=31928"},{"taxonomy":"product_tag","embeddable":true,"href":"https:\/\/softlinefurniture.com\/da\/wp-json\/wp\/v2\/product_tag?post=31928"}],"curies":[{"name":"wp","href":"https:\/\/api.w.org\/{rel}","templated":true}]}}