{"id":31940,"date":"2020-06-19T18:37:06","date_gmt":"2020-06-19T16:37:06","guid":{"rendered":"https:\/\/softlinefurniture.com\/product\/meu-gynge\/"},"modified":"2026-03-09T09:06:50","modified_gmt":"2026-03-09T08:06:50","slug":"meu-gynge","status":"publish","type":"product","link":"https:\/\/softlinefurniture.com\/da\/produkt\/meu-gynge\/","title":{"rendered":"ME&#038;U Gynge"},"content":{"rendered":"<p><strong>L\u00f8bet t\u00f8r for gulvplads?<\/strong><br \/>\nTag dine m\u00f8bler til det n\u00e6ste niveau: Op. ME&amp;U er en polstret indend\u00f8rsgynge, der h\u00e6nger fra loftet i en wire. En sjov og i\u00f8jnefaldende accessory, der giver smil p\u00e5 l\u00e6ben. Skaber en glad stemning i loungeomr\u00e5der og lobbyer.<\/p>\n","protected":false},"excerpt":{"rendered":"<p>L\u00f8bet t\u00f8r for gulvplads? Tag dine m\u00f8bler til det n\u00e6ste niveau: Op. ME&amp;U er en polstret indend\u00f8rsgynge, der h\u00e6nger fra loftet i en wire. En sjov og i\u00f8jnefaldende accessory, der giver smil p\u00e5 l\u00e6ben. Skaber en glad stemning i loungeomr\u00e5der og lobbyer.<\/p>\n","protected":false},"featured_media":101089,"comment_status":"closed","ping_status":"closed","template":"","meta":{"_acf_changed":false},"product_brand":[48541],"product_cat":[6210,6213,245],"product_tag":[],"class_list":{"0":"post-31940","1":"product","2":"type-product","3":"status-publish","4":"has-post-thumbnail","6":"product_brand-meu","7":"product_cat-boernemoebler","8":"product_cat-kollektioner","9":"product_cat-stole","10":"pa_covers-aftageligt-betraek-rensning-betraek-med-symbolet-p-kan-renses-ekstra-betraek-kan-koebes-hvis-du-oensker-en-ny-farve-eller-et-nyt-stof","12":"first","13":"instock","14":"shipping-taxable","15":"purchasable","16":"product-type-variable"},"acf":[],"_links":{"self":[{"href":"https:\/\/softlinefurniture.com\/da\/wp-json\/wp\/v2\/product\/31940","targetHints":{"allow":["GET"]}}],"collection":[{"href":"https:\/\/softlinefurniture.com\/da\/wp-json\/wp\/v2\/product"}],"about":[{"href":"https:\/\/softlinefurniture.com\/da\/wp-json\/wp\/v2\/types\/product"}],"replies":[{"embeddable":true,"href":"https:\/\/softlinefurniture.com\/da\/wp-json\/wp\/v2\/comments?post=31940"}],"version-history":[{"count":0,"href":"https:\/\/softlinefurniture.com\/da\/wp-json\/wp\/v2\/product\/31940\/revisions"}],"wp:featuredmedia":[{"embeddable":true,"href":"https:\/\/softlinefurniture.com\/da\/wp-json\/wp\/v2\/media\/101089"}],"wp:attachment":[{"href":"https:\/\/softlinefurniture.com\/da\/wp-json\/wp\/v2\/media?parent=31940"}],"wp:term":[{"taxonomy":"product_brand","embeddable":true,"href":"https:\/\/softlinefurniture.com\/da\/wp-json\/wp\/v2\/product_brand?post=31940"},{"taxonomy":"product_cat","embeddable":true,"href":"https:\/\/softlinefurniture.com\/da\/wp-json\/wp\/v2\/product_cat?post=31940"},{"taxonomy":"product_tag","embeddable":true,"href":"https:\/\/softlinefurniture.com\/da\/wp-json\/wp\/v2\/product_tag?post=31940"}],"curies":[{"name":"wp","href":"https:\/\/api.w.org\/{rel}","templated":true}]}}