{"id":31946,"date":"2020-06-14T03:52:41","date_gmt":"2020-06-14T01:52:41","guid":{"rendered":"https:\/\/softlinefurniture.com\/product\/meghan-sofa-sofa-bed\/"},"modified":"2026-03-09T09:15:14","modified_gmt":"2026-03-09T08:15:14","slug":"meghan-sofa-sovesofa","status":"publish","type":"product","link":"https:\/\/softlinefurniture.com\/da\/produkt\/meghan-sofa-sovesofa\/","title":{"rendered":"MEGHAN Sofa\/Sovesofa"},"content":{"rendered":"<p><strong>Kompakt og klassisk design<\/strong><br \/>\nDe smalle arml\u00e6n og ben giver denne sofa et simpelt og elegant udtryk. En kompakt sofa med et tidl\u00f8st og klassisk design, der kan bruges som en behagelig sofa i l\u00f8bet af dagen og en seng med plads til to personer om natten, da MEGHAN nemt kan laves om til en komfortabel seng.<\/p>\n","protected":false},"excerpt":{"rendered":"<p>Kompakt og klassisk design De smalle arml\u00e6n og ben giver denne sofa et simpelt og elegant udtryk. En kompakt sofa med et tidl\u00f8st og klassisk design, der kan bruges som en behagelig sofa i l\u00f8bet af dagen og en seng med plads til to personer om natten, da MEGHAN nemt kan laves om til en [&hellip;]<\/p>\n","protected":false},"featured_media":14695,"comment_status":"closed","ping_status":"closed","template":"","meta":{"_acf_changed":false},"product_brand":[48545],"product_cat":[6213,250],"product_tag":[6206,34674],"class_list":{"0":"post-31946","1":"product","2":"type-product","3":"status-publish","4":"has-post-thumbnail","6":"product_brand-meghan","7":"product_cat-kollektioner","8":"product_cat-sovesofaer","9":"product_tag-functional-da","10":"product_tag-sofa-da","12":"first","13":"instock","14":"shipping-taxable","15":"purchasable","16":"product-type-variable"},"acf":[],"_links":{"self":[{"href":"https:\/\/softlinefurniture.com\/da\/wp-json\/wp\/v2\/product\/31946","targetHints":{"allow":["GET"]}}],"collection":[{"href":"https:\/\/softlinefurniture.com\/da\/wp-json\/wp\/v2\/product"}],"about":[{"href":"https:\/\/softlinefurniture.com\/da\/wp-json\/wp\/v2\/types\/product"}],"replies":[{"embeddable":true,"href":"https:\/\/softlinefurniture.com\/da\/wp-json\/wp\/v2\/comments?post=31946"}],"version-history":[{"count":0,"href":"https:\/\/softlinefurniture.com\/da\/wp-json\/wp\/v2\/product\/31946\/revisions"}],"wp:featuredmedia":[{"embeddable":true,"href":"https:\/\/softlinefurniture.com\/da\/wp-json\/wp\/v2\/media\/14695"}],"wp:attachment":[{"href":"https:\/\/softlinefurniture.com\/da\/wp-json\/wp\/v2\/media?parent=31946"}],"wp:term":[{"taxonomy":"product_brand","embeddable":true,"href":"https:\/\/softlinefurniture.com\/da\/wp-json\/wp\/v2\/product_brand?post=31946"},{"taxonomy":"product_cat","embeddable":true,"href":"https:\/\/softlinefurniture.com\/da\/wp-json\/wp\/v2\/product_cat?post=31946"},{"taxonomy":"product_tag","embeddable":true,"href":"https:\/\/softlinefurniture.com\/da\/wp-json\/wp\/v2\/product_tag?post=31946"}],"curies":[{"name":"wp","href":"https:\/\/api.w.org\/{rel}","templated":true}]}}