{"id":31952,"date":"2020-06-14T00:54:02","date_gmt":"2020-06-13T22:54:02","guid":{"rendered":"https:\/\/softlinefurniture.com\/product\/metro-sofa\/"},"modified":"2026-03-09T09:15:52","modified_gmt":"2026-03-09T08:15:52","slug":"metro-sofa-sovesofa","status":"publish","type":"product","link":"https:\/\/softlinefurniture.com\/da\/produkt\/metro-sofa-sovesofa\/","title":{"rendered":"METRO Sofa\/Sovesofa"},"content":{"rendered":"<p><strong>Praktisk og moderne<\/strong><br \/>\nTrepersoners-sofaen METRO er slidst\u00e6rk, stilfuld og komfortabel. Kombin\u00e9r den med andre m\u00f8bler i vores kollektion, og skab en smuk indretning med en moderne vibe. METRO kan nemt og enkelt laves om til en enkelt- eller dobbeltseng.<\/p>\n","protected":false},"excerpt":{"rendered":"<p>Praktisk og moderne Trepersoners-sofaen METRO er slidst\u00e6rk, stilfuld og komfortabel. Kombin\u00e9r den med andre m\u00f8bler i vores kollektion, og skab en smuk indretning med en moderne vibe. METRO kan nemt og enkelt laves om til en enkelt- eller dobbeltseng.<\/p>\n","protected":false},"featured_media":44757,"comment_status":"closed","ping_status":"closed","template":"","meta":{"_acf_changed":false},"product_brand":[48549],"product_cat":[6213,250],"product_tag":[6206,34674],"class_list":{"0":"post-31952","1":"product","2":"type-product","3":"status-publish","4":"has-post-thumbnail","6":"product_brand-metro","7":"product_cat-kollektioner","8":"product_cat-sovesofaer","9":"product_tag-functional-da","10":"product_tag-sofa-da","11":"pa_covers-aftageligt-betraek-rensning-betraek-med-symbolet-p-kan-renses-ekstra-betraek-kan-koebes-hvis-du-oensker-en-ny-farve-eller-et-nyt-stof","13":"first","14":"instock","15":"shipping-taxable","16":"purchasable","17":"product-type-variable"},"acf":[],"_links":{"self":[{"href":"https:\/\/softlinefurniture.com\/da\/wp-json\/wp\/v2\/product\/31952","targetHints":{"allow":["GET"]}}],"collection":[{"href":"https:\/\/softlinefurniture.com\/da\/wp-json\/wp\/v2\/product"}],"about":[{"href":"https:\/\/softlinefurniture.com\/da\/wp-json\/wp\/v2\/types\/product"}],"replies":[{"embeddable":true,"href":"https:\/\/softlinefurniture.com\/da\/wp-json\/wp\/v2\/comments?post=31952"}],"version-history":[{"count":0,"href":"https:\/\/softlinefurniture.com\/da\/wp-json\/wp\/v2\/product\/31952\/revisions"}],"wp:featuredmedia":[{"embeddable":true,"href":"https:\/\/softlinefurniture.com\/da\/wp-json\/wp\/v2\/media\/44757"}],"wp:attachment":[{"href":"https:\/\/softlinefurniture.com\/da\/wp-json\/wp\/v2\/media?parent=31952"}],"wp:term":[{"taxonomy":"product_brand","embeddable":true,"href":"https:\/\/softlinefurniture.com\/da\/wp-json\/wp\/v2\/product_brand?post=31952"},{"taxonomy":"product_cat","embeddable":true,"href":"https:\/\/softlinefurniture.com\/da\/wp-json\/wp\/v2\/product_cat?post=31952"},{"taxonomy":"product_tag","embeddable":true,"href":"https:\/\/softlinefurniture.com\/da\/wp-json\/wp\/v2\/product_tag?post=31952"}],"curies":[{"name":"wp","href":"https:\/\/api.w.org\/{rel}","templated":true}]}}