{"id":31958,"date":"2020-06-08T19:57:44","date_gmt":"2020-06-08T17:57:44","guid":{"rendered":"https:\/\/softlinefurniture.com\/product\/milan-pude\/"},"modified":"2026-03-09T09:31:55","modified_gmt":"2026-03-09T08:31:55","slug":"milan-pude","status":"publish","type":"product","link":"https:\/\/softlinefurniture.com\/da\/produkt\/milan-pude\/","title":{"rendered":"MILAN Pude"},"content":{"rendered":"<p><strong>Kul\u00f8r, komfort og stemning<\/strong><br \/>\nIndret dit hjem med smukke puder, og oplev hvordan dine m\u00f8bler \u00e6ndrer udtryk med det samme. En nem m\u00e5de at f\u00f8lge s\u00e6sonens tendenser og opgradere din indretning p\u00e5. Puderne f\u00e5s i de samme farver og stoffer som SOFTLINE-m\u00f8blerne.<\/p>\n","protected":false},"excerpt":{"rendered":"<p>Kul\u00f8r, komfort og stemning Indret dit hjem med smukke puder, og oplev hvordan dine m\u00f8bler \u00e6ndrer udtryk med det samme. En nem m\u00e5de at f\u00f8lge s\u00e6sonens tendenser og opgradere din indretning p\u00e5. Puderne f\u00e5s i de samme farver og stoffer som SOFTLINE-m\u00f8blerne.<\/p>\n","protected":false},"featured_media":12942,"comment_status":"closed","ping_status":"closed","template":"","meta":{"_acf_changed":false},"product_brand":[48553],"product_cat":[6213,6207],"product_tag":[],"class_list":{"0":"post-31958","1":"product","2":"type-product","3":"status-publish","4":"has-post-thumbnail","6":"product_brand-milan","7":"product_cat-kollektioner","8":"product_cat-puder","9":"pa_covers-aftageligt-betraek-rensning-betraek-med-symbolet-p-kan-renses-ekstra-betraek-kan-koebes-hvis-du-oensker-en-ny-farve-eller-et-nyt-stof","11":"first","12":"instock","13":"shipping-taxable","14":"purchasable","15":"product-type-variable"},"acf":[],"_links":{"self":[{"href":"https:\/\/softlinefurniture.com\/da\/wp-json\/wp\/v2\/product\/31958","targetHints":{"allow":["GET"]}}],"collection":[{"href":"https:\/\/softlinefurniture.com\/da\/wp-json\/wp\/v2\/product"}],"about":[{"href":"https:\/\/softlinefurniture.com\/da\/wp-json\/wp\/v2\/types\/product"}],"replies":[{"embeddable":true,"href":"https:\/\/softlinefurniture.com\/da\/wp-json\/wp\/v2\/comments?post=31958"}],"version-history":[{"count":0,"href":"https:\/\/softlinefurniture.com\/da\/wp-json\/wp\/v2\/product\/31958\/revisions"}],"wp:featuredmedia":[{"embeddable":true,"href":"https:\/\/softlinefurniture.com\/da\/wp-json\/wp\/v2\/media\/12942"}],"wp:attachment":[{"href":"https:\/\/softlinefurniture.com\/da\/wp-json\/wp\/v2\/media?parent=31958"}],"wp:term":[{"taxonomy":"product_brand","embeddable":true,"href":"https:\/\/softlinefurniture.com\/da\/wp-json\/wp\/v2\/product_brand?post=31958"},{"taxonomy":"product_cat","embeddable":true,"href":"https:\/\/softlinefurniture.com\/da\/wp-json\/wp\/v2\/product_cat?post=31958"},{"taxonomy":"product_tag","embeddable":true,"href":"https:\/\/softlinefurniture.com\/da\/wp-json\/wp\/v2\/product_tag?post=31958"}],"curies":[{"name":"wp","href":"https:\/\/api.w.org\/{rel}","templated":true}]}}