{"id":31964,"date":"2020-06-19T21:35:00","date_gmt":"2020-06-19T19:35:00","guid":{"rendered":"https:\/\/softlinefurniture.com\/product\/mirror-bord\/"},"modified":"2026-03-09T09:06:11","modified_gmt":"2026-03-09T08:06:11","slug":"mirror-bord","status":"publish","type":"product","link":"https:\/\/softlinefurniture.com\/da\/produkt\/mirror-bord\/","title":{"rendered":"MIRROR Bord"},"content":{"rendered":"<p><strong>Afspejler din stil<\/strong><br \/>\nKombin\u00e9r de sm\u00e5 borde, eller brug dem enkeltvis. MIRROR f\u00e5s i to forskellige st\u00f8rrelser, og benene kan samles, s\u00e5 de enten giver et h\u00f8jt eller lavt bord.<\/p>\n","protected":false},"excerpt":{"rendered":"<p>Afspejler din stil Kombin\u00e9r de sm\u00e5 borde, eller brug dem enkeltvis. MIRROR f\u00e5s i to forskellige st\u00f8rrelser, og benene kan samles, s\u00e5 de enten giver et h\u00f8jt eller lavt bord.<\/p>\n","protected":false},"featured_media":97026,"comment_status":"closed","ping_status":"closed","template":"","meta":{"_acf_changed":false},"product_brand":[48557],"product_cat":[6214,6213],"product_tag":[],"class_list":{"0":"post-31964","1":"product","2":"type-product","3":"status-publish","4":"has-post-thumbnail","6":"product_brand-mirror","7":"product_cat-borde","8":"product_cat-kollektioner","10":"first","11":"instock","12":"shipping-taxable","13":"purchasable","14":"product-type-variable"},"acf":[],"_links":{"self":[{"href":"https:\/\/softlinefurniture.com\/da\/wp-json\/wp\/v2\/product\/31964","targetHints":{"allow":["GET"]}}],"collection":[{"href":"https:\/\/softlinefurniture.com\/da\/wp-json\/wp\/v2\/product"}],"about":[{"href":"https:\/\/softlinefurniture.com\/da\/wp-json\/wp\/v2\/types\/product"}],"replies":[{"embeddable":true,"href":"https:\/\/softlinefurniture.com\/da\/wp-json\/wp\/v2\/comments?post=31964"}],"version-history":[{"count":0,"href":"https:\/\/softlinefurniture.com\/da\/wp-json\/wp\/v2\/product\/31964\/revisions"}],"wp:featuredmedia":[{"embeddable":true,"href":"https:\/\/softlinefurniture.com\/da\/wp-json\/wp\/v2\/media\/97026"}],"wp:attachment":[{"href":"https:\/\/softlinefurniture.com\/da\/wp-json\/wp\/v2\/media?parent=31964"}],"wp:term":[{"taxonomy":"product_brand","embeddable":true,"href":"https:\/\/softlinefurniture.com\/da\/wp-json\/wp\/v2\/product_brand?post=31964"},{"taxonomy":"product_cat","embeddable":true,"href":"https:\/\/softlinefurniture.com\/da\/wp-json\/wp\/v2\/product_cat?post=31964"},{"taxonomy":"product_tag","embeddable":true,"href":"https:\/\/softlinefurniture.com\/da\/wp-json\/wp\/v2\/product_tag?post=31964"}],"curies":[{"name":"wp","href":"https:\/\/api.w.org\/{rel}","templated":true}]}}