{"id":31973,"date":"2020-06-05T22:51:54","date_gmt":"2020-06-05T20:51:54","guid":{"rendered":"https:\/\/softlinefurniture.com\/product\/monday-bord\/"},"modified":"2026-03-09T09:45:10","modified_gmt":"2026-03-09T08:45:10","slug":"monday-sidebord","status":"publish","type":"product","link":"https:\/\/softlinefurniture.com\/da\/produkt\/monday-sidebord\/","title":{"rendered":"MONDAY Sidebord"},"content":{"rendered":"<p><strong>En balancekunst<\/strong><br \/>\nMONDAY er et anvendeligt sidebord, der kan bruges som det er, men fungerer endnu bedre n\u00e5r to eller flere s\u00e6ttes sammen. Bordets design er simpelt og elegant og balancerer p\u00e5 samme m\u00e5de som \u00e5kander. Den unikke konstruktion g\u00f8r b\u00e5de MONDAY til et interessant designobjekt i sig selv og til et praktisk m\u00f8bel.<\/p>\n","protected":false},"excerpt":{"rendered":"<p>En balancekunst MONDAY er et anvendeligt sidebord, der kan bruges som det er, men fungerer endnu bedre n\u00e5r to eller flere s\u00e6ttes sammen. Bordets design er simpelt og elegant og balancerer p\u00e5 samme m\u00e5de som \u00e5kander. Den unikke konstruktion g\u00f8r b\u00e5de MONDAY til et interessant designobjekt i sig selv og til et praktisk m\u00f8bel.<\/p>\n","protected":false},"featured_media":44842,"comment_status":"closed","ping_status":"closed","template":"","meta":{"_acf_changed":false},"product_brand":[48569],"product_cat":[6214,6213],"product_tag":[],"class_list":{"0":"post-31973","1":"product","2":"type-product","3":"status-publish","4":"has-post-thumbnail","6":"product_brand-monday","7":"product_cat-borde","8":"product_cat-kollektioner","10":"first","11":"instock","12":"shipping-taxable","13":"purchasable","14":"product-type-variable"},"acf":[],"_links":{"self":[{"href":"https:\/\/softlinefurniture.com\/da\/wp-json\/wp\/v2\/product\/31973","targetHints":{"allow":["GET"]}}],"collection":[{"href":"https:\/\/softlinefurniture.com\/da\/wp-json\/wp\/v2\/product"}],"about":[{"href":"https:\/\/softlinefurniture.com\/da\/wp-json\/wp\/v2\/types\/product"}],"replies":[{"embeddable":true,"href":"https:\/\/softlinefurniture.com\/da\/wp-json\/wp\/v2\/comments?post=31973"}],"version-history":[{"count":0,"href":"https:\/\/softlinefurniture.com\/da\/wp-json\/wp\/v2\/product\/31973\/revisions"}],"wp:featuredmedia":[{"embeddable":true,"href":"https:\/\/softlinefurniture.com\/da\/wp-json\/wp\/v2\/media\/44842"}],"wp:attachment":[{"href":"https:\/\/softlinefurniture.com\/da\/wp-json\/wp\/v2\/media?parent=31973"}],"wp:term":[{"taxonomy":"product_brand","embeddable":true,"href":"https:\/\/softlinefurniture.com\/da\/wp-json\/wp\/v2\/product_brand?post=31973"},{"taxonomy":"product_cat","embeddable":true,"href":"https:\/\/softlinefurniture.com\/da\/wp-json\/wp\/v2\/product_cat?post=31973"},{"taxonomy":"product_tag","embeddable":true,"href":"https:\/\/softlinefurniture.com\/da\/wp-json\/wp\/v2\/product_tag?post=31973"}],"curies":[{"name":"wp","href":"https:\/\/api.w.org\/{rel}","templated":true}]}}