{"id":31984,"date":"2020-06-14T04:17:39","date_gmt":"2020-06-14T02:17:39","guid":{"rendered":"https:\/\/softlinefurniture.com\/product\/nova-3-p-sovesofa\/"},"modified":"2026-03-09T09:15:11","modified_gmt":"2026-03-09T08:15:11","slug":"nova-3-p-sofa-sovesofa","status":"publish","type":"product","link":"https:\/\/softlinefurniture.com\/da\/produkt\/nova-3-p-sofa-sovesofa\/","title":{"rendered":"NOVA 3-P Sofa\/Sovesofa"},"content":{"rendered":"<p><strong>Total komfort<\/strong><br \/>\nEn komfortabel og funktionel sovesofa i en afslappet og urban stil. Sid ned, l\u00e6n dig tilbage og sov trygt i total komfort takket v\u00e6re det justerbare rygl\u00e6n delt i to, der kan indstilles i fire forskellige positioner. Et unikt, enkelt og i\u00f8jnefaldende design, der er elegant og indbydende. Den store sofa kan nemt laves om til en dobbeltseng.<\/p>\n","protected":false},"excerpt":{"rendered":"<p>Total komfort En komfortabel og funktionel sovesofa i en afslappet og urban stil. Sid ned, l\u00e6n dig tilbage og sov trygt i total komfort takket v\u00e6re det justerbare rygl\u00e6n delt i to, der kan indstilles i fire forskellige positioner. Et unikt, enkelt og i\u00f8jnefaldende design, der er elegant og indbydende. Den store sofa kan nemt [&hellip;]<\/p>\n","protected":false},"featured_media":14733,"comment_status":"closed","ping_status":"closed","template":"","meta":{"_acf_changed":false},"product_brand":[48601],"product_cat":[6213,250],"product_tag":[6206,34674],"class_list":{"0":"post-31984","1":"product","2":"type-product","3":"status-publish","4":"has-post-thumbnail","6":"product_brand-nova","7":"product_cat-kollektioner","8":"product_cat-sovesofaer","9":"product_tag-functional-da","10":"product_tag-sofa-da","11":"pa_covers-rensning-betraek-med-symbolet-p-kan-renses-ekstra-betraek-kan-koebes-hvis-du-oensker-en-ny-farve-eller-et-nyt-stof","13":"first","14":"instock","15":"shipping-taxable","16":"purchasable","17":"product-type-variable"},"acf":[],"_links":{"self":[{"href":"https:\/\/softlinefurniture.com\/da\/wp-json\/wp\/v2\/product\/31984","targetHints":{"allow":["GET"]}}],"collection":[{"href":"https:\/\/softlinefurniture.com\/da\/wp-json\/wp\/v2\/product"}],"about":[{"href":"https:\/\/softlinefurniture.com\/da\/wp-json\/wp\/v2\/types\/product"}],"replies":[{"embeddable":true,"href":"https:\/\/softlinefurniture.com\/da\/wp-json\/wp\/v2\/comments?post=31984"}],"version-history":[{"count":0,"href":"https:\/\/softlinefurniture.com\/da\/wp-json\/wp\/v2\/product\/31984\/revisions"}],"wp:featuredmedia":[{"embeddable":true,"href":"https:\/\/softlinefurniture.com\/da\/wp-json\/wp\/v2\/media\/14733"}],"wp:attachment":[{"href":"https:\/\/softlinefurniture.com\/da\/wp-json\/wp\/v2\/media?parent=31984"}],"wp:term":[{"taxonomy":"product_brand","embeddable":true,"href":"https:\/\/softlinefurniture.com\/da\/wp-json\/wp\/v2\/product_brand?post=31984"},{"taxonomy":"product_cat","embeddable":true,"href":"https:\/\/softlinefurniture.com\/da\/wp-json\/wp\/v2\/product_cat?post=31984"},{"taxonomy":"product_tag","embeddable":true,"href":"https:\/\/softlinefurniture.com\/da\/wp-json\/wp\/v2\/product_tag?post=31984"}],"curies":[{"name":"wp","href":"https:\/\/api.w.org\/{rel}","templated":true}]}}