{"id":31990,"date":"2020-06-08T01:53:24","date_gmt":"2020-06-07T23:53:24","guid":{"rendered":"https:\/\/softlinefurniture.com\/product\/nuuk\/"},"modified":"2026-03-09T14:27:32","modified_gmt":"2026-03-09T13:27:32","slug":"nuuk-swivel-konference-og-spisebordsstol","status":"publish","type":"product","link":"https:\/\/softlinefurniture.com\/da\/produkt\/nuuk-swivel-konference-og-spisebordsstol\/","title":{"rendered":"NUUK Swivel Konference- og spisebordsstol"},"content":{"rendered":"<p><strong>Tag bare plads<\/strong><br \/>\nNUUK er en yderst alsidig og komfortabel stol. Med integrerede arml\u00e6n i organiske former og sit lette, men karakteristiske stel, er den anvendelig b\u00e5de som spisebordsstol og som g\u00e6stestol p\u00e5 kontoret.<br \/>\nArml\u00e6nenes st\u00f8rrelse og udformning g\u00f8r, at stolen rent praktisk fungerer sammen med et bord, alt imens sidde- og arbejdskomforten er i top. Stolen er indbydende formgivet i et holdbart, moderne design.<\/p>\n<p>Vinder af Good Design Award 2019<\/p>\n","protected":false},"excerpt":{"rendered":"<p>Tag bare plads NUUK er en yderst alsidig og komfortabel stol. Med integrerede arml\u00e6n i organiske former og sit lette, men karakteristiske stel, er den anvendelig b\u00e5de som spisebordsstol og som g\u00e6stestol p\u00e5 kontoret. Arml\u00e6nenes st\u00f8rrelse og udformning g\u00f8r, at stolen rent praktisk fungerer sammen med et bord, alt imens sidde- og arbejdskomforten er i [&hellip;]<\/p>\n","protected":false},"featured_media":101484,"comment_status":"closed","ping_status":"closed","template":"","meta":{"_acf_changed":false},"product_brand":[48605],"product_cat":[47947,6213,247,246],"product_tag":[],"class_list":{"0":"post-31990","1":"product","2":"type-product","3":"status-publish","4":"has-post-thumbnail","6":"product_brand-nuuk","7":"product_cat-drejestole","8":"product_cat-kollektioner","9":"product_cat-konferencestole-spisestuestole","10":"product_cat-lounge-stole","12":"first","13":"instock","14":"shipping-taxable","15":"purchasable","16":"product-type-variable"},"acf":[],"_links":{"self":[{"href":"https:\/\/softlinefurniture.com\/da\/wp-json\/wp\/v2\/product\/31990","targetHints":{"allow":["GET"]}}],"collection":[{"href":"https:\/\/softlinefurniture.com\/da\/wp-json\/wp\/v2\/product"}],"about":[{"href":"https:\/\/softlinefurniture.com\/da\/wp-json\/wp\/v2\/types\/product"}],"replies":[{"embeddable":true,"href":"https:\/\/softlinefurniture.com\/da\/wp-json\/wp\/v2\/comments?post=31990"}],"version-history":[{"count":0,"href":"https:\/\/softlinefurniture.com\/da\/wp-json\/wp\/v2\/product\/31990\/revisions"}],"wp:featuredmedia":[{"embeddable":true,"href":"https:\/\/softlinefurniture.com\/da\/wp-json\/wp\/v2\/media\/101484"}],"wp:attachment":[{"href":"https:\/\/softlinefurniture.com\/da\/wp-json\/wp\/v2\/media?parent=31990"}],"wp:term":[{"taxonomy":"product_brand","embeddable":true,"href":"https:\/\/softlinefurniture.com\/da\/wp-json\/wp\/v2\/product_brand?post=31990"},{"taxonomy":"product_cat","embeddable":true,"href":"https:\/\/softlinefurniture.com\/da\/wp-json\/wp\/v2\/product_cat?post=31990"},{"taxonomy":"product_tag","embeddable":true,"href":"https:\/\/softlinefurniture.com\/da\/wp-json\/wp\/v2\/product_tag?post=31990"}],"curies":[{"name":"wp","href":"https:\/\/api.w.org\/{rel}","templated":true}]}}