{"id":31996,"date":"2020-06-08T20:33:13","date_gmt":"2020-06-08T18:33:13","guid":{"rendered":"https:\/\/softlinefurniture.com\/product\/pause-puf\/"},"modified":"2026-03-09T09:31:34","modified_gmt":"2026-03-09T08:31:34","slug":"pause-puf","status":"publish","type":"product","link":"https:\/\/softlinefurniture.com\/da\/produkt\/pause-puf\/","title":{"rendered":"PAUSE Puf"},"content":{"rendered":"<p><strong>Ta&#8217; en pause<\/strong><br \/>\nEt fleksibelt og komfortabelt m\u00f8bel, som kan bruges alene eller kombineres i grupper med tre eller flere til b\u00e5de arbejde og afslapning. Der er uendelige m\u00e5der at kombinere PAUSE p\u00e5, perfekt til b\u00e5de skoler, b\u00f8rnehaver, arbejdspladser, institutioner og private hjem. V\u00e6r kreativ, og lad fantasien f\u00e5 frit l\u00f8b.<\/p>\n","protected":false},"excerpt":{"rendered":"<p>Ta&#8217; en pause Et fleksibelt og komfortabelt m\u00f8bel, som kan bruges alene eller kombineres i grupper med tre eller flere til b\u00e5de arbejde og afslapning. Der er uendelige m\u00e5der at kombinere PAUSE p\u00e5, perfekt til b\u00e5de skoler, b\u00f8rnehaver, arbejdspladser, institutioner og private hjem. V\u00e6r kreativ, og lad fantasien f\u00e5 frit l\u00f8b.<\/p>\n","protected":false},"featured_media":42876,"comment_status":"closed","ping_status":"closed","template":"","meta":{"_acf_changed":false},"product_brand":[48637],"product_cat":[6210,6213,244],"product_tag":[],"class_list":{"0":"post-31996","1":"product","2":"type-product","3":"status-publish","4":"has-post-thumbnail","6":"product_brand-pause","7":"product_cat-boernemoebler","8":"product_cat-kollektioner","9":"product_cat-puffer-skamler","10":"pa_covers-aftageligt-betraek-rensning-betraek-med-symbolet-p-kan-renses-ekstra-betraek-kan-koebes-hvis-du-oensker-en-ny-farve-eller-et-nyt-stof","12":"first","13":"instock","14":"shipping-taxable","15":"purchasable","16":"product-type-variable"},"acf":[],"_links":{"self":[{"href":"https:\/\/softlinefurniture.com\/da\/wp-json\/wp\/v2\/product\/31996","targetHints":{"allow":["GET"]}}],"collection":[{"href":"https:\/\/softlinefurniture.com\/da\/wp-json\/wp\/v2\/product"}],"about":[{"href":"https:\/\/softlinefurniture.com\/da\/wp-json\/wp\/v2\/types\/product"}],"replies":[{"embeddable":true,"href":"https:\/\/softlinefurniture.com\/da\/wp-json\/wp\/v2\/comments?post=31996"}],"version-history":[{"count":0,"href":"https:\/\/softlinefurniture.com\/da\/wp-json\/wp\/v2\/product\/31996\/revisions"}],"wp:featuredmedia":[{"embeddable":true,"href":"https:\/\/softlinefurniture.com\/da\/wp-json\/wp\/v2\/media\/42876"}],"wp:attachment":[{"href":"https:\/\/softlinefurniture.com\/da\/wp-json\/wp\/v2\/media?parent=31996"}],"wp:term":[{"taxonomy":"product_brand","embeddable":true,"href":"https:\/\/softlinefurniture.com\/da\/wp-json\/wp\/v2\/product_brand?post=31996"},{"taxonomy":"product_cat","embeddable":true,"href":"https:\/\/softlinefurniture.com\/da\/wp-json\/wp\/v2\/product_cat?post=31996"},{"taxonomy":"product_tag","embeddable":true,"href":"https:\/\/softlinefurniture.com\/da\/wp-json\/wp\/v2\/product_tag?post=31996"}],"curies":[{"name":"wp","href":"https:\/\/api.w.org\/{rel}","templated":true}]}}