{"id":32002,"date":"2020-06-06T20:05:03","date_gmt":"2020-06-06T18:05:03","guid":{"rendered":"https:\/\/softlinefurniture.com\/product\/picolo-stol\/"},"modified":"2026-03-09T09:42:18","modified_gmt":"2026-03-09T08:42:18","slug":"picolo-stol","status":"publish","type":"product","link":"https:\/\/softlinefurniture.com\/da\/produkt\/picolo-stol\/","title":{"rendered":"PICOLO Stol"},"content":{"rendered":"<p><strong>Klar til at servicere<\/strong><\/p>\n<p>Den runde og indbydende form p\u00e5 loungestolen PICOLO inviterer dig til at tage plads og slappe af. Den giver maksimal komfort i et moderne og minimalistisk design, der passer ind i alle omgivelser. Selv i sm\u00e5 rum er der plads til denne kompakte og anvendelige loungestol, der vil v\u00e6re en elegant tilf\u00f8jelse i indretningen. S\u00e6det er polstret med skum af h\u00f8j kvalitet og placeret p\u00e5 et enkelt stel i st\u00e5l, der ogs\u00e5 holder det bl\u00f8de rygl\u00e6n p\u00e5 plads.<\/p>\n<p>Vinder af Green Good Design Award 2022<\/p>\n","protected":false},"excerpt":{"rendered":"<p>Klar til at servicere Den runde og indbydende form p\u00e5 loungestolen PICOLO inviterer dig til at tage plads og slappe af. Den giver maksimal komfort i et moderne og minimalistisk design, der passer ind i alle omgivelser. Selv i sm\u00e5 rum er der plads til denne kompakte og anvendelige loungestol, der vil v\u00e6re en elegant [&hellip;]<\/p>\n","protected":false},"featured_media":95720,"comment_status":"closed","ping_status":"closed","template":"","meta":{"_acf_changed":false},"product_brand":[48641],"product_cat":[6213,246],"product_tag":[],"class_list":{"0":"post-32002","1":"product","2":"type-product","3":"status-publish","4":"has-post-thumbnail","6":"product_brand-picolo","7":"product_cat-kollektioner","8":"product_cat-lounge-stole","9":"pa_covers-rensning-betraek-med-symbolet-p-kan-renses-ekstra-betraek-kan-koebes-hvis-du-oensker-en-ny-farve-eller-et-nyt-stof","11":"first","12":"instock","13":"shipping-taxable","14":"purchasable","15":"product-type-variable"},"acf":[],"_links":{"self":[{"href":"https:\/\/softlinefurniture.com\/da\/wp-json\/wp\/v2\/product\/32002","targetHints":{"allow":["GET"]}}],"collection":[{"href":"https:\/\/softlinefurniture.com\/da\/wp-json\/wp\/v2\/product"}],"about":[{"href":"https:\/\/softlinefurniture.com\/da\/wp-json\/wp\/v2\/types\/product"}],"replies":[{"embeddable":true,"href":"https:\/\/softlinefurniture.com\/da\/wp-json\/wp\/v2\/comments?post=32002"}],"version-history":[{"count":0,"href":"https:\/\/softlinefurniture.com\/da\/wp-json\/wp\/v2\/product\/32002\/revisions"}],"wp:featuredmedia":[{"embeddable":true,"href":"https:\/\/softlinefurniture.com\/da\/wp-json\/wp\/v2\/media\/95720"}],"wp:attachment":[{"href":"https:\/\/softlinefurniture.com\/da\/wp-json\/wp\/v2\/media?parent=32002"}],"wp:term":[{"taxonomy":"product_brand","embeddable":true,"href":"https:\/\/softlinefurniture.com\/da\/wp-json\/wp\/v2\/product_brand?post=32002"},{"taxonomy":"product_cat","embeddable":true,"href":"https:\/\/softlinefurniture.com\/da\/wp-json\/wp\/v2\/product_cat?post=32002"},{"taxonomy":"product_tag","embeddable":true,"href":"https:\/\/softlinefurniture.com\/da\/wp-json\/wp\/v2\/product_tag?post=32002"}],"curies":[{"name":"wp","href":"https:\/\/api.w.org\/{rel}","templated":true}]}}