{"id":32035,"date":"2020-06-06T00:21:05","date_gmt":"2020-06-05T22:21:05","guid":{"rendered":"https:\/\/softlinefurniture.com\/product\/sand-puf\/"},"modified":"2026-03-09T09:44:38","modified_gmt":"2026-03-09T08:44:38","slug":"sand-puf","status":"publish","type":"product","link":"https:\/\/softlinefurniture.com\/da\/produkt\/sand-puf\/","title":{"rendered":"SAND Puf"},"content":{"rendered":"<p><strong>Nyskabende design<\/strong><br \/>\nKollektionen SAND er synonym med nyskabende design inspireret af naturen. Inspirationen er hentet i den m\u00e5de vand kan forvandle og forme sten p\u00e5 gennem tiden, og den m\u00e5de sand konstant skaber nye formationer p\u00e5. SAND-kollektionen best\u00e5r af unikke og funktionelle m\u00f8bler, der skaber en komfortabel og fredfyldt stemning.<\/p>\n","protected":false},"excerpt":{"rendered":"<p>Nyskabende design Kollektionen SAND er synonym med nyskabende design inspireret af naturen. Inspirationen er hentet i den m\u00e5de vand kan forvandle og forme sten p\u00e5 gennem tiden, og den m\u00e5de sand konstant skaber nye formationer p\u00e5. SAND-kollektionen best\u00e5r af unikke og funktionelle m\u00f8bler, der skaber en komfortabel og fredfyldt stemning.<\/p>\n","protected":false},"featured_media":114606,"comment_status":"closed","ping_status":"closed","template":"","meta":{"_acf_changed":false},"product_brand":[48589],"product_cat":[244],"product_tag":[],"class_list":{"0":"post-32035","1":"product","2":"type-product","3":"status-publish","4":"has-post-thumbnail","6":"product_brand-sand","7":"product_cat-puffer-skamler","8":"pa_covers-rensning-betraek-med-symbolet-p-kan-renses-ekstra-betraek-kan-koebes-hvis-du-oensker-en-ny-farve-eller-et-nyt-stof","10":"first","11":"instock","12":"shipping-taxable","13":"purchasable","14":"product-type-variable"},"acf":[],"_links":{"self":[{"href":"https:\/\/softlinefurniture.com\/da\/wp-json\/wp\/v2\/product\/32035","targetHints":{"allow":["GET"]}}],"collection":[{"href":"https:\/\/softlinefurniture.com\/da\/wp-json\/wp\/v2\/product"}],"about":[{"href":"https:\/\/softlinefurniture.com\/da\/wp-json\/wp\/v2\/types\/product"}],"replies":[{"embeddable":true,"href":"https:\/\/softlinefurniture.com\/da\/wp-json\/wp\/v2\/comments?post=32035"}],"version-history":[{"count":0,"href":"https:\/\/softlinefurniture.com\/da\/wp-json\/wp\/v2\/product\/32035\/revisions"}],"wp:featuredmedia":[{"embeddable":true,"href":"https:\/\/softlinefurniture.com\/da\/wp-json\/wp\/v2\/media\/114606"}],"wp:attachment":[{"href":"https:\/\/softlinefurniture.com\/da\/wp-json\/wp\/v2\/media?parent=32035"}],"wp:term":[{"taxonomy":"product_brand","embeddable":true,"href":"https:\/\/softlinefurniture.com\/da\/wp-json\/wp\/v2\/product_brand?post=32035"},{"taxonomy":"product_cat","embeddable":true,"href":"https:\/\/softlinefurniture.com\/da\/wp-json\/wp\/v2\/product_cat?post=32035"},{"taxonomy":"product_tag","embeddable":true,"href":"https:\/\/softlinefurniture.com\/da\/wp-json\/wp\/v2\/product_tag?post=32035"}],"curies":[{"name":"wp","href":"https:\/\/api.w.org\/{rel}","templated":true}]}}