{"id":32055,"date":"2020-06-08T03:10:19","date_gmt":"2020-06-08T01:10:19","guid":{"rendered":"https:\/\/softlinefurniture.com\/product\/scope-2-p-sofa\/"},"modified":"2021-12-14T02:05:14","modified_gmt":"2021-12-14T01:05:14","slug":"scope-2-p-sofa","status":"publish","type":"product","link":"https:\/\/softlinefurniture.com\/da\/produkt\/scope-2-p-sofa\/","title":{"rendered":"SCOPE 2-P Sofa"},"content":{"rendered":"<p><strong>Komfortabel og kompakt<\/strong><br \/>\nMed sin lille, komfortable og kompakte form er SCOPE et udtryk for en moderne og afslappet tilgang til design. Komforten og kvaliteten er i top, og linjerne er klassiske og tidl\u00f8se. Perfekt til storbylivet, hvor pladsen kan v\u00e6re begr\u00e6nset.<\/p>\n","protected":false},"excerpt":{"rendered":"<p>Komfortabel og kompakt Med sin lille, komfortable og kompakte form er SCOPE et udtryk for en moderne og afslappet tilgang til design. Komforten og kvaliteten er i top, og linjerne er klassiske og tidl\u00f8se. Perfekt til storbylivet, hvor pladsen kan v\u00e6re begr\u00e6nset.<\/p>\n","protected":false},"featured_media":42941,"comment_status":"closed","ping_status":"closed","template":"","meta":{"_acf_changed":false},"product_brand":[48665],"product_cat":[248],"product_tag":[34674],"class_list":{"0":"post-32055","1":"product","2":"type-product","3":"status-publish","4":"has-post-thumbnail","6":"product_brand-scope","7":"product_cat-sofaer","8":"product_tag-sofa-da","9":"pa_covers-aftageligt-betraek-rensning-betraek-med-symbolet-p-kan-renses-ekstra-betraek-kan-koebes-hvis-du-oensker-en-ny-farve-eller-et-nyt-stof","11":"first","12":"instock","13":"shipping-taxable","14":"purchasable","15":"product-type-variable"},"acf":[],"_links":{"self":[{"href":"https:\/\/softlinefurniture.com\/da\/wp-json\/wp\/v2\/product\/32055","targetHints":{"allow":["GET"]}}],"collection":[{"href":"https:\/\/softlinefurniture.com\/da\/wp-json\/wp\/v2\/product"}],"about":[{"href":"https:\/\/softlinefurniture.com\/da\/wp-json\/wp\/v2\/types\/product"}],"replies":[{"embeddable":true,"href":"https:\/\/softlinefurniture.com\/da\/wp-json\/wp\/v2\/comments?post=32055"}],"version-history":[{"count":0,"href":"https:\/\/softlinefurniture.com\/da\/wp-json\/wp\/v2\/product\/32055\/revisions"}],"wp:featuredmedia":[{"embeddable":true,"href":"https:\/\/softlinefurniture.com\/da\/wp-json\/wp\/v2\/media\/42941"}],"wp:attachment":[{"href":"https:\/\/softlinefurniture.com\/da\/wp-json\/wp\/v2\/media?parent=32055"}],"wp:term":[{"taxonomy":"product_brand","embeddable":true,"href":"https:\/\/softlinefurniture.com\/da\/wp-json\/wp\/v2\/product_brand?post=32055"},{"taxonomy":"product_cat","embeddable":true,"href":"https:\/\/softlinefurniture.com\/da\/wp-json\/wp\/v2\/product_cat?post=32055"},{"taxonomy":"product_tag","embeddable":true,"href":"https:\/\/softlinefurniture.com\/da\/wp-json\/wp\/v2\/product_tag?post=32055"}],"curies":[{"name":"wp","href":"https:\/\/api.w.org\/{rel}","templated":true}]}}