{"id":32056,"date":"2020-06-08T02:49:54","date_gmt":"2020-06-08T00:49:54","guid":{"rendered":"https:\/\/softlinefurniture.com\/product\/scope-chair\/"},"modified":"2026-03-09T09:37:03","modified_gmt":"2026-03-09T08:37:03","slug":"scope-stol","status":"publish","type":"product","link":"https:\/\/softlinefurniture.com\/da\/produkt\/scope-stol\/","title":{"rendered":"SCOPE Stol"},"content":{"rendered":"<p><strong>Komfortabel og kompakt<\/strong><br \/>\nMed sin lille, komfortable og kompakte form er SCOPE et udtryk for en moderne og afslappet tilgang til design. Komforten og kvaliteten er i top, og linjerne er klassiske og tidl\u00f8se. Perfekt til storbylivet, hvor pladsen kan v\u00e6re begr\u00e6nset.<\/p>\n","protected":false},"excerpt":{"rendered":"<p>Komfortabel og kompakt Med sin lille, komfortable og kompakte form er SCOPE et udtryk for en moderne og afslappet tilgang til design. Komforten og kvaliteten er i top, og linjerne er klassiske og tidl\u00f8se. Perfekt til storbylivet, hvor pladsen kan v\u00e6re begr\u00e6nset.<\/p>\n","protected":false},"featured_media":42936,"comment_status":"closed","ping_status":"closed","template":"","meta":{"_acf_changed":false},"product_brand":[48665],"product_cat":[246],"product_tag":[],"class_list":{"0":"post-32056","1":"product","2":"type-product","3":"status-publish","4":"has-post-thumbnail","6":"product_brand-scope","7":"product_cat-lounge-stole","8":"pa_covers-rensning-betraek-med-symbolet-p-kan-renses-ekstra-betraek-kan-koebes-hvis-du-oensker-en-ny-farve-eller-et-nyt-stof","10":"first","11":"instock","12":"shipping-taxable","13":"purchasable","14":"product-type-variable"},"acf":[],"_links":{"self":[{"href":"https:\/\/softlinefurniture.com\/da\/wp-json\/wp\/v2\/product\/32056","targetHints":{"allow":["GET"]}}],"collection":[{"href":"https:\/\/softlinefurniture.com\/da\/wp-json\/wp\/v2\/product"}],"about":[{"href":"https:\/\/softlinefurniture.com\/da\/wp-json\/wp\/v2\/types\/product"}],"replies":[{"embeddable":true,"href":"https:\/\/softlinefurniture.com\/da\/wp-json\/wp\/v2\/comments?post=32056"}],"version-history":[{"count":0,"href":"https:\/\/softlinefurniture.com\/da\/wp-json\/wp\/v2\/product\/32056\/revisions"}],"wp:featuredmedia":[{"embeddable":true,"href":"https:\/\/softlinefurniture.com\/da\/wp-json\/wp\/v2\/media\/42936"}],"wp:attachment":[{"href":"https:\/\/softlinefurniture.com\/da\/wp-json\/wp\/v2\/media?parent=32056"}],"wp:term":[{"taxonomy":"product_brand","embeddable":true,"href":"https:\/\/softlinefurniture.com\/da\/wp-json\/wp\/v2\/product_brand?post=32056"},{"taxonomy":"product_cat","embeddable":true,"href":"https:\/\/softlinefurniture.com\/da\/wp-json\/wp\/v2\/product_cat?post=32056"},{"taxonomy":"product_tag","embeddable":true,"href":"https:\/\/softlinefurniture.com\/da\/wp-json\/wp\/v2\/product_tag?post=32056"}],"curies":[{"name":"wp","href":"https:\/\/api.w.org\/{rel}","templated":true}]}}