{"id":32083,"date":"2020-06-15T01:11:55","date_gmt":"2020-06-14T23:11:55","guid":{"rendered":"https:\/\/softlinefurniture.com\/product\/silver-stol\/"},"modified":"2026-03-09T09:11:32","modified_gmt":"2026-03-09T08:11:32","slug":"silver-stol","status":"publish","type":"product","link":"https:\/\/softlinefurniture.com\/da\/produkt\/silver-stol\/","title":{"rendered":"SILVER Stol"},"content":{"rendered":"<p><strong>Hyggelig, minimalistisk elegance<\/strong><br \/>\nMed SILVER er det muligt at skabe et intimt siddeomr\u00e5de \u2013 b\u00e5de i private hjem og i det offentlige rum. Som en ekstra detalje kan SILVER nemt laves om til en g\u00e6steseng. V\u00e6lg mellem stol og sofa i et utal af farver og stoffer. Rammen f\u00e5s i sortlakeret st\u00e5l, hvid eller h\u00f8jglans forkromet st\u00e5l.<\/p>\n","protected":false},"excerpt":{"rendered":"<p>Hyggelig, minimalistisk elegance Med SILVER er det muligt at skabe et intimt siddeomr\u00e5de \u2013 b\u00e5de i private hjem og i det offentlige rum. Som en ekstra detalje kan SILVER nemt laves om til en g\u00e6steseng. V\u00e6lg mellem stol og sofa i et utal af farver og stoffer. Rammen f\u00e5s i sortlakeret st\u00e5l, hvid eller h\u00f8jglans [&hellip;]<\/p>\n","protected":false},"featured_media":45452,"comment_status":"closed","ping_status":"closed","template":"","meta":{"_acf_changed":false},"product_brand":[48681],"product_cat":[245,6209],"product_tag":[6206],"class_list":{"0":"post-32083","1":"product","2":"type-product","3":"status-publish","4":"has-post-thumbnail","6":"product_brand-silver","7":"product_cat-stole","8":"product_cat-stole-med-enkeltseng","9":"product_tag-functional-da","10":"pa_covers-rensning-betraek-med-symbolet-p-kan-renses-ekstra-betraek-kan-koebes-hvis-du-oensker-en-ny-farve-eller-et-nyt-stof","12":"first","13":"instock","14":"shipping-taxable","15":"purchasable","16":"product-type-variable"},"acf":[],"_links":{"self":[{"href":"https:\/\/softlinefurniture.com\/da\/wp-json\/wp\/v2\/product\/32083","targetHints":{"allow":["GET"]}}],"collection":[{"href":"https:\/\/softlinefurniture.com\/da\/wp-json\/wp\/v2\/product"}],"about":[{"href":"https:\/\/softlinefurniture.com\/da\/wp-json\/wp\/v2\/types\/product"}],"replies":[{"embeddable":true,"href":"https:\/\/softlinefurniture.com\/da\/wp-json\/wp\/v2\/comments?post=32083"}],"version-history":[{"count":0,"href":"https:\/\/softlinefurniture.com\/da\/wp-json\/wp\/v2\/product\/32083\/revisions"}],"wp:featuredmedia":[{"embeddable":true,"href":"https:\/\/softlinefurniture.com\/da\/wp-json\/wp\/v2\/media\/45452"}],"wp:attachment":[{"href":"https:\/\/softlinefurniture.com\/da\/wp-json\/wp\/v2\/media?parent=32083"}],"wp:term":[{"taxonomy":"product_brand","embeddable":true,"href":"https:\/\/softlinefurniture.com\/da\/wp-json\/wp\/v2\/product_brand?post=32083"},{"taxonomy":"product_cat","embeddable":true,"href":"https:\/\/softlinefurniture.com\/da\/wp-json\/wp\/v2\/product_cat?post=32083"},{"taxonomy":"product_tag","embeddable":true,"href":"https:\/\/softlinefurniture.com\/da\/wp-json\/wp\/v2\/product_tag?post=32083"}],"curies":[{"name":"wp","href":"https:\/\/api.w.org\/{rel}","templated":true}]}}