{"id":32103,"date":"2020-06-08T23:27:51","date_gmt":"2020-06-08T21:27:51","guid":{"rendered":"https:\/\/softlinefurniture.com\/product\/sleep-sovesofa\/"},"modified":"2026-03-26T10:41:40","modified_gmt":"2026-03-26T09:41:40","slug":"sleep-sovesofa","status":"publish","type":"product","link":"https:\/\/softlinefurniture.com\/da\/produkt\/sleep-sovesofa\/","title":{"rendered":"SLEEP Sovesofa"},"content":{"rendered":"<p><strong>Funktionel designersofa<br \/>\n<\/strong>SLEEP er en yderst popul\u00e6r model, der fungerer som b\u00e5de sofa og enkelt-\/dobbeltseng og har et rygl\u00e6n, der kan placeres, s\u00e5 det passer lige til dig. Med et skarpt fokus p\u00e5 komfort og multifunktionalitet er designerne lykkedes med at skabe et formfuldendt og tidl\u00f8st design og en sovesofa, der er b\u00e5de helt genial og helt enkel. Designet i 1999 af Busk+Hertzog og allerede en moderne designklassiker.<\/p>\n<p>&nbsp;<\/p>\n","protected":false},"excerpt":{"rendered":"<p>&nbsp;<\/p>\n<p>&nbsp;<\/p>\n","protected":false},"featured_media":89595,"comment_status":"closed","ping_status":"closed","template":"","meta":{"_acf_changed":false},"product_brand":[48693],"product_cat":[6213,250],"product_tag":[6206,34674],"class_list":{"0":"post-32103","1":"product","2":"type-product","3":"status-publish","4":"has-post-thumbnail","6":"product_brand-sleep","7":"product_cat-kollektioner","8":"product_cat-sovesofaer","9":"product_tag-functional-da","10":"product_tag-sofa-da","11":"pa_covers-rensning-betraek-med-symbolet-p-kan-renses-ekstra-betraek-kan-koebes-hvis-du-oensker-en-ny-farve-eller-et-nyt-stof","13":"first","14":"instock","15":"shipping-taxable","16":"purchasable","17":"product-type-variable"},"acf":[],"_links":{"self":[{"href":"https:\/\/softlinefurniture.com\/da\/wp-json\/wp\/v2\/product\/32103","targetHints":{"allow":["GET"]}}],"collection":[{"href":"https:\/\/softlinefurniture.com\/da\/wp-json\/wp\/v2\/product"}],"about":[{"href":"https:\/\/softlinefurniture.com\/da\/wp-json\/wp\/v2\/types\/product"}],"replies":[{"embeddable":true,"href":"https:\/\/softlinefurniture.com\/da\/wp-json\/wp\/v2\/comments?post=32103"}],"version-history":[{"count":0,"href":"https:\/\/softlinefurniture.com\/da\/wp-json\/wp\/v2\/product\/32103\/revisions"}],"wp:featuredmedia":[{"embeddable":true,"href":"https:\/\/softlinefurniture.com\/da\/wp-json\/wp\/v2\/media\/89595"}],"wp:attachment":[{"href":"https:\/\/softlinefurniture.com\/da\/wp-json\/wp\/v2\/media?parent=32103"}],"wp:term":[{"taxonomy":"product_brand","embeddable":true,"href":"https:\/\/softlinefurniture.com\/da\/wp-json\/wp\/v2\/product_brand?post=32103"},{"taxonomy":"product_cat","embeddable":true,"href":"https:\/\/softlinefurniture.com\/da\/wp-json\/wp\/v2\/product_cat?post=32103"},{"taxonomy":"product_tag","embeddable":true,"href":"https:\/\/softlinefurniture.com\/da\/wp-json\/wp\/v2\/product_tag?post=32103"}],"curies":[{"name":"wp","href":"https:\/\/api.w.org\/{rel}","templated":true}]}}