{"id":32116,"date":"2020-06-06T09:17:27","date_gmt":"2020-06-06T07:17:27","guid":{"rendered":"https:\/\/softlinefurniture.com\/product\/standby-stol-lav\/"},"modified":"2026-03-09T09:43:10","modified_gmt":"2026-03-09T08:43:10","slug":"standby-stol-lav","status":"publish","type":"product","link":"https:\/\/softlinefurniture.com\/da\/produkt\/standby-stol-lav\/","title":{"rendered":"STANDBY Stol Lav"},"content":{"rendered":"<p><strong>Tilpasser sig situationen<\/strong><br \/>\nSTANDBY-stolen er perfekt at sidde i, n\u00e5r du venter, arbejder, planl\u00e6gger eller slapper af. Kollektionens stole har forskellige rygh\u00f8jder designet med henblik p\u00e5, hvor lang tid, der skal siddes i dem. Det integrerede sidebord g\u00f8r stolen perfekt til alle typer rum, private som offentlige.<\/p>\n","protected":false},"excerpt":{"rendered":"<p>Tilpasser sig situationen STANDBY-stolen er perfekt at sidde i, n\u00e5r du venter, arbejder, planl\u00e6gger eller slapper af. Kollektionens stole har forskellige rygh\u00f8jder designet med henblik p\u00e5, hvor lang tid, der skal siddes i dem. Det integrerede sidebord g\u00f8r stolen perfekt til alle typer rum, private som offentlige.<\/p>\n","protected":false},"featured_media":43021,"comment_status":"closed","ping_status":"closed","template":"","meta":{"_acf_changed":false},"product_brand":[48705],"product_cat":[246],"product_tag":[],"class_list":{"0":"post-32116","1":"product","2":"type-product","3":"status-publish","4":"has-post-thumbnail","6":"product_brand-standby","7":"product_cat-lounge-stole","8":"pa_covers-rensning-betraek-med-symbolet-p-kan-renses-ekstra-betraek-kan-koebes-hvis-du-oensker-en-ny-farve-eller-et-nyt-stof","10":"first","11":"instock","12":"shipping-taxable","13":"purchasable","14":"product-type-variable"},"acf":[],"_links":{"self":[{"href":"https:\/\/softlinefurniture.com\/da\/wp-json\/wp\/v2\/product\/32116","targetHints":{"allow":["GET"]}}],"collection":[{"href":"https:\/\/softlinefurniture.com\/da\/wp-json\/wp\/v2\/product"}],"about":[{"href":"https:\/\/softlinefurniture.com\/da\/wp-json\/wp\/v2\/types\/product"}],"replies":[{"embeddable":true,"href":"https:\/\/softlinefurniture.com\/da\/wp-json\/wp\/v2\/comments?post=32116"}],"version-history":[{"count":0,"href":"https:\/\/softlinefurniture.com\/da\/wp-json\/wp\/v2\/product\/32116\/revisions"}],"wp:featuredmedia":[{"embeddable":true,"href":"https:\/\/softlinefurniture.com\/da\/wp-json\/wp\/v2\/media\/43021"}],"wp:attachment":[{"href":"https:\/\/softlinefurniture.com\/da\/wp-json\/wp\/v2\/media?parent=32116"}],"wp:term":[{"taxonomy":"product_brand","embeddable":true,"href":"https:\/\/softlinefurniture.com\/da\/wp-json\/wp\/v2\/product_brand?post=32116"},{"taxonomy":"product_cat","embeddable":true,"href":"https:\/\/softlinefurniture.com\/da\/wp-json\/wp\/v2\/product_cat?post=32116"},{"taxonomy":"product_tag","embeddable":true,"href":"https:\/\/softlinefurniture.com\/da\/wp-json\/wp\/v2\/product_tag?post=32116"}],"curies":[{"name":"wp","href":"https:\/\/api.w.org\/{rel}","templated":true}]}}