{"id":32154,"date":"2020-06-11T01:02:43","date_gmt":"2020-06-10T23:02:43","guid":{"rendered":"https:\/\/softlinefurniture.com\/product\/tray-bord\/"},"modified":"2026-03-09T09:25:52","modified_gmt":"2026-03-09T08:25:52","slug":"tray-bord","status":"publish","type":"product","link":"https:\/\/softlinefurniture.com\/da\/produkt\/tray-bord\/","title":{"rendered":"TRAY Bord"},"content":{"rendered":"<p><strong>Arkitektonisk blikfang<\/strong><br \/>\nTRAY er et bord, hvor bordpladen fungerer som bakke til hverdagens ting og sager. Bordet f\u00e5s i to forskellige h\u00f8jder og kan arrangeres, s\u00e5 de overlapper hinanden. Et arkitektonisk og moderne blikfang i boligen. Benene f\u00e5s i ask natur eller ask sortbejdset og bordpladen er hvid.<\/p>\n","protected":false},"excerpt":{"rendered":"<p>Arkitektonisk blikfang TRAY er et bord, hvor bordpladen fungerer som bakke til hverdagens ting og sager. Bordet f\u00e5s i to forskellige h\u00f8jder og kan arrangeres, s\u00e5 de overlapper hinanden. Et arkitektonisk og moderne blikfang i boligen. Benene f\u00e5s i ask natur eller ask sortbejdset og bordpladen er hvid.<\/p>\n","protected":false},"featured_media":43066,"comment_status":"closed","ping_status":"closed","template":"","meta":{"_acf_changed":false},"product_brand":[48721],"product_cat":[6214,6213],"product_tag":[],"class_list":{"0":"post-32154","1":"product","2":"type-product","3":"status-publish","4":"has-post-thumbnail","6":"product_brand-tray","7":"product_cat-borde","8":"product_cat-kollektioner","10":"first","11":"instock","12":"shipping-taxable","13":"purchasable","14":"product-type-variable"},"acf":[],"_links":{"self":[{"href":"https:\/\/softlinefurniture.com\/da\/wp-json\/wp\/v2\/product\/32154","targetHints":{"allow":["GET"]}}],"collection":[{"href":"https:\/\/softlinefurniture.com\/da\/wp-json\/wp\/v2\/product"}],"about":[{"href":"https:\/\/softlinefurniture.com\/da\/wp-json\/wp\/v2\/types\/product"}],"replies":[{"embeddable":true,"href":"https:\/\/softlinefurniture.com\/da\/wp-json\/wp\/v2\/comments?post=32154"}],"version-history":[{"count":0,"href":"https:\/\/softlinefurniture.com\/da\/wp-json\/wp\/v2\/product\/32154\/revisions"}],"wp:featuredmedia":[{"embeddable":true,"href":"https:\/\/softlinefurniture.com\/da\/wp-json\/wp\/v2\/media\/43066"}],"wp:attachment":[{"href":"https:\/\/softlinefurniture.com\/da\/wp-json\/wp\/v2\/media?parent=32154"}],"wp:term":[{"taxonomy":"product_brand","embeddable":true,"href":"https:\/\/softlinefurniture.com\/da\/wp-json\/wp\/v2\/product_brand?post=32154"},{"taxonomy":"product_cat","embeddable":true,"href":"https:\/\/softlinefurniture.com\/da\/wp-json\/wp\/v2\/product_cat?post=32154"},{"taxonomy":"product_tag","embeddable":true,"href":"https:\/\/softlinefurniture.com\/da\/wp-json\/wp\/v2\/product_tag?post=32154"}],"curies":[{"name":"wp","href":"https:\/\/api.w.org\/{rel}","templated":true}]}}