{"id":32175,"date":"2020-06-08T19:28:49","date_gmt":"2020-06-08T17:28:49","guid":{"rendered":"https:\/\/softlinefurniture.com\/product\/unit-puf\/"},"modified":"2026-03-09T09:32:54","modified_gmt":"2026-03-09T08:32:54","slug":"unit-puf","status":"publish","type":"product","link":"https:\/\/softlinefurniture.com\/da\/produkt\/unit-puf\/","title":{"rendered":"UNIT Puf"},"content":{"rendered":"<p><strong>Skab forandring<\/strong><\/p>\n<p>UNIT er en puf med et st\u00e6rkt grafisk udtryk og en legende personlighed. Puffen best\u00e5r af otte identiske sider, der er sammensat p\u00e5 en s\u00e5dan m\u00e5de, at man kan skabe en uendelig variation af m\u00f8nstre, blot ved at flytte pufferne i forhold til hinanden \u2013 kun fantasien s\u00e6tter gr\u00e6nser. UNIT-puffen er et sp\u00e6ndende bud p\u00e5 et m\u00f8bel, der kan omorganiseres og udfylde nye funktioner i et foranderligt milj\u00f8.<\/p>\n","protected":false},"excerpt":{"rendered":"<p>Skab forandring UNIT er en puf med et st\u00e6rkt grafisk udtryk og en legende personlighed. Puffen best\u00e5r af otte identiske sider, der er sammensat p\u00e5 en s\u00e5dan m\u00e5de, at man kan skabe en uendelig variation af m\u00f8nstre, blot ved at flytte pufferne i forhold til hinanden \u2013 kun fantasien s\u00e6tter gr\u00e6nser. UNIT-puffen er et sp\u00e6ndende [&hellip;]<\/p>\n","protected":false},"featured_media":43076,"comment_status":"closed","ping_status":"closed","template":"","meta":{"_acf_changed":false},"product_brand":[48733],"product_cat":[6210,6213,244],"product_tag":[],"class_list":{"0":"post-32175","1":"product","2":"type-product","3":"status-publish","4":"has-post-thumbnail","6":"product_brand-unit","7":"product_cat-boernemoebler","8":"product_cat-kollektioner","9":"product_cat-puffer-skamler","10":"pa_covers-aftageligt-betraek-rensning-betraek-med-symbolet-p-kan-renses-ekstra-betraek-kan-koebes-hvis-du-oensker-en-ny-farve-eller-et-nyt-stof","12":"first","13":"instock","14":"shipping-taxable","15":"purchasable","16":"product-type-variable"},"acf":[],"_links":{"self":[{"href":"https:\/\/softlinefurniture.com\/da\/wp-json\/wp\/v2\/product\/32175","targetHints":{"allow":["GET"]}}],"collection":[{"href":"https:\/\/softlinefurniture.com\/da\/wp-json\/wp\/v2\/product"}],"about":[{"href":"https:\/\/softlinefurniture.com\/da\/wp-json\/wp\/v2\/types\/product"}],"replies":[{"embeddable":true,"href":"https:\/\/softlinefurniture.com\/da\/wp-json\/wp\/v2\/comments?post=32175"}],"version-history":[{"count":0,"href":"https:\/\/softlinefurniture.com\/da\/wp-json\/wp\/v2\/product\/32175\/revisions"}],"wp:featuredmedia":[{"embeddable":true,"href":"https:\/\/softlinefurniture.com\/da\/wp-json\/wp\/v2\/media\/43076"}],"wp:attachment":[{"href":"https:\/\/softlinefurniture.com\/da\/wp-json\/wp\/v2\/media?parent=32175"}],"wp:term":[{"taxonomy":"product_brand","embeddable":true,"href":"https:\/\/softlinefurniture.com\/da\/wp-json\/wp\/v2\/product_brand?post=32175"},{"taxonomy":"product_cat","embeddable":true,"href":"https:\/\/softlinefurniture.com\/da\/wp-json\/wp\/v2\/product_cat?post=32175"},{"taxonomy":"product_tag","embeddable":true,"href":"https:\/\/softlinefurniture.com\/da\/wp-json\/wp\/v2\/product_tag?post=32175"}],"curies":[{"name":"wp","href":"https:\/\/api.w.org\/{rel}","templated":true}]}}