{"id":32181,"date":"2020-06-04T10:47:46","date_gmt":"2020-06-04T08:47:46","guid":{"rendered":"https:\/\/softlinefurniture.com\/product\/venice-stol\/"},"modified":"2026-03-09T09:46:08","modified_gmt":"2026-03-09T08:46:08","slug":"venice-stol","status":"publish","type":"product","link":"https:\/\/softlinefurniture.com\/da\/produkt\/venice-stol\/","title":{"rendered":"VENICE Stol"},"content":{"rendered":"<p><strong>Polstret komfort<\/strong><br \/>\nEn anvendelig fuldpolstret loungestol i et komfortabelt og indbydende design, der b\u00e5de fungerer i private hjem og i offentlige rum. Arml\u00e6net er integreret med rygl\u00e6net, og med det ovale s\u00e6de giver det et helst\u00f8bt design, som med det rigtige stofvalg passer i b\u00e5de et eksisterende og et nyt m\u00f8blement.<\/p>\n","protected":false},"excerpt":{"rendered":"<p>Polstret komfort En anvendelig fuldpolstret loungestol i et komfortabelt og indbydende design, der b\u00e5de fungerer i private hjem og i offentlige rum. Arml\u00e6net er integreret med rygl\u00e6net, og med det ovale s\u00e6de giver det et helst\u00f8bt design, som med det rigtige stofvalg passer i b\u00e5de et eksisterende og et nyt m\u00f8blement.<\/p>\n","protected":false},"featured_media":81689,"comment_status":"closed","ping_status":"closed","template":"","meta":{"_acf_changed":false},"product_brand":[48737],"product_cat":[6213,246],"product_tag":[],"class_list":{"0":"post-32181","1":"product","2":"type-product","3":"status-publish","4":"has-post-thumbnail","6":"product_brand-venice","7":"product_cat-kollektioner","8":"product_cat-lounge-stole","9":"pa_covers-aftageligt-betraek-rensning-betraek-med-symbolet-p-kan-renses-ekstra-betraek-kan-koebes-hvis-du-oensker-en-ny-farve-eller-et-nyt-stof","11":"first","12":"instock","13":"shipping-taxable","14":"purchasable","15":"product-type-variable"},"acf":[],"_links":{"self":[{"href":"https:\/\/softlinefurniture.com\/da\/wp-json\/wp\/v2\/product\/32181","targetHints":{"allow":["GET"]}}],"collection":[{"href":"https:\/\/softlinefurniture.com\/da\/wp-json\/wp\/v2\/product"}],"about":[{"href":"https:\/\/softlinefurniture.com\/da\/wp-json\/wp\/v2\/types\/product"}],"replies":[{"embeddable":true,"href":"https:\/\/softlinefurniture.com\/da\/wp-json\/wp\/v2\/comments?post=32181"}],"version-history":[{"count":0,"href":"https:\/\/softlinefurniture.com\/da\/wp-json\/wp\/v2\/product\/32181\/revisions"}],"wp:featuredmedia":[{"embeddable":true,"href":"https:\/\/softlinefurniture.com\/da\/wp-json\/wp\/v2\/media\/81689"}],"wp:attachment":[{"href":"https:\/\/softlinefurniture.com\/da\/wp-json\/wp\/v2\/media?parent=32181"}],"wp:term":[{"taxonomy":"product_brand","embeddable":true,"href":"https:\/\/softlinefurniture.com\/da\/wp-json\/wp\/v2\/product_brand?post=32181"},{"taxonomy":"product_cat","embeddable":true,"href":"https:\/\/softlinefurniture.com\/da\/wp-json\/wp\/v2\/product_cat?post=32181"},{"taxonomy":"product_tag","embeddable":true,"href":"https:\/\/softlinefurniture.com\/da\/wp-json\/wp\/v2\/product_tag?post=32181"}],"curies":[{"name":"wp","href":"https:\/\/api.w.org\/{rel}","templated":true}]}}