{"id":32193,"date":"2020-06-08T02:29:51","date_gmt":"2020-06-08T00:29:51","guid":{"rendered":"https:\/\/softlinefurniture.com\/product\/vera-stol\/"},"modified":"2026-03-20T10:30:39","modified_gmt":"2026-03-20T09:30:39","slug":"vera-swivel-lounge-stol","status":"publish","type":"product","link":"https:\/\/softlinefurniture.com\/da\/produkt\/vera-swivel-lounge-stol\/","title":{"rendered":"VERA Swivel Loungestol"},"content":{"rendered":"<p><strong>Sv\u00e6ver i rummet<\/strong><\/p>\n<p>Med en bl\u00f8d og rund form defineret mellem fire linjer er VERA en indbydende og i\u00f8jefaldende loungestol. Sidde- og rygfladen er visuelt opdelt i seks karakteristiske felter, der skaber en smuk kontrast til den runde og organiske flade, som udg\u00f8r stolens yderside. Et elegant drejestel giver stolen et let udtryk til trods for s\u00e6dets gener\u00f8se og komfortable st\u00f8rrelse. Alt efter stof- og farvevalg kan VERA bruges i indretningen som fokus eller som en mere afd\u00e6mpet medspiller i rummet sammen med andre m\u00f8bler.<\/p>\n<p>Vinder af Good Design Award 2018<\/p>\n","protected":false},"excerpt":{"rendered":"<p>Sv\u00e6ver i rummet Med en bl\u00f8d og rund form defineret mellem fire linjer er VERA en indbydende og i\u00f8jefaldende loungestol. Sidde- og rygfladen er visuelt opdelt i seks karakteristiske felter, der skaber en smuk kontrast til den runde og organiske flade, som udg\u00f8r stolens yderside. Et elegant drejestel giver stolen et let udtryk til trods [&hellip;]<\/p>\n","protected":false},"featured_media":12249,"comment_status":"closed","ping_status":"closed","template":"","meta":{"_acf_changed":false},"product_brand":[48745],"product_cat":[47947,6213,246],"product_tag":[],"class_list":{"0":"post-32193","1":"product","2":"type-product","3":"status-publish","4":"has-post-thumbnail","6":"product_brand-vera","7":"product_cat-drejestole","8":"product_cat-kollektioner","9":"product_cat-lounge-stole","10":"pa_covers-aftageligt-betraek-rensning-betraek-med-symbolet-p-kan-renses-ekstra-betraek-kan-koebes-hvis-du-oensker-en-ny-farve-eller-et-nyt-stof","12":"first","13":"instock","14":"shipping-taxable","15":"purchasable","16":"product-type-variable"},"acf":[],"_links":{"self":[{"href":"https:\/\/softlinefurniture.com\/da\/wp-json\/wp\/v2\/product\/32193","targetHints":{"allow":["GET"]}}],"collection":[{"href":"https:\/\/softlinefurniture.com\/da\/wp-json\/wp\/v2\/product"}],"about":[{"href":"https:\/\/softlinefurniture.com\/da\/wp-json\/wp\/v2\/types\/product"}],"replies":[{"embeddable":true,"href":"https:\/\/softlinefurniture.com\/da\/wp-json\/wp\/v2\/comments?post=32193"}],"version-history":[{"count":0,"href":"https:\/\/softlinefurniture.com\/da\/wp-json\/wp\/v2\/product\/32193\/revisions"}],"wp:featuredmedia":[{"embeddable":true,"href":"https:\/\/softlinefurniture.com\/da\/wp-json\/wp\/v2\/media\/12249"}],"wp:attachment":[{"href":"https:\/\/softlinefurniture.com\/da\/wp-json\/wp\/v2\/media?parent=32193"}],"wp:term":[{"taxonomy":"product_brand","embeddable":true,"href":"https:\/\/softlinefurniture.com\/da\/wp-json\/wp\/v2\/product_brand?post=32193"},{"taxonomy":"product_cat","embeddable":true,"href":"https:\/\/softlinefurniture.com\/da\/wp-json\/wp\/v2\/product_cat?post=32193"},{"taxonomy":"product_tag","embeddable":true,"href":"https:\/\/softlinefurniture.com\/da\/wp-json\/wp\/v2\/product_tag?post=32193"}],"curies":[{"name":"wp","href":"https:\/\/api.w.org\/{rel}","templated":true}]}}