{"id":38076,"date":"2021-01-14T21:01:59","date_gmt":"2021-01-14T20:01:59","guid":{"rendered":"https:\/\/softlinefurniture.com\/?post_type=product&#038;p=38076"},"modified":"2026-03-09T08:54:26","modified_gmt":"2026-03-09T07:54:26","slug":"xo-fix-bord","status":"publish","type":"product","link":"https:\/\/softlinefurniture.com\/da\/produkt\/xo-fix-bord\/","title":{"rendered":"XO Fix Bord"},"content":{"rendered":"<p><strong>En uundv\u00e6rlig makker<\/strong><\/p>\n<p>XO-bordene er lette og elegante. V\u00e6lg mellem XO med en fast h\u00f8jde eller versionen, der kan justeres og tilpasses dine behov. Den asymmetriske placering af bordets ben g\u00f8r det muligt at placere det ind over siddefladen p\u00e5 n\u00e6sten enhver t\u00e6nkelig sofa eller stol. Bordpladernes udformning er designet til at im\u00f8dekomme forskellige brugerscenarier afh\u00e6ngig af, om det skal bruges som sidebord eller som arbejdsbord til en iPad eller lap top. P\u00e5 den justerbare version af bordet kan h\u00f8jden \u00e6ndres i et enkelt greb.<\/p>\n","protected":false},"excerpt":{"rendered":"<p>En uundv\u00e6rlig makker XO-bordene er lette og elegante. V\u00e6lg mellem XO med en fast h\u00f8jde eller versionen, der kan justeres og tilpasses dine behov. Den asymmetriske placering af bordets ben g\u00f8r det muligt at placere det ind over siddefladen p\u00e5 n\u00e6sten enhver t\u00e6nkelig sofa eller stol. Bordpladernes udformning er designet til at im\u00f8dekomme forskellige brugerscenarier [&hellip;]<\/p>\n","protected":false},"featured_media":43103,"comment_status":"closed","ping_status":"closed","template":"","meta":{"_acf_changed":false},"product_brand":[48761],"product_cat":[6214,6213],"product_tag":[],"class_list":{"0":"post-38076","1":"product","2":"type-product","3":"status-publish","4":"has-post-thumbnail","6":"product_brand-xo-fix","7":"product_cat-borde","8":"product_cat-kollektioner","10":"first","11":"instock","12":"shipping-taxable","13":"purchasable","14":"product-type-variable"},"acf":[],"_links":{"self":[{"href":"https:\/\/softlinefurniture.com\/da\/wp-json\/wp\/v2\/product\/38076","targetHints":{"allow":["GET"]}}],"collection":[{"href":"https:\/\/softlinefurniture.com\/da\/wp-json\/wp\/v2\/product"}],"about":[{"href":"https:\/\/softlinefurniture.com\/da\/wp-json\/wp\/v2\/types\/product"}],"replies":[{"embeddable":true,"href":"https:\/\/softlinefurniture.com\/da\/wp-json\/wp\/v2\/comments?post=38076"}],"version-history":[{"count":0,"href":"https:\/\/softlinefurniture.com\/da\/wp-json\/wp\/v2\/product\/38076\/revisions"}],"wp:featuredmedia":[{"embeddable":true,"href":"https:\/\/softlinefurniture.com\/da\/wp-json\/wp\/v2\/media\/43103"}],"wp:attachment":[{"href":"https:\/\/softlinefurniture.com\/da\/wp-json\/wp\/v2\/media?parent=38076"}],"wp:term":[{"taxonomy":"product_brand","embeddable":true,"href":"https:\/\/softlinefurniture.com\/da\/wp-json\/wp\/v2\/product_brand?post=38076"},{"taxonomy":"product_cat","embeddable":true,"href":"https:\/\/softlinefurniture.com\/da\/wp-json\/wp\/v2\/product_cat?post=38076"},{"taxonomy":"product_tag","embeddable":true,"href":"https:\/\/softlinefurniture.com\/da\/wp-json\/wp\/v2\/product_tag?post=38076"}],"curies":[{"name":"wp","href":"https:\/\/api.w.org\/{rel}","templated":true}]}}