{"id":61004,"date":"2021-09-21T12:10:32","date_gmt":"2021-09-21T10:10:32","guid":{"rendered":"https:\/\/softlinefurniture.com\/?post_type=product&#038;p=61004"},"modified":"2026-03-16T09:51:58","modified_gmt":"2026-03-16T08:51:58","slug":"noa-enkelt-element","status":"publish","type":"product","link":"https:\/\/softlinefurniture.com\/da\/produkt\/noa-enkelt-element\/","title":{"rendered":"NOA Enkeltelement"},"content":{"rendered":"<p><strong>Moderne moduler<\/strong><br \/>\nMed sit simple modulsystem passer NOA til alle typer loungeomr\u00e5der. Til forskel fra typiske modulsystemer er NOA designet i enkle linjer med l\u00e6kre detaljer. NOA kan tilpasses din personlige stil med en lang r\u00e6kke klassiske og moderne materialer.<\/p>\n","protected":false},"excerpt":{"rendered":"<p>Moderne moduler Med sit simple modulsystem passer NOA til alle typer loungeomr\u00e5der. Til forskel fra typiske modulsystemer er NOA designet i enkle linjer med l\u00e6kre detaljer. NOA kan tilpasses din personlige stil med en lang r\u00e6kke klassiske og moderne materialer.<\/p>\n","protected":false},"featured_media":42736,"comment_status":"closed","ping_status":"closed","template":"","meta":{"_acf_changed":false},"product_brand":[48581],"product_cat":[246,249,245],"product_tag":[],"class_list":{"0":"post-61004","1":"product","2":"type-product","3":"status-publish","4":"has-post-thumbnail","6":"product_brand-noa","7":"product_cat-lounge-stole","8":"product_cat-modulsofaer","9":"product_cat-stole","10":"pa_covers-rensning-betraek-med-symbolet-p-kan-renses-ekstra-betraek-kan-koebes-hvis-du-oensker-en-ny-farve-eller-et-nyt-stof","12":"first","13":"instock","14":"shipping-taxable","15":"purchasable","16":"product-type-variable"},"acf":[],"_links":{"self":[{"href":"https:\/\/softlinefurniture.com\/da\/wp-json\/wp\/v2\/product\/61004","targetHints":{"allow":["GET"]}}],"collection":[{"href":"https:\/\/softlinefurniture.com\/da\/wp-json\/wp\/v2\/product"}],"about":[{"href":"https:\/\/softlinefurniture.com\/da\/wp-json\/wp\/v2\/types\/product"}],"replies":[{"embeddable":true,"href":"https:\/\/softlinefurniture.com\/da\/wp-json\/wp\/v2\/comments?post=61004"}],"version-history":[{"count":0,"href":"https:\/\/softlinefurniture.com\/da\/wp-json\/wp\/v2\/product\/61004\/revisions"}],"wp:featuredmedia":[{"embeddable":true,"href":"https:\/\/softlinefurniture.com\/da\/wp-json\/wp\/v2\/media\/42736"}],"wp:attachment":[{"href":"https:\/\/softlinefurniture.com\/da\/wp-json\/wp\/v2\/media?parent=61004"}],"wp:term":[{"taxonomy":"product_brand","embeddable":true,"href":"https:\/\/softlinefurniture.com\/da\/wp-json\/wp\/v2\/product_brand?post=61004"},{"taxonomy":"product_cat","embeddable":true,"href":"https:\/\/softlinefurniture.com\/da\/wp-json\/wp\/v2\/product_cat?post=61004"},{"taxonomy":"product_tag","embeddable":true,"href":"https:\/\/softlinefurniture.com\/da\/wp-json\/wp\/v2\/product_tag?post=61004"}],"curies":[{"name":"wp","href":"https:\/\/api.w.org\/{rel}","templated":true}]}}