{"id":94317,"date":"2022-06-03T10:20:35","date_gmt":"2022-06-03T08:20:35","guid":{"rendered":"https:\/\/softlinefurniture.com\/?post_type=product&#038;p=94317"},"modified":"2026-03-23T22:22:06","modified_gmt":"2026-03-23T21:22:06","slug":"dial-phone-booth","status":"publish","type":"product","link":"https:\/\/softlinefurniture.com\/da\/produkt\/dial-phone-booth\/","title":{"rendered":"DIAL Phone booth"},"content":{"rendered":"<p>DIAL er inspireret af en gammeldags telefonboks, og det innovative design opfylder et stadigt stigende behov for at v\u00e6re \u201cprivate in public\u201d. DIAL kan skabe det n\u00f8dvendige fysiske og mentale private rum i et offentligt milj\u00f8, s\u00e5 vi bedre kan slappe af og koncentrere os om det, der er vigtigt i \u00f8jeblikket \u00ad\u2013 det kan v\u00e6re et Skype-m\u00f8de med en kollega, FaceTime med k\u00e6resten eller blot behovet for at lukke \u00f8jnene et \u00f8jeblik og fokusere p\u00e5 den forest\u00e5ende arbejdsopgave, rejsen eller et vigtigt m\u00f8de. DIAL har en fuldpolstret yder- og inderside, der g\u00f8r den bl\u00f8d og indbydende, og alt efter stofvalg kan den tilpasses et hvilket som helst milj\u00f8 i det offentlige rum.<\/p>\n<p>Vinder af Green Good Design Award 2023<\/p>\n","protected":false},"excerpt":{"rendered":"<p>DIAL er inspireret af en gammeldags telefonboks, og det innovative design opfylder et stadigt stigende behov for at v\u00e6re \u201cprivate in public\u201d. DIAL kan skabe det n\u00f8dvendige fysiske og mentale private rum i et offentligt milj\u00f8, s\u00e5 vi bedre kan slappe af og koncentrere os om det, der er vigtigt i \u00f8jeblikket \u00ad\u2013 det kan [&hellip;]<\/p>\n","protected":false},"featured_media":94774,"comment_status":"closed","ping_status":"closed","template":"","meta":{"_acf_changed":false},"product_brand":[48331],"product_cat":[6213,31,47815],"product_tag":[],"class_list":{"0":"post-94317","1":"product","2":"type-product","3":"status-publish","4":"has-post-thumbnail","6":"product_brand-dial","7":"product_cat-kollektioner","8":"product_cat-nye-produkter","9":"product_cat-workspace","10":"pa_covers-rensning-betraek-med-symbolet-p-kan-renses-ekstra-betraek-kan-koebes-hvis-du-oensker-en-ny-farve-eller-et-nyt-stof","12":"first","13":"instock","14":"shipping-taxable","15":"purchasable","16":"product-type-variable"},"acf":[],"_links":{"self":[{"href":"https:\/\/softlinefurniture.com\/da\/wp-json\/wp\/v2\/product\/94317","targetHints":{"allow":["GET"]}}],"collection":[{"href":"https:\/\/softlinefurniture.com\/da\/wp-json\/wp\/v2\/product"}],"about":[{"href":"https:\/\/softlinefurniture.com\/da\/wp-json\/wp\/v2\/types\/product"}],"replies":[{"embeddable":true,"href":"https:\/\/softlinefurniture.com\/da\/wp-json\/wp\/v2\/comments?post=94317"}],"version-history":[{"count":0,"href":"https:\/\/softlinefurniture.com\/da\/wp-json\/wp\/v2\/product\/94317\/revisions"}],"wp:featuredmedia":[{"embeddable":true,"href":"https:\/\/softlinefurniture.com\/da\/wp-json\/wp\/v2\/media\/94774"}],"wp:attachment":[{"href":"https:\/\/softlinefurniture.com\/da\/wp-json\/wp\/v2\/media?parent=94317"}],"wp:term":[{"taxonomy":"product_brand","embeddable":true,"href":"https:\/\/softlinefurniture.com\/da\/wp-json\/wp\/v2\/product_brand?post=94317"},{"taxonomy":"product_cat","embeddable":true,"href":"https:\/\/softlinefurniture.com\/da\/wp-json\/wp\/v2\/product_cat?post=94317"},{"taxonomy":"product_tag","embeddable":true,"href":"https:\/\/softlinefurniture.com\/da\/wp-json\/wp\/v2\/product_tag?post=94317"}],"curies":[{"name":"wp","href":"https:\/\/api.w.org\/{rel}","templated":true}]}}