{"id":94364,"date":"2022-06-03T10:55:43","date_gmt":"2022-06-03T08:55:43","guid":{"rendered":"https:\/\/softlinefurniture.com\/?post_type=product&#038;p=94364"},"modified":"2026-03-09T12:49:34","modified_gmt":"2026-03-09T11:49:34","slug":"opera-vaeg","status":"publish","type":"product","link":"https:\/\/softlinefurniture.com\/da\/produkt\/opera-vaeg\/","title":{"rendered":"OPERA V\u00e6g"},"content":{"rendered":"<p>OPERA-serien, som allerede omfatter sofaer, l\u00e6nestole, pufs og et modulsystem i mange forskellige st\u00f8rrelser og varianter, bliver nu udvidet med en sk\u00e6rmv\u00e6g i det samme tidl\u00f8se, kompakte og internationale designsprog. Med tilf\u00f8jelsen af sk\u00e6rmv\u00e6ggen er det nu muligt at skabe sm\u00e5 omr\u00e5der, som er omkranset og afsk\u00e6rmet, s\u00e5 der opst\u00e5r et mere privat og afgr\u00e6nset rum, der kan danne rammen omkring arbejdsrelaterede m\u00f8der eller skabe den forn\u00f8dne intimitet og ro til at arbejde. Med sk\u00e6rmv\u00e6ggen opst\u00e5r der helt nye muligheder for, hvordan OPERA-serien kan sammens\u00e6ttes og anvendes i offentlige milj\u00f8er, da sk\u00e6rmene har en koblingsfri integration med OPERAs s\u00e6deelementer. P\u00e5 den m\u00e5de kan sk\u00e6rmv\u00e6ggene nemt tages frem og tilf\u00f8jes OPERA-milj\u00f8et, n\u00e5r der er behov for det \u2013 og pladseffektivt gemmes v\u00e6k, n\u00e5r sk\u00e6rmene ikke er i brug.<\/p>\n","protected":false},"excerpt":{"rendered":"<p>OPERA-serien, som allerede omfatter sofaer, l\u00e6nestole, pufs og et modulsystem i mange forskellige st\u00f8rrelser og varianter, bliver nu udvidet med en sk\u00e6rmv\u00e6g i det samme tidl\u00f8se, kompakte og internationale designsprog. Med tilf\u00f8jelsen af sk\u00e6rmv\u00e6ggen er det nu muligt at skabe sm\u00e5 omr\u00e5der, som er omkranset og afsk\u00e6rmet, s\u00e5 der opst\u00e5r et mere privat og afgr\u00e6nset [&hellip;]<\/p>\n","protected":false},"featured_media":94617,"comment_status":"closed","ping_status":"closed","template":"","meta":{"_acf_changed":false},"product_brand":[48613],"product_cat":[47815],"product_tag":[],"class_list":{"0":"post-94364","1":"product","2":"type-product","3":"status-publish","4":"has-post-thumbnail","6":"product_brand-opera","7":"product_cat-workspace","8":"pa_covers-rensning-betraek-med-symbolet-p-kan-renses-ekstra-betraek-kan-koebes-hvis-du-oensker-en-ny-farve-eller-et-nyt-stof","10":"first","11":"instock","12":"shipping-taxable","13":"purchasable","14":"product-type-variable"},"acf":[],"_links":{"self":[{"href":"https:\/\/softlinefurniture.com\/da\/wp-json\/wp\/v2\/product\/94364","targetHints":{"allow":["GET"]}}],"collection":[{"href":"https:\/\/softlinefurniture.com\/da\/wp-json\/wp\/v2\/product"}],"about":[{"href":"https:\/\/softlinefurniture.com\/da\/wp-json\/wp\/v2\/types\/product"}],"replies":[{"embeddable":true,"href":"https:\/\/softlinefurniture.com\/da\/wp-json\/wp\/v2\/comments?post=94364"}],"version-history":[{"count":0,"href":"https:\/\/softlinefurniture.com\/da\/wp-json\/wp\/v2\/product\/94364\/revisions"}],"wp:featuredmedia":[{"embeddable":true,"href":"https:\/\/softlinefurniture.com\/da\/wp-json\/wp\/v2\/media\/94617"}],"wp:attachment":[{"href":"https:\/\/softlinefurniture.com\/da\/wp-json\/wp\/v2\/media?parent=94364"}],"wp:term":[{"taxonomy":"product_brand","embeddable":true,"href":"https:\/\/softlinefurniture.com\/da\/wp-json\/wp\/v2\/product_brand?post=94364"},{"taxonomy":"product_cat","embeddable":true,"href":"https:\/\/softlinefurniture.com\/da\/wp-json\/wp\/v2\/product_cat?post=94364"},{"taxonomy":"product_tag","embeddable":true,"href":"https:\/\/softlinefurniture.com\/da\/wp-json\/wp\/v2\/product_tag?post=94364"}],"curies":[{"name":"wp","href":"https:\/\/api.w.org\/{rel}","templated":true}]}}