{"id":94444,"date":"2022-06-03T11:13:13","date_gmt":"2022-06-03T09:13:13","guid":{"rendered":"https:\/\/softlinefurniture.com\/?post_type=product&#038;p=94444"},"modified":"2026-03-09T08:49:58","modified_gmt":"2026-03-09T07:49:58","slug":"zenzo-sovesofa","status":"publish","type":"product","link":"https:\/\/softlinefurniture.com\/da\/produkt\/zenzo-sovesofa\/","title":{"rendered":"ZENZO Sovesofa"},"content":{"rendered":"<p>ZENZO er en enkel og minimalistisk sovesofa, der med sit rolige design i rene linjer inviterer til uforstyrret s\u00f8vn, afslapning og ro. Som sofa har den en god siddekomfort, n\u00e5r den er i brug i l\u00f8bet af dagen, og om natten giver den som sovesofa de optimale betingelser for en god og restituerende s\u00f8vn. ZENZO kan nemt og enkelt forvandles til en seng, og de to madrasser er forbundet, s\u00e5 der opst\u00e5r en ubrudt liggeflade i en god bredde passende til to personer. Det stilrene design falder perfekt ind i indretningen i alle boligens rum og passer stilm\u00e6ssigt i langt de fleste hjem. Stellet er udarbejdet i tr\u00e6 \u2013 elegant og nordisk \u2013 og betr\u00e6kket f\u00e5s i et utal af farver og materialer, s\u00e5 ZENZO kan skr\u00e6ddersys til den enkeltes behov, \u00f8nsker og stil.<\/p>\n","protected":false},"excerpt":{"rendered":"<p>ZENZO er en enkel og minimalistisk sovesofa, der med sit rolige design i rene linjer inviterer til uforstyrret s\u00f8vn, afslapning og ro. Som sofa har den en god siddekomfort, n\u00e5r den er i brug i l\u00f8bet af dagen, og om natten giver den som sovesofa de optimale betingelser for en god og restituerende s\u00f8vn. ZENZO [&hellip;]<\/p>\n","protected":false},"featured_media":94664,"comment_status":"closed","ping_status":"closed","template":"","meta":{"_acf_changed":false},"product_brand":[48765],"product_cat":[248,250],"product_tag":[6206,34674],"class_list":{"0":"post-94444","1":"product","2":"type-product","3":"status-publish","4":"has-post-thumbnail","6":"product_brand-zenzo","7":"product_cat-sofaer","8":"product_cat-sovesofaer","9":"product_tag-functional-da","10":"product_tag-sofa-da","11":"pa_covers-aftageligt-betraek-rensning-betraek-med-symbolet-p-kan-renses-ekstra-betraek-kan-koebes-hvis-du-oensker-en-ny-farve-eller-et-nyt-stof","13":"first","14":"instock","15":"shipping-taxable","16":"purchasable","17":"product-type-variable"},"acf":[],"_links":{"self":[{"href":"https:\/\/softlinefurniture.com\/da\/wp-json\/wp\/v2\/product\/94444","targetHints":{"allow":["GET"]}}],"collection":[{"href":"https:\/\/softlinefurniture.com\/da\/wp-json\/wp\/v2\/product"}],"about":[{"href":"https:\/\/softlinefurniture.com\/da\/wp-json\/wp\/v2\/types\/product"}],"replies":[{"embeddable":true,"href":"https:\/\/softlinefurniture.com\/da\/wp-json\/wp\/v2\/comments?post=94444"}],"version-history":[{"count":0,"href":"https:\/\/softlinefurniture.com\/da\/wp-json\/wp\/v2\/product\/94444\/revisions"}],"wp:featuredmedia":[{"embeddable":true,"href":"https:\/\/softlinefurniture.com\/da\/wp-json\/wp\/v2\/media\/94664"}],"wp:attachment":[{"href":"https:\/\/softlinefurniture.com\/da\/wp-json\/wp\/v2\/media?parent=94444"}],"wp:term":[{"taxonomy":"product_brand","embeddable":true,"href":"https:\/\/softlinefurniture.com\/da\/wp-json\/wp\/v2\/product_brand?post=94444"},{"taxonomy":"product_cat","embeddable":true,"href":"https:\/\/softlinefurniture.com\/da\/wp-json\/wp\/v2\/product_cat?post=94444"},{"taxonomy":"product_tag","embeddable":true,"href":"https:\/\/softlinefurniture.com\/da\/wp-json\/wp\/v2\/product_tag?post=94444"}],"curies":[{"name":"wp","href":"https:\/\/api.w.org\/{rel}","templated":true}]}}