{"id":18015,"date":"2020-04-26T17:04:38","date_gmt":"2020-04-26T15:04:38","guid":{"rendered":"https:\/\/softlinefurniture.com\/kontakte\/"},"modified":"2025-11-10T09:31:41","modified_gmt":"2025-11-10T08:31:41","slug":"kontakte","status":"publish","type":"page","link":"https:\/\/softlinefurniture.com\/de\/kontakte\/","title":{"rendered":"Kontakte"},"content":{"rendered":"\t\t<div data-elementor-type=\"wp-page\" data-elementor-id=\"18015\" class=\"elementor elementor-18015 elementor-55\" data-elementor-post-type=\"page\">\n\t\t\t\t\t\t<section data-particle_enable=\"false\" data-particle-mobile-disabled=\"false\" class=\"elementor-section elementor-top-section elementor-element elementor-element-76e5f227 elementor-section-boxed elementor-section-height-default elementor-section-height-default\" data-id=\"76e5f227\" data-element_type=\"section\" data-e-type=\"section\" data-settings=\"{&quot;animation_mobile&quot;:&quot;none&quot;}\">\n\t\t\t\t\t\t<div class=\"elementor-container elementor-column-gap-default\">\n\t\t\t\t\t<div class=\"elementor-column elementor-col-100 elementor-top-column elementor-element elementor-element-5fa7c6dc elementor-invisible\" data-id=\"5fa7c6dc\" data-element_type=\"column\" data-e-type=\"column\" data-settings=\"{&quot;animation&quot;:&quot;fadeInUp&quot;,&quot;animation_mobile&quot;:&quot;none&quot;}\">\n\t\t\t<div class=\"elementor-widget-wrap elementor-element-populated\">\n\t\t\t\t\t\t<div class=\"elementor-element elementor-element-bdfc3cb elementor-hidden-mobile elementor-widget elementor-widget-video\" data-id=\"bdfc3cb\" data-element_type=\"widget\" data-e-type=\"widget\" data-settings=\"{&quot;video_type&quot;:&quot;hosted&quot;,&quot;autoplay&quot;:&quot;yes&quot;,&quot;play_on_mobile&quot;:&quot;yes&quot;,&quot;mute&quot;:&quot;yes&quot;,&quot;loop&quot;:&quot;yes&quot;,&quot;_animation_mobile&quot;:&quot;none&quot;}\" data-widget_type=\"video.default\">\n\t\t\t\t\t\t\t<div class=\"e-hosted-video elementor-wrapper elementor-open-inline\">\n\t\t\t\t\t<video class=\"elementor-video\" src=\"https:\/\/softlinefurniture.com\/wp-content\/uploads\/2020\/09\/softline-2020-v2-720p-compressed.mp4\" autoplay=\"\" loop=\"\" muted=\"muted\" playsinline=\"\" controlsList=\"nodownload\" poster=\"https:\/\/softlinefurniture.com\/wp-content\/uploads\/2020\/09\/contact-video-poster.jpg\"><\/video>\n\t\t\t\t<\/div>\n\t\t\t\t\t\t<\/div>\n\t\t\t\t<div class=\"elementor-element elementor-element-793c2f0 elementor-hidden-desktop elementor-hidden-tablet elementor-widget elementor-widget-image\" data-id=\"793c2f0\" data-element_type=\"widget\" data-e-type=\"widget\" data-widget_type=\"image.default\">\n\t\t\t\t\t\t\t\t\t\t\t\t\t\t\t<img fetchpriority=\"high\" decoding=\"async\" width=\"640\" height=\"591\" src=\"https:\/\/softlinefurniture.com\/wp-content\/uploads\/2021\/10\/about-us-location-mobile.jpeg\" class=\"attachment-large size-large wp-image-79263\" alt=\"\u00fcber uns lokation mobile\" srcset=\"https:\/\/softlinefurniture.com\/wp-content\/uploads\/2021\/10\/about-us-location-mobile.jpeg 1000w, https:\/\/softlinefurniture.com\/wp-content\/uploads\/2021\/10\/about-us-location-mobile-150x139.jpeg 150w, https:\/\/softlinefurniture.com\/wp-content\/uploads\/2021\/10\/about-us-location-mobile-300x277.jpeg 300w, https:\/\/softlinefurniture.com\/wp-content\/uploads\/2021\/10\/about-us-location-mobile-64x59.jpeg 64w\" sizes=\"(max-width: 640px) 100vw, 640px\" \/>\t\t\t\t\t\t\t\t\t\t\t\t\t\t\t<\/div>\n\t\t\t\t<div class=\"elementor-element elementor-element-20cf798b elementor-widget-tablet__width-auto elementor-absolute elementor-hidden-desktop elementor-invisible elementor-widget elementor-widget-heading\" data-id=\"20cf798b\" data-element_type=\"widget\" data-e-type=\"widget\" data-settings=\"{&quot;_animation&quot;:&quot;fadeInUp&quot;,&quot;_animation_tablet&quot;:&quot;none&quot;,&quot;_position&quot;:&quot;absolute&quot;}\" data-widget_type=\"heading.default\">\n\t\t\t\t\t<h2 class=\"elementor-heading-title elementor-size-default\">Kontakte<\/h2>\t\t\t\t<\/div>\n\t\t\t\t\t<\/div>\n\t\t<\/div>\n\t\t\t\t\t<\/div>\n\t\t<\/section>\n\t\t\t\t<section data-particle_enable=\"false\" data-particle-mobile-disabled=\"false\" class=\"elementor-section elementor-top-section elementor-element elementor-element-4c46e7e elementor-section-boxed elementor-section-height-default elementor-section-height-default\" data-id=\"4c46e7e\" data-element_type=\"section\" data-e-type=\"section\" data-settings=\"{&quot;animation_mobile&quot;:&quot;none&quot;}\">\n\t\t\t\t\t\t<div class=\"elementor-container elementor-column-gap-default\">\n\t\t\t\t\t<div class=\"elementor-column elementor-col-50 elementor-top-column elementor-element elementor-element-e19e3c2 elementor-invisible\" data-id=\"e19e3c2\" data-element_type=\"column\" data-e-type=\"column\" data-settings=\"{&quot;animation&quot;:&quot;fadeInUp&quot;}\">\n\t\t\t<div class=\"elementor-widget-wrap elementor-element-populated\">\n\t\t\t\t\t\t<div class=\"elementor-element elementor-element-cefc876 elementor-widget elementor-widget-text-editor\" data-id=\"cefc876\" data-element_type=\"widget\" data-e-type=\"widget\" data-widget_type=\"text-editor.default\">\n\t\t\t\t\t\t\t\t\t<p>Unsere Verwaltungs- und Produktionseinrichtungen befinden sich in der sch\u00f6nen Umgebung von Maribo, D\u00e4nemark, nur 90 Autominuten von Kopenhagen entfernt. Hier k\u00fcmmern wir uns um alles, was mit Verkauf, Design, Entwicklung, Produktion und Logistik zu tun hat.<\/p><p>SOFTLINE A\/S<br \/>Kidnakken 5<br \/>DK-4930 Maribo<br \/>Denmark<\/p><p>T:\u00a0<a href=\"tel:+4554160680\">+45 54 16 06 80<\/a><br \/>E-mail:\u00a0<a href=\"mailto:info@softline.dk\" target=\"_blank\" rel=\"noopener\">INFO@SOFTLINE.DK<\/a><\/p>\t\t\t\t\t\t\t\t<\/div>\n\t\t\t\t\t<\/div>\n\t\t<\/div>\n\t\t\t\t<div class=\"elementor-column elementor-col-50 elementor-top-column elementor-element elementor-element-9e4e0f9\" data-id=\"9e4e0f9\" data-element_type=\"column\" data-e-type=\"column\">\n\t\t\t<div class=\"elementor-widget-wrap elementor-element-populated\">\n\t\t\t\t\t\t<div class=\"elementor-element elementor-element-c8fa253 elementor-align-center elementor-widget elementor-widget-button\" data-id=\"c8fa253\" data-element_type=\"widget\" data-e-type=\"widget\" data-widget_type=\"button.default\">\n\t\t\t\t\t\t\t\t\t\t<a class=\"elementor-button elementor-button-link elementor-size-sm\" href=\"https:\/\/goo.gl\/maps\/FiB7TGzhwuMTcfDW6\" target=\"_blank\" rel=\"nofollow\">\n\t\t\t\t\t\t<span class=\"elementor-button-content-wrapper\">\n\t\t\t\t\t\t\t\t\t<span class=\"elementor-button-text\">Karte anzeigen<\/span>\n\t\t\t\t\t<\/span>\n\t\t\t\t\t<\/a>\n\t\t\t\t\t\t\t\t<\/div>\n\t\t\t\t\t<\/div>\n\t\t<\/div>\n\t\t\t\t\t<\/div>\n\t\t<\/section>\n\t\t\t\t<section data-particle_enable=\"false\" data-particle-mobile-disabled=\"false\" class=\"elementor-section elementor-top-section elementor-element elementor-element-75bf5a3 elementor-section-content-middle elementor-section-boxed elementor-section-height-default elementor-section-height-default\" data-id=\"75bf5a3\" data-element_type=\"section\" data-e-type=\"section\" data-settings=\"{&quot;background_background&quot;:&quot;classic&quot;}\">\n\t\t\t\t\t\t<div class=\"elementor-container elementor-column-gap-default\">\n\t\t\t\t\t<div class=\"elementor-column elementor-col-100 elementor-top-column elementor-element elementor-element-e0f368c\" data-id=\"e0f368c\" data-element_type=\"column\" data-e-type=\"column\">\n\t\t\t<div class=\"elementor-widget-wrap elementor-element-populated\">\n\t\t\t\t\t\t<div class=\"elementor-element elementor-element-b3d415f elementor-widget elementor-widget-heading\" data-id=\"b3d415f\" data-element_type=\"widget\" data-e-type=\"widget\" data-settings=\"{&quot;_animation&quot;:&quot;none&quot;}\" data-widget_type=\"heading.default\">\n\t\t\t\t\t<h3 class=\"elementor-heading-title elementor-size-default\">VERKAUFSB\u00dcRO \u00d6FFNUNGSZEITEN<\/h3>\t\t\t\t<\/div>\n\t\t\t\t<div class=\"elementor-element elementor-element-8917a08 elementor-widget elementor-widget-text-editor\" data-id=\"8917a08\" data-element_type=\"widget\" data-e-type=\"widget\" data-widget_type=\"text-editor.default\">\n\t\t\t\t\t\t\t\t\t<p>Montag &#8211; Dienstag<br \/>\n8.00 &#8211; 16.30 Uhr<\/p>\n\t\t\t\t\t\t\t\t<\/div>\n\t\t\t\t<div class=\"elementor-element elementor-element-8ea92a4 elementor-widget elementor-widget-text-editor\" data-id=\"8ea92a4\" data-element_type=\"widget\" data-e-type=\"widget\" data-widget_type=\"text-editor.default\">\n\t\t\t\t\t\t\t\t\t<p>Mittwoch &#8211; Freitag<br \/>\n8.00 &#8211; 15.30 Uhr<\/p>\n\t\t\t\t\t\t\t\t<\/div>\n\t\t\t\t\t<\/div>\n\t\t<\/div>\n\t\t\t\t\t<\/div>\n\t\t<\/section>\n\t\t\t\t<\/div>\n\t\t","protected":false},"excerpt":{"rendered":"<p>https:\/\/softlinefurniture.com\/wp-content\/uploads\/2020\/09\/softline-2020-v2-720p-compressed.mp4 Kontakte Unsere Verwaltungs- und Produktionseinrichtungen befinden sich in der sch\u00f6nen Umgebung von Maribo, D\u00e4nemark, nur 90 Autominuten von Kopenhagen entfernt. Hier k\u00fcmmern wir uns um alles, was mit Verkauf, Design, Entwicklung, Produktion und Logistik zu tun hat. SOFTLINE A\/SKidnakken 5DK-4930 MariboDenmark T:\u00a0+45 54 16 06 80E-mail:\u00a0INFO@SOFTLINE.DK Karte anzeigen VERKAUFSB\u00dcRO \u00d6FFNUNGSZEITEN Montag &#8211; Dienstag 8.00 [&hellip;]<\/p>\n","protected":false},"author":1,"featured_media":0,"parent":0,"menu_order":0,"comment_status":"closed","ping_status":"closed","template":"elementor_header_footer","meta":{"_acf_changed":false,"footnotes":""},"class_list":["post-18015","page","type-page","status-publish","hentry"],"acf":[],"_links":{"self":[{"href":"https:\/\/softlinefurniture.com\/de\/wp-json\/wp\/v2\/pages\/18015","targetHints":{"allow":["GET"]}}],"collection":[{"href":"https:\/\/softlinefurniture.com\/de\/wp-json\/wp\/v2\/pages"}],"about":[{"href":"https:\/\/softlinefurniture.com\/de\/wp-json\/wp\/v2\/types\/page"}],"author":[{"embeddable":true,"href":"https:\/\/softlinefurniture.com\/de\/wp-json\/wp\/v2\/users\/1"}],"replies":[{"embeddable":true,"href":"https:\/\/softlinefurniture.com\/de\/wp-json\/wp\/v2\/comments?post=18015"}],"version-history":[{"count":0,"href":"https:\/\/softlinefurniture.com\/de\/wp-json\/wp\/v2\/pages\/18015\/revisions"}],"wp:attachment":[{"href":"https:\/\/softlinefurniture.com\/de\/wp-json\/wp\/v2\/media?parent=18015"}],"curies":[{"name":"wp","href":"https:\/\/api.w.org\/{rel}","templated":true}]}}