{"id":18038,"date":"2020-06-30T09:35:27","date_gmt":"2020-06-30T07:35:27","guid":{"rendered":"https:\/\/softlinefurniture.com\/cookies\/"},"modified":"2021-05-22T07:35:21","modified_gmt":"2021-05-22T05:35:21","slug":"cookies","status":"publish","type":"page","link":"https:\/\/softlinefurniture.com\/de\/cookies\/","title":{"rendered":"Cookies"},"content":{"rendered":"\t\t<div data-elementor-type=\"wp-page\" data-elementor-id=\"18038\" class=\"elementor elementor-18038 elementor-49\" data-elementor-post-type=\"page\">\n\t\t\t\t\t\t<section data-particle_enable=\"false\" data-particle-mobile-disabled=\"false\" class=\"elementor-section elementor-top-section elementor-element elementor-element-6081343e elementor-section-boxed elementor-section-height-default elementor-section-height-default\" data-id=\"6081343e\" data-element_type=\"section\" data-e-type=\"section\">\n\t\t\t\t\t\t<div class=\"elementor-container elementor-column-gap-default\">\n\t\t\t\t\t<div class=\"elementor-column elementor-col-100 elementor-top-column elementor-element elementor-element-7a73efa\" data-id=\"7a73efa\" data-element_type=\"column\" data-e-type=\"column\">\n\t\t\t<div class=\"elementor-widget-wrap elementor-element-populated\">\n\t\t\t\t\t\t<div class=\"elementor-element elementor-element-20f73ee7 elementor-widget elementor-widget-heading\" data-id=\"20f73ee7\" data-element_type=\"widget\" data-e-type=\"widget\" data-settings=\"{&quot;_animation&quot;:&quot;none&quot;}\" data-widget_type=\"heading.default\">\n\t\t\t\t\t<h1 class=\"elementor-heading-title elementor-size-default\">Cookies<\/h1>\t\t\t\t<\/div>\n\t\t\t\t\t<\/div>\n\t\t<\/div>\n\t\t\t\t\t<\/div>\n\t\t<\/section>\n\t\t\t\t<section data-particle_enable=\"false\" data-particle-mobile-disabled=\"false\" class=\"elementor-section elementor-top-section elementor-element elementor-element-4867bbed elementor-section-boxed elementor-section-height-default elementor-section-height-default\" data-id=\"4867bbed\" data-element_type=\"section\" data-e-type=\"section\">\n\t\t\t\t\t\t<div class=\"elementor-container elementor-column-gap-default\">\n\t\t\t\t\t<div class=\"elementor-column elementor-col-100 elementor-top-column elementor-element elementor-element-55a686e7\" data-id=\"55a686e7\" data-element_type=\"column\" data-e-type=\"column\" data-settings=\"{&quot;animation&quot;:&quot;none&quot;}\">\n\t\t\t<div class=\"elementor-widget-wrap elementor-element-populated\">\n\t\t\t\t\t\t<div class=\"elementor-element elementor-element-6c1d44b3 elementor-widget elementor-widget-text-editor\" data-id=\"6c1d44b3\" data-element_type=\"widget\" data-e-type=\"widget\" data-widget_type=\"text-editor.default\">\n\t\t\t\t\t\t\t\t\t<h3>SOFTLINE VERWENDET COOKIES<\/h3>\n<p>Wenn Sie die Website von SOFTLINE besuchen, werden Cookies gespeichert. Dies dient zum Beispiel dazu, Ihre bevorzugte Sprache zu erkennen und hilft SOFTLINE die Website weiterzuentwickeln und sicherzustellen, dass Sie von der bestm\u00f6glichsten Erfahrung profitieren w\u00e4hrend Sie auf der SOFTLINE Webseite sind.<br \/>\nSOFTLINE verwendet folgende Cookies:<\/p>\n<h3>VORLIEBEN<\/h3>\n<p>Diese Cookies erm\u00f6glichen unserer Website sich zum Beispiel an Ihre bevorzugte Sprachauswahl zu erinnern. Der Verlust der Informationen der in einem Cookie gespeichert werden sollte, beeintr\u00e4chtigt nicht die Funktionsf\u00e4higkeit.<\/p>\n<h3>STATISTIKEN<\/h3>\n<p>Diese Cookies helfen SOFTLINE zu verstehen, wie Besucher die Website benutzen. Das Tool speichert Cookies auf der Domain der SOFTLINE Website. Die gesammelten Informationen sind anonym und melden der Website Tendenzen ohne Identifizierung der einzelnen Nutzer.<\/p>\n\t\t\t\t\t\t\t\t<\/div>\n\t\t\t\t\t<\/div>\n\t\t<\/div>\n\t\t\t\t\t<\/div>\n\t\t<\/section>\n\t\t\t\t<section data-particle_enable=\"false\" data-particle-mobile-disabled=\"false\" class=\"elementor-section elementor-top-section elementor-element elementor-element-1f798084 elementor-section-boxed elementor-section-height-default elementor-section-height-default\" data-id=\"1f798084\" data-element_type=\"section\" data-e-type=\"section\">\n\t\t\t\t\t\t<div class=\"elementor-container elementor-column-gap-default\">\n\t\t\t\t\t<div class=\"elementor-column elementor-col-50 elementor-top-column elementor-element elementor-element-53d702fc elementor-invisible\" data-id=\"53d702fc\" data-element_type=\"column\" data-e-type=\"column\" data-settings=\"{&quot;animation&quot;:&quot;fadeInUp&quot;}\">\n\t\t\t<div class=\"elementor-widget-wrap elementor-element-populated\">\n\t\t\t\t\t\t<div class=\"elementor-element elementor-element-1ebc09e1 elementor-widget elementor-widget-heading\" data-id=\"1ebc09e1\" data-element_type=\"widget\" data-e-type=\"widget\" data-settings=\"{&quot;_animation&quot;:&quot;none&quot;}\" data-widget_type=\"heading.default\">\n\t\t\t\t\t<h2 class=\"elementor-heading-title elementor-size-default\">WAS IST EIN COOKIE?<\/h2>\t\t\t\t<\/div>\n\t\t\t\t<div class=\"elementor-element elementor-element-7264dcf3 elementor-widget elementor-widget-text-editor\" data-id=\"7264dcf3\" data-element_type=\"widget\" data-e-type=\"widget\" data-widget_type=\"text-editor.default\">\n\t\t\t\t\t\t\t\t\t<p>Cookies werden von fast allen Webseiten verwendet. In einigen F\u00e4llen sind Cookies notwendig, um die Website-Funktionen sicherzustellen.<\/p>\n<p>Ein Cookie ist eine kleine Datei, die auf Ihrem Computer oder anderen IT-Ger\u00e4ten gespeichert wird. Es erm\u00f6glicht die Erkennung Ihres Computers und das Sammeln von Informationen dar\u00fcber, welche Seiten und Funktionen von Ihrem Browser genutzt werden. Aber ein Cookie kann nicht definieren, wer Sie sind, wie Sie hei\u00dfen, wo Sie, oder wenn der Computer von mehreren Benutzern verwendet wird, leben. Ein Cookie kann auch keine Computerviren oder andere sch\u00e4dliche Programme in Ihr System einschleusen.<\/p>\n\t\t\t\t\t\t\t\t<\/div>\n\t\t\t\t\t<\/div>\n\t\t<\/div>\n\t\t\t\t<div class=\"elementor-column elementor-col-50 elementor-top-column elementor-element elementor-element-3456a391 elementor-invisible\" data-id=\"3456a391\" data-element_type=\"column\" data-e-type=\"column\" data-settings=\"{&quot;animation&quot;:&quot;fadeInRight&quot;}\">\n\t\t\t<div class=\"elementor-widget-wrap elementor-element-populated\">\n\t\t\t\t\t\t<div class=\"elementor-element elementor-element-1cc326f1 elementor-widget elementor-widget-image\" data-id=\"1cc326f1\" data-element_type=\"widget\" data-e-type=\"widget\" data-widget_type=\"image.default\">\n\t\t\t\t\t\t\t\t\t\t\t\t\t\t\t<img fetchpriority=\"high\" decoding=\"async\" width=\"800\" height=\"533\" src=\"https:\/\/softlinefurniture.com\/wp-content\/uploads\/2020\/07\/cookies.jpg\" class=\"attachment-full size-full wp-image-18155\" alt=\"\" srcset=\"https:\/\/softlinefurniture.com\/wp-content\/uploads\/2020\/07\/cookies.jpg 800w, https:\/\/softlinefurniture.com\/wp-content\/uploads\/2020\/07\/cookies-150x100.jpg 150w, https:\/\/softlinefurniture.com\/wp-content\/uploads\/2020\/07\/cookies-300x200.jpg 300w, https:\/\/softlinefurniture.com\/wp-content\/uploads\/2020\/07\/cookies-64x43.jpg 64w\" sizes=\"(max-width: 800px) 100vw, 800px\" \/>\t\t\t\t\t\t\t\t\t\t\t\t\t\t\t<\/div>\n\t\t\t\t\t<\/div>\n\t\t<\/div>\n\t\t\t\t\t<\/div>\n\t\t<\/section>\n\t\t\t\t<section data-particle_enable=\"false\" data-particle-mobile-disabled=\"false\" class=\"elementor-section elementor-top-section elementor-element elementor-element-f7e720a elementor-section-boxed elementor-section-height-default elementor-section-height-default\" data-id=\"f7e720a\" data-element_type=\"section\" data-e-type=\"section\">\n\t\t\t\t\t\t<div class=\"elementor-container elementor-column-gap-default\">\n\t\t\t\t\t<div class=\"elementor-column elementor-col-50 elementor-top-column elementor-element elementor-element-cc651e1\" data-id=\"cc651e1\" data-element_type=\"column\" data-e-type=\"column\" data-settings=\"{&quot;animation&quot;:&quot;none&quot;}\">\n\t\t\t<div class=\"elementor-widget-wrap elementor-element-populated\">\n\t\t\t\t\t\t<div class=\"elementor-element elementor-element-2a67ef4 elementor-widget elementor-widget-heading\" data-id=\"2a67ef4\" data-element_type=\"widget\" data-e-type=\"widget\" data-settings=\"{&quot;_animation&quot;:&quot;none&quot;}\" data-widget_type=\"heading.default\">\n\t\t\t\t\t<h2 class=\"elementor-heading-title elementor-size-default\">DIE VERWALTUNG VON COOKIES<\/h2>\t\t\t\t<\/div>\n\t\t\t\t<div class=\"elementor-element elementor-element-612c41d elementor-widget elementor-widget-text-editor\" data-id=\"612c41d\" data-element_type=\"widget\" data-e-type=\"widget\" data-widget_type=\"text-editor.default\">\n\t\t\t\t\t\t\t\t\t<h3>ERLAUBTE COOKIES R\u00dcCKG\u00c4NGIG MACHEN<\/h3>\n<p>Sie k\u00f6nnen sich jederzeit gegen bereits gesetzte Cookies auf Ihrem Computer entscheiden, indem Sie die Einstellungen in Ihrem Browser \u00e4ndern. Wo Sie die Einstellungen \u00e4ndern m\u00fcssen, h\u00e4ngt von dem von Ihnen verwendeten Browser ab. Aber bitte beachten Sie, dass wenn sie dies tun, viele Funktionen und Dienste nicht mehr verf\u00fcgbar sein werden.<\/p>\n<h3>L\u00d6SCHEN VON COOKIES<\/h3>\n<p>Cookies, die Sie vorher angenommen haben k\u00f6nnen leicht gel\u00f6scht werden. Wenn Sie einen PC mit einem aktuellen Browser verwenden, k\u00f6nnen Sie die Cookies durch folgende Tastenkombination l\u00f6schen: CTRL + SHIFT + Delete.<\/p>\n\t\t\t\t\t\t\t\t<\/div>\n\t\t\t\t\t<\/div>\n\t\t<\/div>\n\t\t\t\t<div class=\"elementor-column elementor-col-50 elementor-top-column elementor-element elementor-element-feb7e32\" data-id=\"feb7e32\" data-element_type=\"column\" data-e-type=\"column\" data-settings=\"{&quot;animation&quot;:&quot;none&quot;}\">\n\t\t\t<div class=\"elementor-widget-wrap elementor-element-populated\">\n\t\t\t\t\t\t<div class=\"elementor-element elementor-element-d0c1e1e elementor-widget elementor-widget-heading\" data-id=\"d0c1e1e\" data-element_type=\"widget\" data-e-type=\"widget\" data-settings=\"{&quot;_animation&quot;:&quot;none&quot;}\" data-widget_type=\"heading.default\">\n\t\t\t\t\t<h2 class=\"elementor-heading-title elementor-size-default\">Cookies<\/h2>\t\t\t\t<\/div>\n\t\t\t\t<div class=\"elementor-element elementor-element-adf6173 elementor-widget elementor-widget-text-editor\" data-id=\"adf6173\" data-element_type=\"widget\" data-e-type=\"widget\" data-widget_type=\"text-editor.default\">\n\t\t\t\t\t\t\t\t\t<p>Wenn dieser Shortcut nicht funktioniert, oder wenn Sie einen Mac verwenden, m\u00fcssen Sie herausfinden welchen Browser Sie verwenden, und klicken Sie dann auf den entsprechenden Link:<\/p>\n<p>Denken Sie daran, falls Sie mehrere Browser verwenden, m\u00fcssen die Cookies in allen separat gel\u00f6scht werden.<br \/>\n\u2022 Internet Explorer<br \/>\n\u2022 Mozilla Firefox<br \/>\n\u2022 Google Chrome<br \/>\n\u2022 Opera<br \/>\n\u2022 Safari 5.0<br \/>\n\u2022 iPhone, iPad und anderes Apple Equipment<br \/>\n\u2022 Mobiltelefone mit Android<br \/>\n\u2022 Mobiltelefone mit Windows 7<\/p>\n\t\t\t\t\t\t\t\t<\/div>\n\t\t\t\t\t<\/div>\n\t\t<\/div>\n\t\t\t\t\t<\/div>\n\t\t<\/section>\n\t\t\t\t<\/div>\n\t\t","protected":false},"excerpt":{"rendered":"<p>SOFTLINE VERWENDET COOKIES Wenn Sie die Website von SOFTLINE besuchen, werden Cookies gespeichert. Dies dient zum Beispiel dazu, Ihre bevorzugte Sprache zu erkennen und hilft SOFTLINE die Website weiterzuentwickeln und sicherzustellen, dass Sie von der bestm\u00f6glichsten Erfahrung profitieren w\u00e4hrend Sie auf der SOFTLINE Webseite sind. SOFTLINE verwendet folgende Cookies: VORLIEBEN Diese Cookies erm\u00f6glichen unserer Website [&hellip;]<\/p>\n","protected":false},"author":1,"featured_media":0,"parent":0,"menu_order":0,"comment_status":"closed","ping_status":"closed","template":"elementor_header_footer","meta":{"_acf_changed":false,"footnotes":""},"class_list":["post-18038","page","type-page","status-publish","hentry"],"acf":[],"_links":{"self":[{"href":"https:\/\/softlinefurniture.com\/de\/wp-json\/wp\/v2\/pages\/18038","targetHints":{"allow":["GET"]}}],"collection":[{"href":"https:\/\/softlinefurniture.com\/de\/wp-json\/wp\/v2\/pages"}],"about":[{"href":"https:\/\/softlinefurniture.com\/de\/wp-json\/wp\/v2\/types\/page"}],"author":[{"embeddable":true,"href":"https:\/\/softlinefurniture.com\/de\/wp-json\/wp\/v2\/users\/1"}],"replies":[{"embeddable":true,"href":"https:\/\/softlinefurniture.com\/de\/wp-json\/wp\/v2\/comments?post=18038"}],"version-history":[{"count":0,"href":"https:\/\/softlinefurniture.com\/de\/wp-json\/wp\/v2\/pages\/18038\/revisions"}],"wp:attachment":[{"href":"https:\/\/softlinefurniture.com\/de\/wp-json\/wp\/v2\/media?parent=18038"}],"curies":[{"name":"wp","href":"https:\/\/api.w.org\/{rel}","templated":true}]}}