{"id":18046,"date":"2020-06-30T09:39:39","date_gmt":"2020-06-30T07:39:39","guid":{"rendered":"https:\/\/softlinefurniture.com\/allgemeine-verkaufs-und-lieferbedingungen\/"},"modified":"2021-03-23T15:26:25","modified_gmt":"2021-03-23T14:26:25","slug":"allgemeine-verkaufs-und-lieferbedingungen","status":"publish","type":"page","link":"https:\/\/softlinefurniture.com\/de\/allgemeine-verkaufs-und-lieferbedingungen\/","title":{"rendered":"Allgemeine Verkaufs- und Lieferungsbedingungen"},"content":{"rendered":"\t\t<div data-elementor-type=\"wp-page\" data-elementor-id=\"18046\" class=\"elementor elementor-18046 elementor-54\" data-elementor-post-type=\"page\">\n\t\t\t\t\t\t<section data-particle_enable=\"false\" data-particle-mobile-disabled=\"false\" class=\"elementor-section elementor-top-section elementor-element elementor-element-7c923167 elementor-section-boxed elementor-section-height-default elementor-section-height-default\" data-id=\"7c923167\" data-element_type=\"section\" data-e-type=\"section\">\n\t\t\t\t\t\t<div class=\"elementor-container elementor-column-gap-default\">\n\t\t\t\t\t<div class=\"elementor-column elementor-col-100 elementor-top-column elementor-element elementor-element-2dd7c786\" data-id=\"2dd7c786\" data-element_type=\"column\" data-e-type=\"column\">\n\t\t\t<div class=\"elementor-widget-wrap elementor-element-populated\">\n\t\t\t\t\t\t<div class=\"elementor-element elementor-element-717956c8 elementor-widget elementor-widget-heading\" data-id=\"717956c8\" data-element_type=\"widget\" data-e-type=\"widget\" data-settings=\"{&quot;_animation&quot;:&quot;none&quot;}\" data-widget_type=\"heading.default\">\n\t\t\t\t\t<h1 class=\"elementor-heading-title elementor-size-default\">Allgemeine Verkaufs- und Lieferungsbedingungen<\/h1>\t\t\t\t<\/div>\n\t\t\t\t<div class=\"elementor-element elementor-element-61b98dc elementor-widget elementor-widget-text-editor\" data-id=\"61b98dc\" data-element_type=\"widget\" data-e-type=\"widget\" data-widget_type=\"text-editor.default\">\n\t\t\t\t\t\t\t\t\t<p>(ab 1. Januar 2008)<br \/>\nf\u00fcr Mitglieder des Verbandes der D\u00e4nischen M\u00f6belindustrie<\/p>\n\t\t\t\t\t\t\t\t<\/div>\n\t\t\t\t\t<\/div>\n\t\t<\/div>\n\t\t\t\t\t<\/div>\n\t\t<\/section>\n\t\t\t\t<section data-particle_enable=\"false\" data-particle-mobile-disabled=\"false\" class=\"elementor-section elementor-top-section elementor-element elementor-element-3bc0b6d3 elementor-section-boxed elementor-section-height-default elementor-section-height-default\" data-id=\"3bc0b6d3\" data-element_type=\"section\" data-e-type=\"section\" data-settings=\"{&quot;animation&quot;:&quot;none&quot;}\">\n\t\t\t\t\t\t<div class=\"elementor-container elementor-column-gap-default\">\n\t\t\t\t\t<div class=\"elementor-column elementor-col-100 elementor-top-column elementor-element elementor-element-2f0567d2 elementor-invisible\" data-id=\"2f0567d2\" data-element_type=\"column\" data-e-type=\"column\" data-settings=\"{&quot;animation&quot;:&quot;fadeInUp&quot;}\">\n\t\t\t<div class=\"elementor-widget-wrap elementor-element-populated\">\n\t\t\t\t\t\t<div class=\"elementor-element elementor-element-20beae84 elementor-widget elementor-widget-text-editor\" data-id=\"20beae84\" data-element_type=\"widget\" data-e-type=\"widget\" data-settings=\"{&quot;_animation&quot;:&quot;none&quot;}\" data-widget_type=\"text-editor.default\">\n\t\t\t\t\t\t\t\t\t<p><strong style=\"font-weight: 500;\">Anwendungsbereich<\/strong><br \/>\nNachfolgende Allgemeine Verkaufs- und Lieferungsbedingungen gelten f\u00fcr s\u00e4mtliche Angebote, Verk\u00e4ufe und Lieferungen des Verk\u00e4ufers &#8211; auch dann, wenn der K\u00e4ufer andere Bedingungen vorschreibt.<br \/>\nAbweichungen von den untenstehenden Verkaufs- und Lieferungsbedingungen bed\u00fcrfen der schriftlichen Zustimmung des Verk\u00e4ufers.<\/p>\n<p><strong style=\"font-weight: 500;\">\u00a7 1 Handelsklauseln<\/strong><br \/>\nEtwa vereinbarte Handelsklauseln sind gem\u00e4\u00df den beim Vertragsabschlu\u00df geltenden Incoterms auszulegen.<br \/>\nIst keine besondere Handelsklausel vereinbart, so gilt die Klausel \u201cab Werk\u201d (\u201cex works\u201d).<\/p>\n<p><strong style=\"font-weight: 500;\">\u00a7 2 Versicherung<\/strong><br \/>\nEin Transportversicherungsvertrag ist vom K\u00e4ufer abzuschlie\u00dfen, es sei denn, die Parteien haben ein anderes vereinbart.<br \/>\nDer K\u00e4ufer verpflichtet sich, auch im \u00fcbrigen die Waren versichert zu halten.<\/p>\n<p><strong style=\"font-weight: 500;\">\u00a7 3 Lieferungsverzug<\/strong><br \/>\nSieht der Verk\u00e4ufer ein, da\u00df er den vereinbarten Liefertermin nicht einhalten kann, oder da\u00df er wahrscheinlich in Lieferungsverzug geraten wird, so hat er dies dem K\u00e4ufer unverz\u00fcglich schriftlich mitzuteilen und gleichzeitig den Verzugsgrund und, wenn m\u00f6glich, den Termin anzugeben, zu dem die Lieferung voraussichtlich erfolgen wird.<br \/>\nIst der Lieferungsverzug auf einen der in \u00a7 9 genannten Umst\u00e4nde (H\u00f6here Gewalt) oder Handlungen oder Unterlassungen des K\u00e4ufers zur\u00fcckzuf\u00fchren, so verl\u00e4ngert sich die Lieferfrist in einem den Umst\u00e4nden entsprechenden Ausma\u00df.<br \/>\nDiese Bestimmung finden Anwendung ohne R\u00fccksicht darauf, ob der Verzugsgrund vor oder nach Ablauf der vereinbarten Lieferfrist eintritt.<br \/>\nDer K\u00e4ufer kann wegen Lieferungsverzugs, den der Verk\u00e4ufer zu vertreten hat, vom Vertrag nicht zur\u00fccktreten, es sei denn, da\u00df der Verzug 3 Monate \u00fcbersteigt.<br \/>\nDer K\u00e4ufer kann wegen Lieferungsverzugs keine Schadensersatzanspr\u00fcche geltend machen.<\/p>\n<p><strong style=\"font-weight: 500;\">\u00a7 4 Annahmeverzug<\/strong><br \/>\nErkennt der K\u00e4ufer, da\u00df er die Waren am vereinbarten Tag nicht annehmen kann, oder da\u00df er wahrscheinlich in Annahmeverzug geraten wird, so hat er dies dem Verk\u00e4ufer unverz\u00fcglich schriftlich mitzuteilen und gleichzeitig den Verzugsgrund und, wenn m\u00f6glich, den Termin anzugeben, zu dem die Annahme voraussichtlich erfolgen kann.<br \/>\nGleichg\u00fcltig, ob der K\u00e4ufer vers\u00e4umt, die Waren zum vereinbarten Termin anzunehmen, ist er verpflichtet, jede durch die Lieferung bedingte Zahlung zu leisten, als ob die Lieferung der betreffenden Waren erfolgt w\u00e4re.<br \/>\nDer Verk\u00e4ufer hat daf\u00fcr Sorge zu tragen, da\u00df die Waren auf Rechnung und Gefahr des K\u00e4ufers hinterlegt werden. Auf Antrag des K\u00e4ufers hat der Verk\u00e4ufer die Waren f\u00fcr Rechnung des K\u00e4ufers zu versichern.<br \/>\nDer Verk\u00e4ufer ist berechtigt, den K\u00e4ufer schriftlich aufzufordern, innerhalb einer Frist von 15 Tagen die Waren anzunehmen.<br \/>\nKommt der K\u00e4ufer aus Gr\u00fcnden, die der Verk\u00e4ufer nicht zu vertreten hat, dieser Aufforderung nicht nach, so ist der Verk\u00e4ufer berechtigt, f\u00fcr den lieferbereiten Teil der Waren, der wegen des Annahmeverzugs nicht angenommen worden ist, durch schriftliche Mitteilung an den K\u00e4ufer vom Vertrag zur\u00fcckzutreten.<br \/>\nDer Verk\u00e4ufer hat in dem Falle Anspruch auf Ersatz des Schadens, den ihm die Vertragsverletzung des K\u00e4ufers verursacht hat.<\/p>\n<p><strong style=\"font-weight: 500;\">\u00a7 5 Zahlung u.a.m.<\/strong><br \/>\nDie Kaufsumme wird bei Lieferung der Waren zur Barzahlung f\u00e4llig, es sei denn, da\u00df etwas anderes vereinbart ist.<br \/>\nLeistet der K\u00e4ufer die Zahlung nicht rechtzeitig, so ist der Verk\u00e4ufer berechtigt, vom F\u00e4lligkeitstag an Verzugszinsen in H\u00f6he von 1,5% je angefangenen Monat zu verlangen.<br \/>\nEine etwaige R\u00fccksendung der Waren kann nur nach vorheriger Vereinbarung mit dem Verk\u00e4ufer erfolgen. Die R\u00fccksendung hat frachtfrei zu erfolgen.<br \/>\nBei fehlender Zahlung hat der K\u00e4ufer\/der Schuldner alle mit dem Forderungseinzug verbundenen Kosten zu zahlen, darunter Geb\u00fchren und Honorare an Rechtsanwalt, Inkassob\u00fcro u.a.m.<\/p>\n<p><strong style=\"font-weight: 500;\">\u00a7 6 Eigentumsvorbehalt<\/strong><br \/>\nDer Verk\u00e4ufer beh\u00e4lt sich das Eigentumsrecht an den verkauften Waren bis zu deren vollst\u00e4ndiger Bezahlung vor.<br \/>\nIn Verbindung mit Verkauf nach Deutschland gilt jedoch der aus dem beigef\u00fcgten Nachtrag D98 ersichtliche Eigentumsvorbehalt.<\/p>\n<p><strong style=\"font-weight: 500;\">\u00a7 7 M\u00e4ngel<\/strong><br \/>\nDer Verk\u00e4ufer verpflichtet sich, alle M\u00e4ngel, die auf Fehler an Konstruktion, Material oder Herstellung zur\u00fcckzuf\u00fchren sind, durch Ausbesserung oder Nachlieferung der Waren in \u00dcbereinstimmung mit den nachstehenden Punkten zu beseitigen; der Verk\u00e4ufer ist jedoch wegen M\u00e4ngeln nicht zum Schadensersatz verpflichtet.<br \/>\nF\u00fcr Holz gilt, dass kleinere \u00c4ste sowie Farb- und Strukturabweichungen nicht als M\u00e4ngel gelten. F\u00fcr Leder gilt, dass Wachstumsmarken nicht als M\u00e4ngel, sondern als Zeichen der Echtheit gelten.<br \/>\nDie Haftung des Verk\u00e4ufers erstreckt sich nur auf die M\u00e4ngel, die sich innerhalb zweier Jahre von dem Tag an zeigen, an dem die Waren an den K\u00e4ufer geliefert wurden.<br \/>\nVom K\u00e4ufer festgestellte M\u00e4ngel sind unverz\u00fcglich gegen\u00fcber dem Verk\u00e4ufer schriftlich zu r\u00fcgen.<\/p>\n<p><strong style=\"font-weight: 500;\">\u00a7 8 Produktenhaftung<\/strong><br \/>\nDer Verk\u00e4ufer haftet nur f\u00fcr durch das Produkt verursachte Sachsch\u00e4den, falls die Sch\u00e4den nachweislich auf Fehler oder Unterlassungen des Verk\u00e4ufers oder seiner Angestellten zur\u00fcckzuf\u00fchren sind. Der Verk\u00e4ufer haftet in keinem Fall f\u00fcr Betriebsausf\u00e4lle, entgangenen Gewinn oder sonstige finanzielle Folgesch\u00e4den.<br \/>\nIn dem Umfang, in dem der Verk\u00e4ufer etwa zur Produktenhaftung gegen\u00fcber Dritten herangezogen wird, ist der K\u00e4ufer verpflichtet, den Verk\u00e4ufer im selben Umfang schadlos zu halten, in dem dessen Haftung gem\u00e4\u00df den vorstehenden Abs\u00e4tzen beschr\u00e4nkt ist. Erhebt ein Dritter aufgrund eines Produktschadens Schadensersatzanspr\u00fcche gegen den K\u00e4ufer, so hat dieser den Verk\u00e4ufer unverz\u00fcglich davon zu unterrichten.<\/p>\n<p><strong style=\"font-weight: 500;\">\u00a7 9 H\u00f6here Gewalt<\/strong><br \/>\nFolgende bei dem Verk\u00e4ufer vorliegende Umst\u00e4nde bewirken Befreiung von der Haftung, falls die Erf\u00fcllung des Vertrags verhindern oder die Erf\u00fcllung unzumutbar machen:<br \/>\nArbeitskonflikte und alle anderen Umst\u00e4nde, auf die der Verk\u00e4ufer keinen Einflu\u00df hat, wie z.B. Feuer, Krieg, Mobilmachung oder unvorhergesehene Milit\u00e4reinberufungen entsprechenden Umfangs, Requisition, Beschlagnahme, Devisenrestriktionen, Aufstand und Unruhen, Mangel an Transportmitteln, es sei denn, dieser Mangel war vom Verk\u00e4ufer vorherzusehen, allgemeine Warenknappheit, sowie von seiten der Vorlieferer M\u00e4ngel an den Lieferungen oder Lieferungsverzug, der auf einen der in diesem Absatz genannten Umst\u00e4nde zur\u00fcckzuf\u00fchren ist.<br \/>\nUmst\u00e4nde wie die erw\u00e4hnten, die vor dem Abschlu\u00df des Vertrags vorlagen, haben nur dann Haftungsbefreiung zur Folge, wenn ihr Einflu\u00df auf die Erf\u00fcllung des Vertrags zum Zeitpunkt des Vertragsabschlusses vom Verk\u00e4ufer nicht vorherzusehen war.<br \/>\nEs obliegt dem Verk\u00e4ufer, falls er sich auf einen in diesem Paragraphen genannten Haftungsbefreiungsgrund berufen will, den K\u00e4ufer unverz\u00fcglich von diesem Grund schriftlich zu benachrichtigen.<br \/>\nUnbeschadet der Bestimmungen der vorliegenden Verkaufs- und Lieferungsbedingungen im \u00fcbrigen kann jede der Vertragsparteien durch schriftliche Mitteilung an die andere Partei vom Vertrag zur\u00fccktreten, falls ein in diesem Paragraphen genannter Umstand die Vertragserf\u00fcllung f\u00fcr mehr als sechs Monate verhindert.<\/p>\n<p><strong style=\"font-weight: 500;\">\u00a7 10 Rechtsstreitigkeiten<\/strong><br \/>\nAlle Rechtsstreitigkeiten aus dem vorliegenden Vertrag sind nach d\u00e4nischem Recht zu entscheiden.<br \/>\nGerichtsstand ist nach Wahl des Verk\u00e4ufers der Gerichtsstand des Verk\u00e4ufers oder der des K\u00e4ufers.<\/p>\n\t\t\t\t\t\t\t\t<\/div>\n\t\t\t\t\t<\/div>\n\t\t<\/div>\n\t\t\t\t\t<\/div>\n\t\t<\/section>\n\t\t\t\t<\/div>\n\t\t","protected":false},"excerpt":{"rendered":"<p>(ab 1. Januar 2008) f\u00fcr Mitglieder des Verbandes der D\u00e4nischen M\u00f6belindustrie Anwendungsbereich Nachfolgende Allgemeine Verkaufs- und Lieferungsbedingungen gelten f\u00fcr s\u00e4mtliche Angebote, Verk\u00e4ufe und Lieferungen des Verk\u00e4ufers &#8211; auch dann, wenn der K\u00e4ufer andere Bedingungen vorschreibt. Abweichungen von den untenstehenden Verkaufs- und Lieferungsbedingungen bed\u00fcrfen der schriftlichen Zustimmung des Verk\u00e4ufers. \u00a7 1 Handelsklauseln Etwa vereinbarte Handelsklauseln sind [&hellip;]<\/p>\n","protected":false},"author":1,"featured_media":0,"parent":0,"menu_order":0,"comment_status":"closed","ping_status":"closed","template":"elementor_header_footer","meta":{"_acf_changed":false,"footnotes":""},"class_list":["post-18046","page","type-page","status-publish","hentry"],"acf":[],"_links":{"self":[{"href":"https:\/\/softlinefurniture.com\/de\/wp-json\/wp\/v2\/pages\/18046","targetHints":{"allow":["GET"]}}],"collection":[{"href":"https:\/\/softlinefurniture.com\/de\/wp-json\/wp\/v2\/pages"}],"about":[{"href":"https:\/\/softlinefurniture.com\/de\/wp-json\/wp\/v2\/types\/page"}],"author":[{"embeddable":true,"href":"https:\/\/softlinefurniture.com\/de\/wp-json\/wp\/v2\/users\/1"}],"replies":[{"embeddable":true,"href":"https:\/\/softlinefurniture.com\/de\/wp-json\/wp\/v2\/comments?post=18046"}],"version-history":[{"count":0,"href":"https:\/\/softlinefurniture.com\/de\/wp-json\/wp\/v2\/pages\/18046\/revisions"}],"wp:attachment":[{"href":"https:\/\/softlinefurniture.com\/de\/wp-json\/wp\/v2\/media?parent=18046"}],"curies":[{"name":"wp","href":"https:\/\/api.w.org\/{rel}","templated":true}]}}