{"id":18048,"date":"2020-04-26T17:04:05","date_gmt":"2020-04-26T15:04:05","guid":{"rendered":"https:\/\/softlinefurniture.com\/information\/"},"modified":"2026-02-04T14:52:49","modified_gmt":"2026-02-04T13:52:49","slug":"information","status":"publish","type":"page","link":"https:\/\/softlinefurniture.com\/de\/information\/","title":{"rendered":"Information"},"content":{"rendered":"\t\t<div data-elementor-type=\"wp-page\" data-elementor-id=\"18048\" class=\"elementor elementor-18048 elementor-46\" data-elementor-post-type=\"page\">\n\t\t\t\t\t\t<section data-particle_enable=\"false\" data-particle-mobile-disabled=\"false\" class=\"elementor-section elementor-top-section elementor-element elementor-element-603f585 elementor-section-boxed elementor-section-height-default elementor-section-height-default\" data-id=\"603f585\" data-element_type=\"section\" data-e-type=\"section\">\n\t\t\t\t\t\t<div class=\"elementor-container elementor-column-gap-default\">\n\t\t\t\t\t<div class=\"elementor-column elementor-col-100 elementor-top-column elementor-element elementor-element-8433b80\" data-id=\"8433b80\" data-element_type=\"column\" data-e-type=\"column\">\n\t\t\t<div class=\"elementor-widget-wrap elementor-element-populated\">\n\t\t\t\t\t\t<div class=\"elementor-element elementor-element-9308ab1 elementor-invisible elementor-widget elementor-widget-heading\" data-id=\"9308ab1\" data-element_type=\"widget\" data-e-type=\"widget\" data-settings=\"{&quot;_animation&quot;:&quot;fadeInUp&quot;}\" data-widget_type=\"heading.default\">\n\t\t\t\t\t<h1 class=\"elementor-heading-title elementor-size-default\">Information<\/h1>\t\t\t\t<\/div>\n\t\t\t\t\t<\/div>\n\t\t<\/div>\n\t\t\t\t\t<\/div>\n\t\t<\/section>\n\t\t\t\t<section data-particle_enable=\"false\" data-particle-mobile-disabled=\"false\" class=\"elementor-section elementor-top-section elementor-element elementor-element-8b9833d elementor-section-boxed elementor-section-height-default elementor-section-height-default\" data-id=\"8b9833d\" data-element_type=\"section\" data-e-type=\"section\">\n\t\t\t\t\t\t<div class=\"elementor-container elementor-column-gap-default\">\n\t\t\t\t\t<div class=\"elementor-column elementor-col-50 elementor-top-column elementor-element elementor-element-edb33fa\" data-id=\"edb33fa\" data-element_type=\"column\" data-e-type=\"column\" data-settings=\"{&quot;animation&quot;:&quot;none&quot;,&quot;background_background&quot;:&quot;classic&quot;}\">\n\t\t\t<div class=\"elementor-widget-wrap elementor-element-populated\">\n\t\t\t\t\t\t<div class=\"elementor-element elementor-element-4ae40c5 elementor-widget elementor-widget-heading\" data-id=\"4ae40c5\" data-element_type=\"widget\" data-e-type=\"widget\" data-settings=\"{&quot;_animation&quot;:&quot;none&quot;}\" data-widget_type=\"heading.default\">\n\t\t\t\t\t<h2 class=\"elementor-heading-title elementor-size-default\">VERKAUFSUNTERLAGEN<\/h2>\t\t\t\t<\/div>\n\t\t\t\t<div class=\"elementor-element elementor-element-edd8d24 text_with_link elementor-widget elementor-widget-text-editor\" data-id=\"edd8d24\" data-element_type=\"widget\" data-e-type=\"widget\" data-widget_type=\"text-editor.default\">\n\t\t\t\t\t\t\t\t\t<p>H\u00e4ndler\/Importeure: <a href=\"https:\/\/softlinefurniture.com\/de\/haendlerkontakte\/\">Verkaufsunterlagen k\u00f6nnen per E-Mail angefordert werden.<\/a><\/p>\n<p>Privatkunden: <a href=\"mailto:info@softline.dk\">Senden Sie uns eine E-Mail und Sie werden \u00fcber einen H\u00e4ndler in Ihrer N\u00e4he informiert.<\/a><\/p>\n<p>&nbsp;<\/p>\n\t\t\t\t\t\t\t\t<\/div>\n\t\t\t\t<div class=\"elementor-element elementor-element-719bd63 elementor-widget elementor-widget-heading\" data-id=\"719bd63\" data-element_type=\"widget\" data-e-type=\"widget\" data-widget_type=\"heading.default\">\n\t\t\t\t\t<h2 class=\"elementor-heading-title elementor-size-default\">VERKAUFS- UND LIEFERBEDINGUNGEN<\/h2>\t\t\t\t<\/div>\n\t\t\t\t<div class=\"elementor-element elementor-element-0d52dcc elementor-widget elementor-widget-text-editor\" data-id=\"0d52dcc\" data-element_type=\"widget\" data-e-type=\"widget\" data-widget_type=\"text-editor.default\">\n\t\t\t\t\t\t\t\t\t<p><a href=\"https:\/\/softlinefurniture.com\/de\/allgemeine-verkaufs-und-lieferbedingungen\/\">Allgemeine Verkaufs- und Lieferungsbedingungen<\/a><\/p>\n\t\t\t\t\t\t\t\t<\/div>\n\t\t\t\t<div class=\"elementor-element elementor-element-f94b263 elementor-align-left view_catalogue_button elementor-widget__width-auto elementor-widget elementor-widget-button\" data-id=\"f94b263\" data-element_type=\"widget\" data-e-type=\"widget\" data-widget_type=\"button.default\">\n\t\t\t\t\t\t\t\t\t\t<a class=\"elementor-button elementor-button-link elementor-size-sm\" href=\"https:\/\/softlinefurniture.com\/wp-content\/uploads\/2025\/10\/Allgemeine-Verkaufs-und-Lieferungsbedingungen-DE.pdf\" target=\"_blank\" id=\"view_sofabeds\">\n\t\t\t\t\t\t<span class=\"elementor-button-content-wrapper\">\n\t\t\t\t\t\t\t\t\t<span class=\"elementor-button-text\">herunterladen<\/span>\n\t\t\t\t\t<\/span>\n\t\t\t\t\t<\/a>\n\t\t\t\t\t\t\t\t<\/div>\n\t\t\t\t<div class=\"elementor-element elementor-element-3d1b889 elementor-widget elementor-widget-spacer\" data-id=\"3d1b889\" data-element_type=\"widget\" data-e-type=\"widget\" data-widget_type=\"spacer.default\">\n\t\t\t\t\t\t\t<div class=\"elementor-spacer\">\n\t\t\t<div class=\"elementor-spacer-inner\"><\/div>\n\t\t<\/div>\n\t\t\t\t\t\t<\/div>\n\t\t\t\t<div class=\"elementor-element elementor-element-8e0514a elementor-widget elementor-widget-heading\" data-id=\"8e0514a\" data-element_type=\"widget\" data-e-type=\"widget\" data-settings=\"{&quot;_animation&quot;:&quot;none&quot;}\" data-widget_type=\"heading.default\">\n\t\t\t\t\t<h2 class=\"elementor-heading-title elementor-size-default\">PREISE<\/h2>\t\t\t\t<\/div>\n\t\t\t\t<div class=\"elementor-element elementor-element-82a3025 text_with_link elementor-widget elementor-widget-text-editor\" data-id=\"82a3025\" data-element_type=\"widget\" data-e-type=\"widget\" data-widget_type=\"text-editor.default\">\n\t\t\t\t\t\t\t\t\t<p>H\u00e4ndler\/Importeure: <a href=\"mailto:info@softline.dk\" target=\"_blank\" rel=\"noopener\">Preislisten k\u00f6nnen per E-Mail angefordert werden.<\/a><\/p>\n<p>Privatkunden: <a href=\"mailto:info@softline.dk\" target=\"_blank\" rel=\"noopener\">Senden Sie uns eine E-Mail und Sie werden \u00fcber einen H\u00e4ndler in Ihrer N\u00e4he informiert.<\/a><\/p>\n\t\t\t\t\t\t\t\t<\/div>\n\t\t\t\t\t<\/div>\n\t\t<\/div>\n\t\t\t\t<div class=\"elementor-column elementor-col-50 elementor-top-column elementor-element elementor-element-aa69f05\" data-id=\"aa69f05\" data-element_type=\"column\" data-e-type=\"column\" data-settings=\"{&quot;animation&quot;:&quot;none&quot;,&quot;background_background&quot;:&quot;classic&quot;}\">\n\t\t\t<div class=\"elementor-widget-wrap elementor-element-populated\">\n\t\t\t\t\t\t<div class=\"elementor-element elementor-element-ab61365 elementor-widget elementor-widget-heading\" data-id=\"ab61365\" data-element_type=\"widget\" data-e-type=\"widget\" data-settings=\"{&quot;_animation&quot;:&quot;none&quot;}\" data-widget_type=\"heading.default\">\n\t\t\t\t\t<h2 class=\"elementor-heading-title elementor-size-default\">LIEFERUNG<\/h2>\t\t\t\t<\/div>\n\t\t\t\t<div class=\"elementor-element elementor-element-ad561e1 elementor-widget elementor-widget-text-editor\" data-id=\"ad561e1\" data-element_type=\"widget\" data-e-type=\"widget\" data-widget_type=\"text-editor.default\">\n\t\t\t\t\t\t\t\t\t<p>4-5 Wochen<br \/>(excl. Transportzeit)<\/p>\n\t\t\t\t\t\t\t\t<\/div>\n\t\t\t\t<div class=\"elementor-element elementor-element-90ccb12 elementor-widget elementor-widget-heading\" data-id=\"90ccb12\" data-element_type=\"widget\" data-e-type=\"widget\" data-settings=\"{&quot;_animation&quot;:&quot;none&quot;}\" data-widget_type=\"heading.default\">\n\t\t\t\t\t<h2 class=\"elementor-heading-title elementor-size-default\">FERIEN<\/h2>\t\t\t\t<\/div>\n\t\t\t\t<div class=\"elementor-element elementor-element-257acc3 elementor-widget elementor-widget-text-editor\" data-id=\"257acc3\" data-element_type=\"widget\" data-e-type=\"widget\" data-widget_type=\"text-editor.default\">\n\t\t\t\t\t\t\t\t\tDIE PRODUKTION \/ URLAUB<br><br>Zeitraum: 20. Juli bis 31. Juli 2026 (beide Tage inkl.)<br><br>Weitere Informationen zu Feiertage, Lieferzeiten und Ruhetage im Werk k\u00f6nnen unten heruntergeladen werden:\t\t\t\t\t\t\t\t<\/div>\n\t\t\t\t<div class=\"elementor-element elementor-element-6ea4a5b elementor-align-left elementor-widget__width-auto view_catalogue_button elementor-widget elementor-widget-button\" data-id=\"6ea4a5b\" data-element_type=\"widget\" data-e-type=\"widget\" data-widget_type=\"button.default\">\n\t\t\t\t\t\t\t\t\t\t<a class=\"elementor-button elementor-button-link elementor-size-sm\" href=\"https:\/\/softlinefurniture.com\/wp-content\/uploads\/2026\/01\/Ferien-2026-und-Lieferzeiten-DE.pdf\" target=\"_blank\" rel=\"nofollow\">\n\t\t\t\t\t\t<span class=\"elementor-button-content-wrapper\">\n\t\t\t\t\t\t\t\t\t<span class=\"elementor-button-text\">+ info<\/span>\n\t\t\t\t\t<\/span>\n\t\t\t\t\t<\/a>\n\t\t\t\t\t\t\t\t<\/div>\n\t\t\t\t\t<\/div>\n\t\t<\/div>\n\t\t\t\t\t<\/div>\n\t\t<\/section>\n\t\t\t\t<section data-particle_enable=\"false\" data-particle-mobile-disabled=\"false\" class=\"elementor-section elementor-top-section elementor-element elementor-element-7fcd4a9 elementor-section-boxed elementor-section-height-default elementor-section-height-default\" data-id=\"7fcd4a9\" data-element_type=\"section\" data-e-type=\"section\">\n\t\t\t\t\t\t<div class=\"elementor-container elementor-column-gap-default\">\n\t\t\t\t\t<div class=\"elementor-column elementor-col-50 elementor-top-column elementor-element elementor-element-e0d3563 elementor-invisible\" data-id=\"e0d3563\" data-element_type=\"column\" data-e-type=\"column\" data-settings=\"{&quot;animation&quot;:&quot;fadeInLeft&quot;}\">\n\t\t\t<div class=\"elementor-widget-wrap elementor-element-populated\">\n\t\t\t\t\t\t<div class=\"elementor-element elementor-element-cc9047f elementor-widget elementor-widget-image\" data-id=\"cc9047f\" data-element_type=\"widget\" data-e-type=\"widget\" data-widget_type=\"image.default\">\n\t\t\t\t\t\t\t\t\t\t\t\t\t\t\t<img fetchpriority=\"high\" decoding=\"async\" width=\"974\" height=\"1130\" src=\"https:\/\/softlinefurniture.com\/wp-content\/uploads\/2020\/05\/information-1.png\" class=\"attachment-full size-full wp-image-1978\" alt=\"information softline\" srcset=\"https:\/\/softlinefurniture.com\/wp-content\/uploads\/2020\/05\/information-1.png 974w, https:\/\/softlinefurniture.com\/wp-content\/uploads\/2020\/05\/information-1-150x174.png 150w, https:\/\/softlinefurniture.com\/wp-content\/uploads\/2020\/05\/information-1-300x348.png 300w, https:\/\/softlinefurniture.com\/wp-content\/uploads\/2020\/05\/information-1-64x74.png 64w\" sizes=\"(max-width: 974px) 100vw, 974px\" \/>\t\t\t\t\t\t\t\t\t\t\t\t\t\t\t<\/div>\n\t\t\t\t\t<\/div>\n\t\t<\/div>\n\t\t\t\t<div class=\"elementor-column elementor-col-50 elementor-top-column elementor-element elementor-element-85d5be4\" data-id=\"85d5be4\" data-element_type=\"column\" data-e-type=\"column\" data-settings=\"{&quot;animation&quot;:&quot;none&quot;,&quot;background_background&quot;:&quot;classic&quot;}\">\n\t\t\t<div class=\"elementor-widget-wrap elementor-element-populated\">\n\t\t\t\t\t\t<div class=\"elementor-element elementor-element-a30454b elementor-widget elementor-widget-heading\" data-id=\"a30454b\" data-element_type=\"widget\" data-e-type=\"widget\" data-settings=\"{&quot;_animation&quot;:&quot;none&quot;}\" data-widget_type=\"heading.default\">\n\t\t\t\t\t<h2 class=\"elementor-heading-title elementor-size-default\">BANKDATEN<\/h2>\t\t\t\t<\/div>\n\t\t\t\t<div class=\"elementor-element elementor-element-2d74221 elementor-widget elementor-widget-text-editor\" data-id=\"2d74221\" data-element_type=\"widget\" data-e-type=\"widget\" data-widget_type=\"text-editor.default\">\n\t\t\t\t\t\t\t\t\t<p>Danske Bank A\/S<br \/>Torvet 6 DK-4100 Ringsted<br \/>Denmark<\/p>\n<p>Reg. No.: 4955<br \/>Account No.: 3525538745<\/p>\n<p>IBAN: DK 68 3000 3525 5387 45<br \/>SWIFT: DABA DKKK XXX<\/p>\n<p>VAT: DK 27266355<\/p>\n\t\t\t\t\t\t\t\t<\/div>\n\t\t\t\t\t<\/div>\n\t\t<\/div>\n\t\t\t\t\t<\/div>\n\t\t<\/section>\n\t\t\t\t<\/div>\n\t\t","protected":false},"excerpt":{"rendered":"<p>Information VERKAUFSUNTERLAGEN H\u00e4ndler\/Importeure: Verkaufsunterlagen k\u00f6nnen per E-Mail angefordert werden. Privatkunden: Senden Sie uns eine E-Mail und Sie werden \u00fcber einen H\u00e4ndler in Ihrer N\u00e4he informiert. &nbsp; VERKAUFS- UND LIEFERBEDINGUNGEN Allgemeine Verkaufs- und Lieferungsbedingungen herunterladen PREISE H\u00e4ndler\/Importeure: Preislisten k\u00f6nnen per E-Mail angefordert werden. Privatkunden: Senden Sie uns eine E-Mail und Sie werden \u00fcber einen H\u00e4ndler in [&hellip;]<\/p>\n","protected":false},"author":1,"featured_media":0,"parent":0,"menu_order":0,"comment_status":"closed","ping_status":"closed","template":"elementor_header_footer","meta":{"_acf_changed":false,"footnotes":""},"class_list":["post-18048","page","type-page","status-publish","hentry"],"acf":[],"_links":{"self":[{"href":"https:\/\/softlinefurniture.com\/de\/wp-json\/wp\/v2\/pages\/18048","targetHints":{"allow":["GET"]}}],"collection":[{"href":"https:\/\/softlinefurniture.com\/de\/wp-json\/wp\/v2\/pages"}],"about":[{"href":"https:\/\/softlinefurniture.com\/de\/wp-json\/wp\/v2\/types\/page"}],"author":[{"embeddable":true,"href":"https:\/\/softlinefurniture.com\/de\/wp-json\/wp\/v2\/users\/1"}],"replies":[{"embeddable":true,"href":"https:\/\/softlinefurniture.com\/de\/wp-json\/wp\/v2\/comments?post=18048"}],"version-history":[{"count":0,"href":"https:\/\/softlinefurniture.com\/de\/wp-json\/wp\/v2\/pages\/18048\/revisions"}],"wp:attachment":[{"href":"https:\/\/softlinefurniture.com\/de\/wp-json\/wp\/v2\/media?parent=18048"}],"curies":[{"name":"wp","href":"https:\/\/api.w.org\/{rel}","templated":true}]}}