{"id":18053,"date":"2020-04-26T17:05:06","date_gmt":"2020-04-26T15:05:06","guid":{"rendered":"https:\/\/softlinefurniture.com\/personenbezogene-daten\/"},"modified":"2026-02-11T08:06:55","modified_gmt":"2026-02-11T07:06:55","slug":"datenshutz-und-ccokies","status":"publish","type":"page","link":"https:\/\/softlinefurniture.com\/de\/datenshutz-und-ccokies\/","title":{"rendered":"Datenschutz und Cookies"},"content":{"rendered":"\t\t<div data-elementor-type=\"wp-page\" data-elementor-id=\"18053\" class=\"elementor elementor-18053 elementor-58\" data-elementor-post-type=\"page\">\n\t\t\t\t\t\t<section data-particle_enable=\"false\" data-particle-mobile-disabled=\"false\" class=\"elementor-section elementor-top-section elementor-element elementor-element-138fe8ba elementor-section-boxed elementor-section-height-default elementor-section-height-default\" data-id=\"138fe8ba\" data-element_type=\"section\" data-e-type=\"section\">\n\t\t\t\t\t\t<div class=\"elementor-container elementor-column-gap-default\">\n\t\t\t\t\t<div class=\"elementor-column elementor-col-100 elementor-top-column elementor-element elementor-element-51121f7e\" data-id=\"51121f7e\" data-element_type=\"column\" data-e-type=\"column\">\n\t\t\t<div class=\"elementor-widget-wrap elementor-element-populated\">\n\t\t\t\t\t\t<div class=\"elementor-element elementor-element-29f396d elementor-widget elementor-widget-heading\" data-id=\"29f396d\" data-element_type=\"widget\" data-e-type=\"widget\" data-widget_type=\"heading.default\">\n\t\t\t\t\t<h1 class=\"elementor-heading-title elementor-size-default\">DATENSCHUTZ UND COOKIES<\/h1>\t\t\t\t<\/div>\n\t\t\t\t<div class=\"elementor-element elementor-element-59a4faad elementor-widget elementor-widget-text-editor\" data-id=\"59a4faad\" data-element_type=\"widget\" data-e-type=\"widget\" data-widget_type=\"text-editor.default\">\n\t\t\t\t\t\t\t\t\t<strong>DATENSCHUTZERKL\u00c4RUNG<\/strong><br><br><strong>I. Name und Anschrift des Verantwortlichen<\/strong><br><br>Der Verantwortliche im Sinne der Datenschutz-Grundverordnung und anderer nationaler Datenschutzgesetze der Mitgliedsstaaten sowie sonstiger datenschutzrechtlicher Bestimmungen ist die:<br><br>SOFTLINE A\/S<br><br>Kidnakken 5, 4930 Maribo<br><br>CVR nr. 27 26 63 55<br><br>Telefon: + 45 54 16 06 80<br><br>Mail: info@softline.dk<br><br>&nbsp;<br><br><strong>II. Name und Anschrift des Datenschutzbeauftragten<\/strong><br><br>Der Datenschutzbeauftragte des Verantwortlichen ist:<br><br>Gitte Bruun-Simonsen<br><br>&nbsp;<br><br><strong>III. Allgemeines zur Datenverarbeitung<\/strong><br><ol>\r\n \t<li><strong> Umfang der Verarbeitung personenbezogener Daten<\/strong><\/li>\r\n<\/ol><br>Wir verarbeiten personenbezogene Daten unserer Nutzer grunds\u00e4tzlich nur, soweit dies zur Bereitstellung einer funktionsf\u00e4higen Website sowie unserer Inhalte und Leistungen erforderlich ist. Die Verarbeitung personenbezogener Daten unserer Nutzer erfolgt regelm\u00e4\u00dfig nur nach Einwilligung des Nutzers. Eine Ausnahme gilt in solchen F\u00e4llen, in denen eine vorherige Einholung einer Einwilligung aus tats\u00e4chlichen Gr\u00fcnden nicht m\u00f6glich ist und die Verarbeitung der Daten durch gesetzliche Vorschriften gestattet ist.<br><ol start=\"2\">\r\n \t<li><strong> Rechtsgrundlage f\u00fcr die Verarbeitung personenbezogener Daten<\/strong><\/li>\r\n<\/ol><br>Soweit wir f\u00fcr Verarbeitungsvorg\u00e4nge personenbezogener Daten eine Einwilligung der betroffenen Person einholen, dient Art. 6 Abs. 1 lit. a EU-Datenschutzgrundverordnung (DSGVO) als Rechtsgrundlage.<br><br>Bei der Verarbeitung von personenbezogenen Daten, die zur Erf\u00fcllung eines Vertrages, dessen Vertragspartei die betroffene Person ist, erforderlich ist, dient Art. 6 Abs. 1 lit. b DSGVO als Rechtsgrundlage. Dies gilt auch f\u00fcr Verarbeitungsvorg\u00e4nge, die zur Durchf\u00fchrung vorvertraglicher Ma\u00dfnahmen erforderlich sind.<br><br>Soweit eine Verarbeitung personenbezogener Daten zur Erf\u00fcllung einer rechtlichen Verpflichtung erforderlich ist, der unser Unternehmen unterliegt, dient Art. 6 Abs. 1 lit. c DSGVO als Rechtsgrundlage.<br><br>F\u00fcr den Fall, dass lebenswichtige Interessen der betroffenen Person oder einer anderen nat\u00fcrlichen Person eine Verarbeitung personenbezogener Daten erforderlich machen, dient Art. 6 Abs. 1 lit. d DSGVO als Rechtsgrundlage.<br><br>Ist die Verarbeitung zur Wahrung eines berechtigten Interesses unseres Unternehmens oder eines Dritten erforderlich und \u00fcberwiegen die Interessen, Grundrechte und Grundfreiheiten des Betroffenen das erstgenannte Interesse nicht, so dient Art. 6 Abs. 1 lit. f DSGVO als Rechtsgrundlage f\u00fcr die Verarbeitung.<br><ol start=\"3\">\r\n \t<li><strong> Datenl\u00f6schung und Speicherdauer<\/strong><\/li>\r\n<\/ol><br>Die personenbezogenen Daten der betroffenen Person werden gel\u00f6scht oder gesperrt, sobald der Zweck der Speicherung entf\u00e4llt. Eine Speicherung kann dar\u00fcber hinaus erfolgen, wenn dies durch den europ\u00e4ischen oder nationalen Gesetzgeber in unionsrechtlichen Verordnungen, Gesetzen oder sonstigen Vorschriften, denen der Verantwortliche unterliegt, vorgesehen wurde. Eine Sperrung oder L\u00f6schung der Daten erfolgt auch dann, wenn eine durch die genannten Normen vorgeschriebene Speicherfrist abl\u00e4uft, es sei denn, dass eine Erforderlichkeit zur weiteren Speicherung der Daten f\u00fcr einen Vertragsabschluss oder eine Vertragserf\u00fcllung besteht.<br><br>&nbsp;<br><br><strong>IV. Abschluss von Vertr\u00e4gen<\/strong><br><br>(a) Wenn Sie mit uns einen Kauf- oder Werkliefervertrag schlie\u00dfen, erheben wir\u00a0 regelm\u00e4\u00dfig folgende Informationen:<br><br>&#8211;\u00a0\u00a0\u00a0\u00a0\u00a0\u00a0\u00a0\u00a0\u00a0\u00a0\u00a0\u00a0\u00a0\u00a0\u00a0\u00a0\u00a0\u00a0\u00a0\u00a0 Anrede, Vorname, Nachname<br><br>&#8211;\u00a0\u00a0\u00a0\u00a0\u00a0\u00a0\u00a0\u00a0\u00a0\u00a0\u00a0\u00a0\u00a0\u00a0\u00a0\u00a0\u00a0\u00a0\u00a0\u00a0 Unternehmens-\/Firmenbezeichnung<br><br>&#8211;\u00a0\u00a0\u00a0\u00a0\u00a0\u00a0\u00a0\u00a0\u00a0\u00a0\u00a0\u00a0\u00a0\u00a0\u00a0\u00a0\u00a0\u00a0\u00a0\u00a0 eine E-Mail-Adresse<br><br>&#8211;\u00a0\u00a0\u00a0\u00a0\u00a0\u00a0\u00a0\u00a0\u00a0\u00a0\u00a0\u00a0\u00a0\u00a0\u00a0\u00a0\u00a0\u00a0\u00a0\u00a0 Anschrift<br><br>&#8211;\u00a0\u00a0\u00a0\u00a0\u00a0\u00a0\u00a0\u00a0\u00a0\u00a0\u00a0\u00a0\u00a0\u00a0\u00a0\u00a0\u00a0\u00a0\u00a0\u00a0 Umsatzsteueridentifikationsnummer<br><br>&#8211;\u00a0\u00a0\u00a0\u00a0\u00a0\u00a0\u00a0\u00a0\u00a0\u00a0\u00a0\u00a0\u00a0\u00a0\u00a0\u00a0\u00a0\u00a0\u00a0\u00a0 ggfs. Geburtsdatum und Lohnsteuermerkmale<br><br>&#8211;\u00a0\u00a0\u00a0\u00a0\u00a0\u00a0\u00a0\u00a0\u00a0\u00a0\u00a0\u00a0\u00a0\u00a0\u00a0\u00a0\u00a0\u00a0\u00a0\u00a0 Telefonnummer (Festnetz und\/oder Mobilfunk)<br><br>&#8211;\u00a0 \u00a0 \u00a0 \u00a0 \u00a0 \u00a0 \u00a0 \u00a0 \u00a0 \u00a0 \u00a0Informationen, die zur Erbringung unserer Dienstleistungen sowie damit verbundener T\u00e4tigkeiten erforderlich sind.<br><br>(b) Die Erhebung dieser Daten erfolgt<br><br>&#8211;\u00a0\u00a0\u00a0\u00a0\u00a0\u00a0\u00a0\u00a0\u00a0\u00a0\u00a0\u00a0\u00a0\u00a0\u00a0\u00a0\u00a0\u00a0\u00a0\u00a0 um Sie als unseren Kunden identifizieren zu k\u00f6nnen<br><br>&#8211;\u00a0\u00a0\u00a0\u00a0\u00a0\u00a0\u00a0\u00a0\u00a0\u00a0\u00a0\u00a0\u00a0\u00a0\u00a0\u00a0\u00a0\u00a0\u00a0\u00a0 um Sie angemessen beraten zu k\u00f6nnen<br><br>&#8211;\u00a0\u00a0\u00a0\u00a0\u00a0\u00a0\u00a0\u00a0\u00a0\u00a0\u00a0\u00a0\u00a0\u00a0\u00a0\u00a0\u00a0\u00a0\u00a0\u00a0 zur Korrespondenz mit Ihnen<br><br>&#8211;\u00a0\u00a0\u00a0\u00a0\u00a0\u00a0\u00a0\u00a0\u00a0\u00a0\u00a0\u00a0\u00a0\u00a0\u00a0\u00a0\u00a0\u00a0\u00a0\u00a0 zur Rechnungsstellung<br><br>&#8211;\u00a0\u00a0\u00a0\u00a0\u00a0\u00a0\u00a0\u00a0\u00a0\u00a0\u00a0\u00a0\u00a0\u00a0\u00a0\u00a0\u00a0\u00a0\u00a0\u00a0 zur Abwicklung von evtl. vorliegenden Gew\u00e4hrleistungsanspr\u00fcchen<br><br>(c) Die Datenverarbeitung erfolgt im Rahmen der Anbahnung, des Abschlusses oder der Durchf\u00fchrung des Vertrages hin und ist nach Art. 6 Abs. 1 S. 1 lit. b DSGVO zu den genannten Zwecken f\u00fcr die angemessene Bearbeitung des Auftrags und f\u00fcr die beidseitige Erf\u00fcllung von Verpflichtungen aus dem Vertrag erforderlich.<br><br>(d) Die erhobenen Daten werden gel\u00f6scht, sobald sie f\u00fcr die Erf\u00fcllung des Vertrages oder f\u00fcr die Erf\u00fcllung des Zwecks, zu dem sie erhoben wurden, nicht mehr erforderlich sind. Soweit wir nach Artikel 6 Abs. 1 S. 1 lit. c DSGVO aufgrund von steuer- und handelsrechtlichen Aufbewahrungs- und Dokumentationspflichten (aus HGB, StGB oder AO) zu einer l\u00e4ngeren Speicherung verpflichtet sind, eine Speicherung gem\u00e4\u00df Artikel 6 Abs. 1 S. 1 lit. b und lit. f DSGVO bis zum Ablauf etwaiger Verj\u00e4hrungsfristen (z.B. zur Abwicklung etwaiger Gew\u00e4hrleistungsanspr\u00fcche erforderlich ist oder Sie in eine dar\u00fcber hinausgehende Speicherung nach Art. 6 Abs. 1 S. 1 lit. a DSGVO eingewilligt haben, ist eine l\u00e4ngere Speicherung m\u00f6glich.<br><br>(e) Weitergabe von Daten an Dritte und in Drittl\u00e4nder<br><br>Im Rahmen der Vertragsanbahnung und -erf\u00fcllung binden wir Dritte ein. Solche Dritte sind beispielsweise unsere Subunternehmer, Steuerberater oder IT-Dienstleister.<br><br>Wir geben Ihre Daten nur dann an diese Dritten weiter, wenn Sie hierein eingewilligt haben oder die Weitergabe ansonsten gesetzlich erlaubt ist, insbesondere, wenn dies im Rahmen der Vertragsanbahnung oder zur Erbringung einer vertraglichen Pflicht notwendig ist, Art. 6 Abs. 1 lit. b DSGVO, wir einer gesetzlichen Pflicht nachkommen nach Art. 6 Abs. 1 lit. c DSGVO oder wenn die Weitergabe unseren berechtigten Interessen gem. Art. 6 Abs. 1 Abs. 1 lit. f DSVGO an einem wirtschaftlichen und effektiven Gesch\u00e4ftsbetrieb dient.<br><br>Sofern wir Subunternehmer in die Verarbeitung der Daten einbinden, stellen wir durch rechtliche Vorkehrungen und angemessene technische und organisatorische Ma\u00dfnahmen sicher, dass die Daten gesch\u00fctzt sind und die einschl\u00e4gigen gesetzlichen Vorschriften eingehalten werden. Sofern wir Dritte mit der Verarbeitung mit der Verarbeitung von Daten beauftragen, geschieht dies auf Grundlage des Art. 28 DSGVO, durch Abschluss eines Auftragsverarbeitungsvertrages.<br><br>Teilweise werden Daten durch Dienstleister auch in Drittl\u00e4ndern verarbeitet. Dies sind Staaten au\u00dferhalb der Europ\u00e4ischen Union (EU) oder des Europ\u00e4ischen Wirtschaftsraums (EWR). Eine solche Verarbeitung findet allerdings nur dann statt, wenn die besonderen Voraussetzungen der Art. 44 DSGVO erf\u00fcllt sind. Auch in diesen F\u00e4llen ist ein angemessenes Datenschutzniveau sichergestellt. Denn in diesen Drittl\u00e4ndern bestehen entweder angemessene Garantien daf\u00fcr, dass ein mit der EU vergleichbares Datenschutzniveau existiert (z. B. f\u00fcr die USA durch das \u201eEU-US Privacy Shield&#8221;) oder wir binden diese Dienstleister mittels vertraglicher Verpflichtungen ein, die ein angemessenes Datenschutzniveau sicherstellen (sogenannte \u201eEU Standardvertragsklauseln&#8221;).<br><br>&nbsp;<br><br><strong>V. Bereitstellung der Website <\/strong><br><ol>\r\n \t<li><strong> Verarbeitung auf Grund von Art. 6 Abs. 1 S. 1 lit. f DSGVO<\/strong><\/li>\r\n<\/ol><br><strong>Kommunikationsdaten<\/strong><br><br>In Verbindung mit Ihrem Zugriff auf dieses Internetangebot werden nur f\u00fcr die Zeit des Kommunikationsvorgangs Daten gespeichert und verarbeitet (z. B. IP-Adresse, Datum, Uhrzeit und betrachtete Seiten). Nach Beendigung des Kommunikationsvorgangs wird die IP-Adresse anonymisiert, ohne dass dabei personenbezogene Nutzerprofile gebildet werden. Die anonymisierten Daten werden f\u00fcr statistische Zwecke ausgewertet.<br><br>Sie Sind nicht verpflichtet, diese Daten bereitzustellen, m\u00f6glicherweise funktioniert der Aufruf und die Anzeige unserer Internet-Seiten jedoch nicht wie gew\u00fcnscht, wenn die Daten nicht bereitgestellt werden.<br><br>&nbsp;<br><br><script id=\"CookiePolicy\" src=\"https:\/\/policy.app.cookieinformation.com\/cid.js\" data-culture=\"de\" type=\"text\/javascript\"><\/script><br><br>&nbsp;<br><ol start=\"2\">\r\n \t<li><strong> Verarbeitung auf Grund von Art. 6 Abs. 1 S. 1 lit. a bzw. b) DSGVO<\/strong><\/li>\r\n<\/ol><br><strong>Kontaktdaten, weitere personenbezogene Daten<\/strong><br><br>Dar\u00fcber hinaus werden personenbezogene Daten (z. B. Ihr Name, Ihre E-Mail-Adresse usw.) nur dann \u00fcbermittelt, wenn Sie uns ausdr\u00fccklich und wissentlich solche Informationen f\u00fcr bestimmte Zwecke zur Verf\u00fcgung stellen (bspw. im Rahmen der M\u00f6glichkeit der \u201eKontaktaufnahme\u201c \u00fcber unsere Webseite, bei Anmeldung f\u00fcr den Newsletter oder bei Anlegung eines Nutzerkontos). Sie werden nur in dem Umfang verarbeitet, gespeichert und weitergeleitet, wie es f\u00fcr den jeweiligen Zweck erforderlich ist oder Ihre Einwilligung vorliegt.<br><br>Diese Verarbeitung erfolgt auf der Grundlage des Art. 6 Abs. 1 S. 1 a) bzw. b) DS-GVO.<br><br>Liegt der Verarbeitung Ihre Einwilligung zu Grunde, haben Sie das Recht, die Einwilligung jederzeit zu widerrufen, ohne dass die Rechtm\u00e4\u00dfigkeit der aufgrund der Einwilligung bis zum Widerruf erfolgten Verarbeitung ber\u00fchrt wird.<br><br>Sie Sind nicht verpflichtet, diese Daten bereitzustellen, den Zwecken der Zurverf\u00fcgungstellung (bspw. Kontaktaufnahme) kann dann aber nicht entsprochen werden.<br><br>Die Kommunikation mit der Webseite ist \u2013 soweit technisch unterst\u00fctzt \u2013 \u00fcber das \u201eHypertext Transfer Protocol Secure\u201c (HTTPS) abgesichert.<br><br>Diese Daten werden f\u00fcr den jeweils erforderlichen Zeitraum unter Ber\u00fccksichtigung etwaiger zivilrechtlicher Verj\u00e4hrungsfristen und weiterer gesetzlicher Aufbewahrungsfristen gespeichert.<br><ol start=\"3\">\r\n \t<li><strong> Datensicherheit<\/strong><\/li>\r\n<\/ol><br>Wir verwenden innerhalb des Website-Besuchs das verbreitete SSL-Verfahren (Secure Socket Layer) in Verbindung mit der jeweils h\u00f6chsten Verschl\u00fcsselungsstufe, die von Ihrem Browser unterst\u00fctzt wird. In der Regel handelt es sich dabei um eine 256 Bit Verschl\u00fcsselung. Falls Ihr Browser keine 256-Bit Verschl\u00fcsselung unterst\u00fctzt, greifen wir stattdessen auf 128-Bit v3 Technologie zur\u00fcck. Ob eine einzelne Seite unseres Internetauftrittes verschl\u00fcsselt \u00fcbertragen wird, erkennen Sie an der geschlossenen Darstellung des Sch\u00fcssel- beziehungsweise Schloss-Symbols in der unteren Statusleiste Ihres Browsers.<br><br>Wir bedienen uns im \u00dcbrigen geeigneter technischer und organisatorischer Sicherheitsma\u00dfnahmen, um Ihre Daten gegen zuf\u00e4llige oder vors\u00e4tzliche Manipulationen, teilweisen oder vollst\u00e4ndigen Verlust, Zerst\u00f6rung oder gegen den unbefugten Zugriff Dritter zu sch\u00fctzen. Unsere Sicherheitsma\u00dfnahmen werden entsprechend der technologischen Entwicklung fortlaufend verbessert.<br><ol start=\"4\">\r\n \t<li><strong> Automatisierte Entscheidungsfindung<\/strong><\/li>\r\n<\/ol><br>Wir verwenden keine automatisierte Entscheidungsfindung und kein Profiling gem\u00e4\u00df Artikel 22 Abs\u00e4tze 1 und 4 DSGVO.<br><ol start=\"5\">\r\n \t<li><strong> Zweckbindung Ihrer Daten<\/strong><\/li>\r\n<\/ol><br>Ihre pers\u00f6nlichen Daten werden nur zu dem vorgenannten Zweck verwendet, f\u00fcr den Sie diese uns \u00fcberlassen bzw. f\u00fcr deren Nutzung und Weitergabe Sie Ihr Einverst\u00e4ndnis gegeben haben. Erhebungen von bzw. \u00dcbermittlungen an staatliche Einrichtungen und Beh\u00f6rden erfolgen nur im Rahmen zwingender nationaler Rechtsvorschriften.<br><ol start=\"6\">\r\n \t<li><strong> Newsletter<\/strong><\/li>\r\n<\/ol><br>Auf unserer Internetseite besteht die M\u00f6glichkeit einen kostenfreien Newsletter zu abonnieren. Dabei werden bei der Anmeldung zum Newsletter die Daten aus der Eingabemaske an uns \u00fcbermittelt. Dies sind in jedem der Name und die E-Mail-Adresse des Empf\u00e4ngers. Au\u00dferdem wird automatisiert die IP-Adresse sowie das Datum und die Uhrzeit des Zugriffs gespeichert.<br><br>Rechtsgrundlage f\u00fcr die Verarbeitung der Daten nach Anmeldung zum Newsletter durch den Nutzer ist bei Vorliegen Ihrer Einwilligung, die Sie durch die Anmeldung zum Newsletter erteilen, Art. 6 Abs. 1 lit. a DSGVO.<br><br>Die Daten werden gel\u00f6scht, sobald sie f\u00fcr die Erreichung des Zweckes ihrer Erhebung nicht mehr erforderlich sind. Die E-Mail-Adresse des Nutzers wird demnach solange gespeichert, wie das Abonnement des Newsletters aktiv ist.<br><br>Das Abonnement des Newsletters kann durch den betroffenen Nutzer jederzeit gek\u00fcndigt werden. Zu diesem Zweck findet sich in jedem Newsletter ein entsprechender Link.<br><ol start=\"7\">\r\n \t<li><strong> Aufsichtsbeh\u00f6rde<\/strong><\/li>\r\n<\/ol><br>Sie haben weiter das Recht, sich an die f\u00fcr uns zust\u00e4ndige Aufsichtsbeh\u00f6rde f\u00fcr den Bereich Datenschutz u.a. mit Beschwerden zu wenden. Diese ist:<br><br>Datatilsynet (d\u00e4nische Datenschutzaufsicht)<br><br>Borgergade 28, 5., DK-1300 K\u00f8benhavn K<br><ol start=\"8\">\r\n \t<li><strong> Sonstige Links auf externe Anbieter<\/strong><\/li>\r\n<\/ol><br>Soweit dar\u00fcber hinaus auf Webseiten anderer Anbieter verlinkt wird, gilt diese Datenschutzerkl\u00e4rung nicht f\u00fcr deren Inhalte. Welche Daten die Betreiber dieser Seiten m\u00f6glicherweise erheben, entzieht sich unserer Kenntnis und unserem Einflussbereich. Informationen erhalten Sie im Datenschutzhinweis der jeweiligen Seite.<br><br>&nbsp;<br><br><strong>VI. Betroffenenrechte<\/strong><br><ol>\r\n \t<li><strong> \u00dcbersicht<\/strong><\/li>\r\n<\/ol><br>Sie haben das Recht:<br><ul>\r\n \t<li>gem\u00e4\u00df Art. 15 DSGVO Auskunft \u00fcber Ihre von uns verarbeiteten personenbezogenen Daten zu verlangen. Insbesondere k\u00f6nnen Sie Auskunft \u00fcber die Verarbeitungszwecke, die Kategorie der personenbezogenen Daten, die Kategorien von Empf\u00e4ngern, gegen\u00fcber denen Ihre Daten offengelegt wurden oder werden, die geplante Speicherdauer, das Bestehen eines Rechts auf Berichtigung, L\u00f6schung, Einschr\u00e4nkung der Verarbeitung oder Widerspruch, das Bestehen eines Beschwerderechts, die Herkunft ihrer Daten, sofern diese nicht bei uns erhoben wurden, sowie \u00fcber das Bestehen einer automatisierten Entscheidungsfindung einschlie\u00dflich Profiling und ggf. aussagekr\u00e4ftigen Informationen zu deren Einzelheiten verlangen (Recht auf Auskunft)<\/li>\r\n \t<li>gem\u00e4\u00df Art. 16 DSGVO unverz\u00fcglich die Berichtigung unrichtiger oder Vervollst\u00e4ndigung Ihrer bei uns gespeicherten personenbezogenen Daten zu verlangen (Recht auf Berichtigung)<\/li>\r\n \t<li>gem\u00e4\u00df Art. 17 DSGVO die L\u00f6schung Ihrer bei uns gespeicherten personenbezogenen Daten zu verlangen, soweit nicht die Verarbeitung zur Aus\u00fcbung des Rechts auf freie Meinungs\u00e4u\u00dferung und Information, zur Erf\u00fcllung einer rechtlichen Verpflichtung, aus Gr\u00fcnden des \u00f6ffentlichen Interesses oder zur Geltendmachung, Aus\u00fcbung oder Verteidigung von Rechtsanspr\u00fcchen erforderlich ist (Recht auf L\u00f6schung)<\/li>\r\n \t<li>gem\u00e4\u00df Art. 18 DSGVO die Einschr\u00e4nkung der Verarbeitung Ihrer personenbezogenen Daten zu verlangen, soweit die Richtigkeit der Daten von Ihnen bestritten wird, die Verarbeitung unrechtm\u00e4\u00dfig ist, Sie aber deren L\u00f6schung ablehnen und wir die Daten nicht mehr ben\u00f6tigen, Sie jedoch diese zur Geltendmachung, Aus\u00fcbung oder Verteidigung von Rechtsanspr\u00fcchen ben\u00f6tigen oder Sie gem\u00e4\u00df Art. 21 DSGVO Widerspruch gegen die Verarbeitung eingelegt haben (Recht auf Einschr\u00e4nkung der Verarbeitung)<\/li>\r\n \t<li>gem\u00e4\u00df Art. 20 DSGVO Ihre personenbezogenen Daten, die Sie uns bereitgestellt haben, in einem strukturierten, g\u00e4ngigen und maschinenlesebaren Format zu erhalten oder die \u00dcbermittlung an einen anderen Verantwortlichen zu verlangen (Recht auf Daten\u00fcbertragbarkeit)<\/li>\r\n \t<li>gem\u00e4\u00df Art. 7 Abs. 3 DSGVO Ihre einmal erteilte Einwilligung jederzeit gegen\u00fcber uns zu widerrufen. Dies hat zur Folge, dass wir die Datenverarbeitung, die auf dieser Einwilligung beruhte, f\u00fcr die Zukunft nicht mehr fortf\u00fchren d\u00fcrfen (Recht auf Widerruf) und<\/li>\r\n \t<li>gem\u00e4\u00df Art. 77 DSGVO sich bei unserer Aufsichtsbeh\u00f6rde zu beschweren (Recht auf Beschwerde)<\/li>\r\n<\/ul><br><ol start=\"2\">\r\n \t<li><strong> Widerspruchsrecht<\/strong><\/li>\r\n<\/ol><br>Sofern Ihre personenbezogenen Daten auf Grundlage von berechtigten Interessen gem\u00e4\u00df Art. 6 Abs. 1 S. 1 lit. f DSGVO verarbeitet werden, haben Sie das Recht, gem\u00e4\u00df Art. 21 DSGVO Widerspruch gegen die Verarbeitung Ihrer personenbezogenen Daten einzulegen, soweit daf\u00fcr Gr\u00fcnde vorliegen, die sich aus Ihrer besonderen Situation ergeben oder sich der Widerspruch gegen Direktwerbung richtet. Im letzteren Fall haben Sie ein generelles Widerspruchsrecht, das ohne Angabe einer besonderen Situation von uns umgesetzt wird.<br><br>M\u00f6chten Sie von Ihrem Widerrufs- oder Widerspruchsrecht Gebrauch machen, gen\u00fcgt eine E-Mail an: info@softline.dk<br><br>&nbsp;<br><br>Zuletzt aktualisiert: 11. November 2021<br><br>&nbsp;\t\t\t\t\t\t\t\t<\/div>\n\t\t\t\t\t<\/div>\n\t\t<\/div>\n\t\t\t\t\t<\/div>\n\t\t<\/section>\n\t\t\t\t<\/div>\n\t\t","protected":false},"excerpt":{"rendered":"<p>DATENSCHUTZ UND COOKIES DATENSCHUTZERKL\u00c4RUNG I. Name und Anschrift des Verantwortlichen Der Verantwortliche im Sinne der Datenschutz-Grundverordnung und anderer nationaler Datenschutzgesetze der Mitgliedsstaaten sowie sonstiger datenschutzrechtlicher Bestimmungen ist die: SOFTLINE A\/S Kidnakken 5, 4930 Maribo CVR nr. 27 26 63 55 Telefon: + 45 54 16 06 80 Mail: info@softline.dk &nbsp; II. Name und Anschrift des [&hellip;]<\/p>\n","protected":false},"author":1,"featured_media":0,"parent":0,"menu_order":0,"comment_status":"closed","ping_status":"closed","template":"elementor_header_footer","meta":{"_acf_changed":false,"footnotes":""},"class_list":["post-18053","page","type-page","status-publish","hentry"],"acf":[],"_links":{"self":[{"href":"https:\/\/softlinefurniture.com\/de\/wp-json\/wp\/v2\/pages\/18053","targetHints":{"allow":["GET"]}}],"collection":[{"href":"https:\/\/softlinefurniture.com\/de\/wp-json\/wp\/v2\/pages"}],"about":[{"href":"https:\/\/softlinefurniture.com\/de\/wp-json\/wp\/v2\/types\/page"}],"author":[{"embeddable":true,"href":"https:\/\/softlinefurniture.com\/de\/wp-json\/wp\/v2\/users\/1"}],"replies":[{"embeddable":true,"href":"https:\/\/softlinefurniture.com\/de\/wp-json\/wp\/v2\/comments?post=18053"}],"version-history":[{"count":0,"href":"https:\/\/softlinefurniture.com\/de\/wp-json\/wp\/v2\/pages\/18053\/revisions"}],"wp:attachment":[{"href":"https:\/\/softlinefurniture.com\/de\/wp-json\/wp\/v2\/media?parent=18053"}],"curies":[{"name":"wp","href":"https:\/\/api.w.org\/{rel}","templated":true}]}}