{"id":19921,"date":"2020-07-07T23:57:52","date_gmt":"2020-07-07T21:57:52","guid":{"rendered":"https:\/\/softlinefurniture.com\/covid-19-informationen\/"},"modified":"2021-05-22T07:36:32","modified_gmt":"2021-05-22T05:36:32","slug":"covid-19-informationen","status":"publish","type":"page","link":"https:\/\/softlinefurniture.com\/de\/covid-19-informationen\/","title":{"rendered":"COVID-19 Informationen"},"content":{"rendered":"\t\t<div data-elementor-type=\"wp-page\" data-elementor-id=\"19921\" class=\"elementor elementor-19921 elementor-18129\" data-elementor-post-type=\"page\">\n\t\t\t\t\t\t<section data-particle_enable=\"false\" data-particle-mobile-disabled=\"false\" class=\"elementor-section elementor-top-section elementor-element elementor-element-7cb08fac elementor-section-boxed elementor-section-height-default elementor-section-height-default\" data-id=\"7cb08fac\" data-element_type=\"section\" data-e-type=\"section\">\n\t\t\t\t\t\t<div class=\"elementor-container elementor-column-gap-default\">\n\t\t\t\t\t<div class=\"elementor-column elementor-col-100 elementor-top-column elementor-element elementor-element-33c8efb1\" data-id=\"33c8efb1\" data-element_type=\"column\" data-e-type=\"column\">\n\t\t\t<div class=\"elementor-widget-wrap elementor-element-populated\">\n\t\t\t\t\t\t<div class=\"elementor-element elementor-element-7264dbb7 elementor-invisible elementor-widget elementor-widget-heading\" data-id=\"7264dbb7\" data-element_type=\"widget\" data-e-type=\"widget\" data-settings=\"{&quot;_animation&quot;:&quot;fadeInUp&quot;}\" data-widget_type=\"heading.default\">\n\t\t\t\t\t<h1 class=\"elementor-heading-title elementor-size-default\">COVID-19 Informationen<\/h1>\t\t\t\t<\/div>\n\t\t\t\t\t<\/div>\n\t\t<\/div>\n\t\t\t\t\t<\/div>\n\t\t<\/section>\n\t\t\t\t<section data-particle_enable=\"false\" data-particle-mobile-disabled=\"false\" class=\"elementor-section elementor-top-section elementor-element elementor-element-3bfe742b elementor-section-boxed elementor-section-height-default elementor-section-height-default\" data-id=\"3bfe742b\" data-element_type=\"section\" data-e-type=\"section\">\n\t\t\t\t\t\t<div class=\"elementor-container elementor-column-gap-default\">\n\t\t\t\t\t<div class=\"elementor-column elementor-col-100 elementor-top-column elementor-element elementor-element-6ff2265c elementor-invisible\" data-id=\"6ff2265c\" data-element_type=\"column\" data-e-type=\"column\" data-settings=\"{&quot;animation&quot;:&quot;fadeInUp&quot;}\">\n\t\t\t<div class=\"elementor-widget-wrap elementor-element-populated\">\n\t\t\t\t\t\t<div class=\"elementor-element elementor-element-c78b85a elementor-widget elementor-widget-text-editor\" data-id=\"c78b85a\" data-element_type=\"widget\" data-e-type=\"widget\" data-widget_type=\"text-editor.default\">\n\t\t\t\t\t\t\t\t\t<p>Weltweit steht nun die Lockerung der Beschr\u00e4nkungen nach dem Lockdown verursacht durch Covid-19 im Mittelpunkt.<\/p>\n<p>Unsere Einrichtungen bei SOFTLINE sind derzeit nicht von Covid-19 betroffen. Unser Verkaufsb\u00fcro ist ge\u00f6ffnet, unsere Fabrik in D\u00e4nemark l\u00e4uft und wir arbeiten auf der Grundlage der Sicherheitsanweisungen<br \/>\nund Richtlinien der Gesundheitsbeh\u00f6rden.<br \/>\nAuch unsere Zulieferer k\u00f6nnen uns sicher beliefern, so dass die aktuelle Lieferzeit bei neuen Bestellungen 4-5 Wochen betr\u00e4gt (Versand nicht inbegriffen).<\/p>\n<p>Unsere externen Mitarbeiter, Agenten und unser Verkaufsb\u00fcro stehen Ihnen ebenfalls zur Verf\u00fcgung und k\u00f6nnen je nach Wunsch per Telefon, E-Mail, Skype oder Videoanrufe kontaktiert werden. Es k\u00f6nnen auch pers\u00f6nliche Besprechungen vereinbart werden. In diesem Fall befolgt unser Verkaufsteam die von den Beh\u00f6rden empfohlenen Sicherheitsvorkehrungen und Anweisungen.<\/p>\n<p>Wenn Sie Fragen zu laufenden Auftr\u00e4gen oder etwas anderem haben, steht Ihnen SOFTLINE und Ihr regul\u00e4rer Ansprechpartner immer zur Verf\u00fcgung.<\/p>\n<p>Bitte verstehen Sie, dass wir die Entwicklung von Covid-19 und die Herausforderungen, die sich daraus ergeben k\u00f6nnen, wenn sich die Situation \u00e4ndert, st\u00e4ndig beobachten und die Lieferung und Dienstleistungen im Falle neuer lokaler Beschr\u00e4nkungen, davon abh\u00e4ngig \u00e4ndern werden.<\/p>\n<p>Mit freundlichen Gr\u00fc\u00dfen,<br \/>\nSOFTLINE A\/S<\/p>\n\t\t\t\t\t\t\t\t<\/div>\n\t\t\t\t\t<\/div>\n\t\t<\/div>\n\t\t\t\t\t<\/div>\n\t\t<\/section>\n\t\t\t\t<\/div>\n\t\t","protected":false},"excerpt":{"rendered":"<p>Weltweit steht nun die Lockerung der Beschr\u00e4nkungen nach dem Lockdown verursacht durch Covid-19 im Mittelpunkt. Unsere Einrichtungen bei SOFTLINE sind derzeit nicht von Covid-19 betroffen. Unser Verkaufsb\u00fcro ist ge\u00f6ffnet, unsere Fabrik in D\u00e4nemark l\u00e4uft und wir arbeiten auf der Grundlage der Sicherheitsanweisungen und Richtlinien der Gesundheitsbeh\u00f6rden. Auch unsere Zulieferer k\u00f6nnen uns sicher beliefern, so dass [&hellip;]<\/p>\n","protected":false},"author":1,"featured_media":0,"parent":0,"menu_order":0,"comment_status":"closed","ping_status":"closed","template":"elementor_header_footer","meta":{"_acf_changed":false,"footnotes":""},"class_list":["post-19921","page","type-page","status-publish","hentry"],"acf":[],"_links":{"self":[{"href":"https:\/\/softlinefurniture.com\/de\/wp-json\/wp\/v2\/pages\/19921","targetHints":{"allow":["GET"]}}],"collection":[{"href":"https:\/\/softlinefurniture.com\/de\/wp-json\/wp\/v2\/pages"}],"about":[{"href":"https:\/\/softlinefurniture.com\/de\/wp-json\/wp\/v2\/types\/page"}],"author":[{"embeddable":true,"href":"https:\/\/softlinefurniture.com\/de\/wp-json\/wp\/v2\/users\/1"}],"replies":[{"embeddable":true,"href":"https:\/\/softlinefurniture.com\/de\/wp-json\/wp\/v2\/comments?post=19921"}],"version-history":[{"count":0,"href":"https:\/\/softlinefurniture.com\/de\/wp-json\/wp\/v2\/pages\/19921\/revisions"}],"wp:attachment":[{"href":"https:\/\/softlinefurniture.com\/de\/wp-json\/wp\/v2\/media?parent=19921"}],"curies":[{"name":"wp","href":"https:\/\/api.w.org\/{rel}","templated":true}]}}