{"id":84844,"date":"2021-11-12T10:34:18","date_gmt":"2021-11-12T09:34:18","guid":{"rendered":"https:\/\/softlinefurniture.com\/?page_id=84844"},"modified":"2021-11-12T10:48:59","modified_gmt":"2021-11-12T09:48:59","slug":"impressum","status":"publish","type":"page","link":"https:\/\/softlinefurniture.com\/de\/impressum\/","title":{"rendered":"Impressum"},"content":{"rendered":"\t\t<div data-elementor-type=\"wp-page\" data-elementor-id=\"84844\" class=\"elementor elementor-84844\" data-elementor-post-type=\"page\">\n\t\t\t\t\t\t<section data-particle_enable=\"false\" data-particle-mobile-disabled=\"false\" class=\"elementor-section elementor-top-section elementor-element elementor-element-7680f12 elementor-section-boxed elementor-section-height-default elementor-section-height-default\" data-id=\"7680f12\" data-element_type=\"section\" data-e-type=\"section\">\n\t\t\t\t\t\t<div class=\"elementor-container elementor-column-gap-default\">\n\t\t\t\t\t<div class=\"elementor-column elementor-col-100 elementor-top-column elementor-element elementor-element-9fd3afc\" data-id=\"9fd3afc\" data-element_type=\"column\" data-e-type=\"column\">\n\t\t\t<div class=\"elementor-widget-wrap elementor-element-populated\">\n\t\t\t\t\t\t<div class=\"elementor-element elementor-element-d6d0472 elementor-widget elementor-widget-heading\" data-id=\"d6d0472\" data-element_type=\"widget\" data-e-type=\"widget\" data-widget_type=\"heading.default\">\n\t\t\t\t\t<h1 class=\"elementor-heading-title elementor-size-default\">IMPRESSUM<\/h1>\t\t\t\t<\/div>\n\t\t\t\t\t<\/div>\n\t\t<\/div>\n\t\t\t\t\t<\/div>\n\t\t<\/section>\n\t\t\t\t<section data-particle_enable=\"false\" data-particle-mobile-disabled=\"false\" class=\"elementor-section elementor-top-section elementor-element elementor-element-2a4d9d9 elementor-section-boxed elementor-section-height-default elementor-section-height-default\" data-id=\"2a4d9d9\" data-element_type=\"section\" data-e-type=\"section\">\n\t\t\t\t\t\t<div class=\"elementor-container elementor-column-gap-default\">\n\t\t\t\t\t<div class=\"elementor-column elementor-col-100 elementor-top-column elementor-element elementor-element-70a7028\" data-id=\"70a7028\" data-element_type=\"column\" data-e-type=\"column\">\n\t\t\t<div class=\"elementor-widget-wrap elementor-element-populated\">\n\t\t\t\t\t\t<div class=\"elementor-element elementor-element-100d781 elementor-widget elementor-widget-text-editor\" data-id=\"100d781\" data-element_type=\"widget\" data-e-type=\"widget\" data-widget_type=\"text-editor.default\">\n\t\t\t\t\t\t\t\t\t<p><span lang=\"DE\"><b>Impressum nach \u00a7 5 TMG<\/b><\/span><\/p>\n<p><span lang=\"DE\">SOFTLINE A\/S (eine <\/span><span lang=\"DE\">\u201eAktieselskab\u201c nach d\u00e4nischem Recht)<\/span><\/p>\n<p><span style=\"letter-spacing: 0px;\">Kidnakken 7<\/span><\/p>\n<p><span lang=\"DE\">DK-4930 Maribo<\/span><\/p>\n<p><span lang=\"DE\">&nbsp;<\/span><\/p>\n<p><span lang=\"DE\">Vertretungsberechtigter Direktor: Finn Herluf S\u00f8rensen<o:p><\/o:p><\/span><\/p>\n<p><span lang=\"DE\">Eingetragen im d\u00e4nischen Unternehmensregister CVR Nr. 27 26 63 55<o:p><\/o:p><\/span><\/p>\n<p><span lang=\"DE\">Telefon: + 45 54 16 06 80<o:p><\/o:p><\/span><\/p>\n<p><span lang=\"DE\">Mail: <\/span><span lang=\"DE\"><a href=\"mailto:info@softline.dk\">info@softline.dk<\/a><\/span><span lang=\"DE\"><o:p><\/o:p><\/span><\/p>\n<p><span lang=\"DE\">Internet: softlinefurniture.com<\/span><span lang=\"DE\"><o:p><\/o:p><\/span><\/p>\n<p><span lang=\"DE\">&nbsp;<\/span><\/p>\n<p><b><span lang=\"DE\">Online-Plattform zur au\u00dfergerichtlichen Streitschlichtung sowie Hinweis nach \u00a7 36 VSBG<o:p><\/o:p><\/span><\/b><\/p>\n<p><\/p>\n<p><span lang=\"DE\">Als Online-Unternehmen sind wir verpflichtet, Sie als Verbraucher auf die Plattform zur Online-Streitbeilegung (OS-Plattform) der Europ\u00e4ischen Kommission hinzuweisen. Diese OS-Plattform ist \u00fcber folgenden Link erreichbar: <a href=\"http:\/\/ec.europa.eu\/odr\">http:\/\/ec.europa.eu\/odr<\/a>. Wir nehmen an einem Streitbeilegungsverfahren vor einer Verbraucherschlichtungsstelle allerdings nicht teil.<o:p><\/o:p><\/span><\/p>\n<p><span lang=\"DE\"><br><\/span><\/p>\n<p><span lang=\"DE\"><br><\/span><\/p>\n<p><span lang=\"DE\"><br><\/span><\/p>\t\t\t\t\t\t\t\t<\/div>\n\t\t\t\t\t<\/div>\n\t\t<\/div>\n\t\t\t\t\t<\/div>\n\t\t<\/section>\n\t\t\t\t<\/div>\n\t\t","protected":false},"excerpt":{"rendered":"<p>IMPRESSUM Impressum nach \u00a7 5 TMG SOFTLINE A\/S (eine \u201eAktieselskab\u201c nach d\u00e4nischem Recht) Kidnakken 7 DK-4930 Maribo &nbsp; Vertretungsberechtigter Direktor: Finn Herluf S\u00f8rensen Eingetragen im d\u00e4nischen Unternehmensregister CVR Nr. 27 26 63 55 Telefon: + 45 54 16 06 80 Mail: info@softline.dk Internet: softlinefurniture.com &nbsp; Online-Plattform zur au\u00dfergerichtlichen Streitschlichtung sowie Hinweis nach \u00a7 36 VSBG [&hellip;]<\/p>\n","protected":false},"author":6,"featured_media":0,"parent":0,"menu_order":0,"comment_status":"closed","ping_status":"closed","template":"elementor_header_footer","meta":{"_acf_changed":false,"footnotes":""},"class_list":["post-84844","page","type-page","status-publish","hentry"],"acf":[],"_links":{"self":[{"href":"https:\/\/softlinefurniture.com\/de\/wp-json\/wp\/v2\/pages\/84844","targetHints":{"allow":["GET"]}}],"collection":[{"href":"https:\/\/softlinefurniture.com\/de\/wp-json\/wp\/v2\/pages"}],"about":[{"href":"https:\/\/softlinefurniture.com\/de\/wp-json\/wp\/v2\/types\/page"}],"author":[{"embeddable":true,"href":"https:\/\/softlinefurniture.com\/de\/wp-json\/wp\/v2\/users\/6"}],"replies":[{"embeddable":true,"href":"https:\/\/softlinefurniture.com\/de\/wp-json\/wp\/v2\/comments?post=84844"}],"version-history":[{"count":0,"href":"https:\/\/softlinefurniture.com\/de\/wp-json\/wp\/v2\/pages\/84844\/revisions"}],"wp:attachment":[{"href":"https:\/\/softlinefurniture.com\/de\/wp-json\/wp\/v2\/media?parent=84844"}],"curies":[{"name":"wp","href":"https:\/\/api.w.org\/{rel}","templated":true}]}}