{"id":91617,"date":"2022-01-05T15:54:33","date_gmt":"2022-01-05T14:54:33","guid":{"rendered":"https:\/\/softlinefurniture.com\/?page_id=91617"},"modified":"2022-01-06T14:35:30","modified_gmt":"2022-01-06T13:35:30","slug":"wartung-und-pflege","status":"publish","type":"page","link":"https:\/\/softlinefurniture.com\/de\/wartung-und-pflege\/","title":{"rendered":"Wartung und Pflege"},"content":{"rendered":"\t\t<div data-elementor-type=\"wp-page\" data-elementor-id=\"91617\" class=\"elementor elementor-91617 elementor-91529\" data-elementor-post-type=\"page\">\n\t\t\t\t\t\t<section data-particle_enable=\"false\" data-particle-mobile-disabled=\"false\" class=\"elementor-section elementor-top-section elementor-element elementor-element-0dc490e elementor-section-full_width elementor-hidden-mobile elementor-section-height-default elementor-section-height-default\" data-id=\"0dc490e\" data-element_type=\"section\" data-e-type=\"section\">\n\t\t\t\t\t\t<div class=\"elementor-container elementor-column-gap-default\">\n\t\t\t\t\t<div class=\"elementor-column elementor-col-100 elementor-top-column elementor-element elementor-element-a0c16e1\" data-id=\"a0c16e1\" data-element_type=\"column\" data-e-type=\"column\">\n\t\t\t<div class=\"elementor-widget-wrap elementor-element-populated\">\n\t\t\t\t\t\t<div class=\"elementor-element elementor-element-607c463 elementor--h-position-left elementor--v-position-bottom home_top_banner elementor-arrows-position-inside elementor-widget elementor-widget-slides\" data-id=\"607c463\" data-element_type=\"widget\" data-e-type=\"widget\" data-settings=\"{&quot;navigation&quot;:&quot;arrows&quot;,&quot;_animation_mobile&quot;:&quot;none&quot;,&quot;infinite&quot;:&quot;yes&quot;,&quot;transition&quot;:&quot;slide&quot;,&quot;transition_speed&quot;:500}\" data-widget_type=\"slides.default\">\n\t\t\t\t\t\t\t\t\t\t<div class=\"elementor-slides-wrapper elementor-main-swiper swiper\" role=\"region\" aria-roledescription=\"carousel\" aria-label=\"Slides\" dir=\"ltr\" data-animation=\"fadeInRight\">\n\t\t\t\t<div class=\"swiper-wrapper elementor-slides\">\n\t\t\t\t\t\t\t\t\t\t<div class=\"elementor-repeater-item-85fb373 swiper-slide\" role=\"group\" aria-roledescription=\"slide\"><div class=\"swiper-slide-bg\" role=\"img\" aria-label=\"care-and-maintenance-hero\"><\/div><div class=\"elementor-background-overlay\"><\/div><div class=\"swiper-slide-inner\" ><div class=\"swiper-slide-contents\"><div class=\"elementor-slide-heading\">WARTUNG UND PFLEGE<\/div><\/div><\/div><\/div>\t\t\t\t<\/div>\n\t\t\t\t\t\t\t<\/div>\n\t\t\t\t\t\t\t\t<\/div>\n\t\t\t\t\t<\/div>\n\t\t<\/div>\n\t\t\t\t\t<\/div>\n\t\t<\/section>\n\t\t\t\t<section data-particle_enable=\"false\" data-particle-mobile-disabled=\"false\" class=\"elementor-section elementor-top-section elementor-element elementor-element-eaa95f1 elementor-section-full_width elementor-hidden-desktop elementor-hidden-tablet elementor-section-height-default elementor-section-height-default\" data-id=\"eaa95f1\" data-element_type=\"section\" data-e-type=\"section\">\n\t\t\t\t\t\t<div class=\"elementor-container elementor-column-gap-default\">\n\t\t\t\t\t<div class=\"elementor-column elementor-col-100 elementor-top-column elementor-element elementor-element-13bed6f\" data-id=\"13bed6f\" data-element_type=\"column\" data-e-type=\"column\">\n\t\t\t<div class=\"elementor-widget-wrap elementor-element-populated\">\n\t\t\t\t\t\t<div class=\"elementor-element elementor-element-8fa7d0e elementor--h-position-left elementor--v-position-bottom home_top_banner elementor-arrows-position-inside elementor-widget elementor-widget-slides\" data-id=\"8fa7d0e\" data-element_type=\"widget\" data-e-type=\"widget\" data-settings=\"{&quot;navigation&quot;:&quot;arrows&quot;,&quot;infinite&quot;:&quot;yes&quot;,&quot;transition&quot;:&quot;slide&quot;,&quot;transition_speed&quot;:500}\" data-widget_type=\"slides.default\">\n\t\t\t\t\t\t\t\t\t\t<div class=\"elementor-slides-wrapper elementor-main-swiper swiper\" role=\"region\" aria-roledescription=\"carousel\" aria-label=\"Slides\" dir=\"ltr\" data-animation=\"fadeInUp\">\n\t\t\t\t<div class=\"swiper-wrapper elementor-slides\">\n\t\t\t\t\t\t\t\t\t\t<div class=\"elementor-repeater-item-85fb373 swiper-slide\" role=\"group\" aria-roledescription=\"slide\"><div class=\"swiper-slide-bg\" role=\"img\" aria-label=\"care-and-maintenance-hero-mobilel\"><\/div><div class=\"elementor-background-overlay\"><\/div><div class=\"swiper-slide-inner\" ><div class=\"swiper-slide-contents\"><div class=\"elementor-slide-heading\">WARTUNG UND PFLEGE<\/div><\/div><\/div><\/div>\t\t\t\t<\/div>\n\t\t\t\t\t\t\t<\/div>\n\t\t\t\t\t\t\t\t<\/div>\n\t\t\t\t\t<\/div>\n\t\t<\/div>\n\t\t\t\t\t<\/div>\n\t\t<\/section>\n\t\t\t\t<section data-particle_enable=\"false\" data-particle-mobile-disabled=\"false\" class=\"elementor-section elementor-top-section elementor-element elementor-element-eb23727 elementor-section-boxed elementor-section-height-default elementor-section-height-default\" data-id=\"eb23727\" data-element_type=\"section\" data-e-type=\"section\">\n\t\t\t\t\t\t<div class=\"elementor-container elementor-column-gap-default\">\n\t\t\t\t\t<div class=\"elementor-column elementor-col-100 elementor-top-column elementor-element elementor-element-700a81f\" data-id=\"700a81f\" data-element_type=\"column\" data-e-type=\"column\">\n\t\t\t<div class=\"elementor-widget-wrap elementor-element-populated\">\n\t\t\t\t\t\t<div class=\"elementor-element elementor-element-9f8104e elementor-widget elementor-widget-text-editor\" data-id=\"9f8104e\" data-element_type=\"widget\" data-e-type=\"widget\" data-widget_type=\"text-editor.default\">\n\t\t\t\t\t\t\t\t\t<p>Die nachhaltige Beschaffung von langlebigen Materialien ist ein wesentlicher Bestandteil der Philosophie von SOFTLINE. Die meisten unserer Materialien und Komponenten werden von etablierten Herstellern vor allem in Europa bezogen &#8211; dies gew\u00e4hrleistet R\u00fcckverfolgbarkeit, hohe Qualit\u00e4t und eine m\u00f6glichst geringe Umweltbelastung. Im Wesentlichen streben wir danach, nachhaltige, qualitativ hochwertige Produkte zu bieten, die f\u00fcr die Ewigkeit gemacht sind.<\/p>\n\t\t\t\t\t\t\t\t<\/div>\n\t\t\t\t<div class=\"elementor-element elementor-element-57cfb19 elementor-widget elementor-widget-heading\" data-id=\"57cfb19\" data-element_type=\"widget\" data-e-type=\"widget\" data-settings=\"{&quot;_animation&quot;:&quot;none&quot;}\" data-widget_type=\"heading.default\">\n\t\t\t\t\t<h2 class=\"elementor-heading-title elementor-size-default\">PRODUKTLEBENSZYKLUS<\/h2>\t\t\t\t<\/div>\n\t\t\t\t<div class=\"elementor-element elementor-element-80eda28 elementor-hidden-desktop elementor-hidden-tablet elementor-widget elementor-widget-image\" data-id=\"80eda28\" data-element_type=\"widget\" data-e-type=\"widget\" data-widget_type=\"image.default\">\n\t\t\t\t\t\t\t\t\t\t\t\t\t\t\t<img fetchpriority=\"high\" decoding=\"async\" width=\"640\" height=\"640\" src=\"https:\/\/softlinefurniture.com\/wp-content\/uploads\/2022\/01\/product-life-cycle-mobile.jpg\" class=\"attachment-large size-large wp-image-91602\" alt=\"produktlebenszyklus\" srcset=\"https:\/\/softlinefurniture.com\/wp-content\/uploads\/2022\/01\/product-life-cycle-mobile.jpg 1000w, https:\/\/softlinefurniture.com\/wp-content\/uploads\/2022\/01\/product-life-cycle-mobile-150x150.jpg 150w, https:\/\/softlinefurniture.com\/wp-content\/uploads\/2022\/01\/product-life-cycle-mobile-100x100.jpg 100w, https:\/\/softlinefurniture.com\/wp-content\/uploads\/2022\/01\/product-life-cycle-mobile-300x300.jpg 300w, https:\/\/softlinefurniture.com\/wp-content\/uploads\/2022\/01\/product-life-cycle-mobile-64x64.jpg 64w, https:\/\/softlinefurniture.com\/wp-content\/uploads\/2022\/01\/product-life-cycle-mobile-356x356.jpg 356w\" sizes=\"(max-width: 640px) 100vw, 640px\" \/>\t\t\t\t\t\t\t\t\t\t\t\t\t\t\t<\/div>\n\t\t\t\t<div class=\"elementor-element elementor-element-a629159 elementor-hidden-mobile elementor-widget elementor-widget-image\" data-id=\"a629159\" data-element_type=\"widget\" data-e-type=\"widget\" data-widget_type=\"image.default\">\n\t\t\t\t\t\t\t\t\t\t\t\t\t\t\t<img decoding=\"async\" width=\"1200\" height=\"535\" src=\"https:\/\/softlinefurniture.com\/wp-content\/uploads\/2022\/01\/product-life-cycle.jpg\" class=\"attachment-full size-full wp-image-90997\" alt=\"produktlebenszyklus\" srcset=\"https:\/\/softlinefurniture.com\/wp-content\/uploads\/2022\/01\/product-life-cycle.jpg 1200w, https:\/\/softlinefurniture.com\/wp-content\/uploads\/2022\/01\/product-life-cycle-150x67.jpg 150w, https:\/\/softlinefurniture.com\/wp-content\/uploads\/2022\/01\/product-life-cycle-300x134.jpg 300w, https:\/\/softlinefurniture.com\/wp-content\/uploads\/2022\/01\/product-life-cycle-64x29.jpg 64w\" sizes=\"(max-width: 1200px) 100vw, 1200px\" \/>\t\t\t\t\t\t\t\t\t\t\t\t\t\t\t<\/div>\n\t\t\t\t<div class=\"elementor-element elementor-element-3ea304e elementor-widget elementor-widget-text-editor\" data-id=\"3ea304e\" data-element_type=\"widget\" data-e-type=\"widget\" data-widget_type=\"text-editor.default\">\n\t\t\t\t\t\t\t\t\t<p>Der Gro\u00dfteil der SOFTLINE-M\u00f6bel hat abnehmbare Bez\u00fcge, die eine einfache Reinigung oder einen Austausch erlauben. Wir von SOFTLINE erm\u00f6glichen es unseren Kunden, bei Bedarf Ersatzteile auszutauschen, um die Lebensdauer der M\u00f6bel zu verl\u00e4ngern und so die Umweltbelastung im Laufe der Zeit zu minimieren. Einige unserer M\u00f6bel sind so konstruiert, dass f\u00fcr den Austausch von Bez\u00fcgen und Ersatzteilen professionelle Hilfe erforderlich ist. Bitte wenden Sie sich an Ihren \u00f6rtlichen SOFTLINE-H\u00e4ndler, wenn Sie Hilfe ben\u00f6tigen.<\/p>\n<p>Am Ende des Lebenszyklus unserer M\u00f6bel k\u00f6nnen Sie durch den Demontageprozess die einzelnen Materialien recyceln und ihnen ein neues Leben geben. Wenn Sie Hilfe ben\u00f6tigen, wenden Sie sich bitte an Ihren SOFTLINE-H\u00e4ndler vor Ort.<\/p>\n\t\t\t\t\t\t\t\t<\/div>\n\t\t\t\t\t<\/div>\n\t\t<\/div>\n\t\t\t\t\t<\/div>\n\t\t<\/section>\n\t\t\t\t<section data-particle_enable=\"false\" data-particle-mobile-disabled=\"false\" class=\"elementor-section elementor-top-section elementor-element elementor-element-8f201f0 elementor-section-boxed elementor-section-height-default elementor-section-height-default\" data-id=\"8f201f0\" data-element_type=\"section\" data-e-type=\"section\">\n\t\t\t\t\t\t<div class=\"elementor-container elementor-column-gap-default\">\n\t\t\t\t\t<div class=\"elementor-column elementor-col-100 elementor-top-column elementor-element elementor-element-5de5a32\" data-id=\"5de5a32\" data-element_type=\"column\" data-e-type=\"column\">\n\t\t\t<div class=\"elementor-widget-wrap elementor-element-populated\">\n\t\t\t\t\t\t<div class=\"elementor-element elementor-element-f70cc1e elementor-widget elementor-widget-heading\" data-id=\"f70cc1e\" data-element_type=\"widget\" data-e-type=\"widget\" data-settings=\"{&quot;_animation&quot;:&quot;none&quot;}\" data-widget_type=\"heading.default\">\n\t\t\t\t\t<h2 class=\"elementor-heading-title elementor-size-default\">REINIGUNG<\/h2>\t\t\t\t<\/div>\n\t\t\t\t<div class=\"elementor-element elementor-element-f718ec5 elementor-hidden-desktop elementor-hidden-tablet elementor-widget elementor-widget-image\" data-id=\"f718ec5\" data-element_type=\"widget\" data-e-type=\"widget\" data-widget_type=\"image.default\">\n\t\t\t\t\t\t\t\t\t\t\t\t\t\t\t<img decoding=\"async\" width=\"640\" height=\"640\" src=\"https:\/\/softlinefurniture.com\/wp-content\/uploads\/2022\/01\/cleaning-mobile.jpg\" class=\"attachment-large size-large wp-image-91592\" alt=\"wartung und pflege\" srcset=\"https:\/\/softlinefurniture.com\/wp-content\/uploads\/2022\/01\/cleaning-mobile.jpg 1000w, https:\/\/softlinefurniture.com\/wp-content\/uploads\/2022\/01\/cleaning-mobile-150x150.jpg 150w, https:\/\/softlinefurniture.com\/wp-content\/uploads\/2022\/01\/cleaning-mobile-100x100.jpg 100w, https:\/\/softlinefurniture.com\/wp-content\/uploads\/2022\/01\/cleaning-mobile-300x300.jpg 300w, https:\/\/softlinefurniture.com\/wp-content\/uploads\/2022\/01\/cleaning-mobile-64x64.jpg 64w, https:\/\/softlinefurniture.com\/wp-content\/uploads\/2022\/01\/cleaning-mobile-356x356.jpg 356w\" sizes=\"(max-width: 640px) 100vw, 640px\" \/>\t\t\t\t\t\t\t\t\t\t\t\t\t\t\t<\/div>\n\t\t\t\t<div class=\"elementor-element elementor-element-604c015 elementor-hidden-mobile elementor-widget elementor-widget-image\" data-id=\"604c015\" data-element_type=\"widget\" data-e-type=\"widget\" data-widget_type=\"image.default\">\n\t\t\t\t\t\t\t\t\t\t\t\t\t\t\t<img loading=\"lazy\" decoding=\"async\" width=\"1200\" height=\"535\" src=\"https:\/\/softlinefurniture.com\/wp-content\/uploads\/2022\/01\/cleaning.jpg\" class=\"attachment-full size-full wp-image-90992\" alt=\"wartung und pflege\" srcset=\"https:\/\/softlinefurniture.com\/wp-content\/uploads\/2022\/01\/cleaning.jpg 1200w, https:\/\/softlinefurniture.com\/wp-content\/uploads\/2022\/01\/cleaning-150x67.jpg 150w, https:\/\/softlinefurniture.com\/wp-content\/uploads\/2022\/01\/cleaning-300x134.jpg 300w, https:\/\/softlinefurniture.com\/wp-content\/uploads\/2022\/01\/cleaning-64x29.jpg 64w\" sizes=\"(max-width: 1200px) 100vw, 1200px\" \/>\t\t\t\t\t\t\t\t\t\t\t\t\t\t\t<\/div>\n\t\t\t\t<div class=\"elementor-element elementor-element-09f33bd elementor-widget elementor-widget-text-editor\" data-id=\"09f33bd\" data-element_type=\"widget\" data-e-type=\"widget\" data-widget_type=\"text-editor.default\">\n\t\t\t\t\t\t\t\t\t<p>Die folgenden Informationen sind nur als allgemeiner Leitfaden gedacht &#8211; f\u00fcr weitere Informationen zur spezifischen Pflege und Fleckentfernung wenden Sie sich bitte an Ihren SOFTLINE-H\u00e4ndler vor Ort.<\/p>\n<p><strong>Bez\u00fcge<\/strong><br \/>\nDie regelm\u00e4\u00dfige Reinigung und Pflege von Polsterm\u00f6beln ist wichtig, damit das Aussehen des Bezugsstoffs erhalten bleibt und er m\u00f6glichst lange h\u00e4lt.<\/p>\n<p>Filzstoff: h\u00e4ufig absaugen<br \/>\nGlatte Stoffe: h\u00e4ufig absaugen und bei Bedarf b\u00fcrsten<br \/>\nVinyl: regelm\u00e4\u00dfig mit einem feuchten Tuch abwischen<\/p>\n\t\t\t\t\t\t\t\t<\/div>\n\t\t\t\t\t<\/div>\n\t\t<\/div>\n\t\t\t\t\t<\/div>\n\t\t<\/section>\n\t\t\t\t<section data-particle_enable=\"false\" data-particle-mobile-disabled=\"false\" class=\"elementor-section elementor-top-section elementor-element elementor-element-0bc9877 elementor-section-boxed elementor-section-height-default elementor-section-height-default\" data-id=\"0bc9877\" data-element_type=\"section\" data-e-type=\"section\">\n\t\t\t\t\t\t<div class=\"elementor-container elementor-column-gap-default\">\n\t\t\t\t\t<div class=\"elementor-column elementor-col-100 elementor-top-column elementor-element elementor-element-85d9850\" data-id=\"85d9850\" data-element_type=\"column\" data-e-type=\"column\">\n\t\t\t<div class=\"elementor-widget-wrap elementor-element-populated\">\n\t\t\t\t\t\t<div class=\"elementor-element elementor-element-dd90835 elementor-hidden-desktop elementor-hidden-tablet elementor-widget elementor-widget-image\" data-id=\"dd90835\" data-element_type=\"widget\" data-e-type=\"widget\" data-widget_type=\"image.default\">\n\t\t\t\t\t\t\t\t\t\t\t\t\t\t\t<img loading=\"lazy\" decoding=\"async\" width=\"640\" height=\"640\" src=\"https:\/\/softlinefurniture.com\/wp-content\/uploads\/2022\/01\/covers-mobile.jpg\" class=\"attachment-large size-large wp-image-91597\" alt=\"covers\" srcset=\"https:\/\/softlinefurniture.com\/wp-content\/uploads\/2022\/01\/covers-mobile.jpg 1000w, https:\/\/softlinefurniture.com\/wp-content\/uploads\/2022\/01\/covers-mobile-150x150.jpg 150w, https:\/\/softlinefurniture.com\/wp-content\/uploads\/2022\/01\/covers-mobile-100x100.jpg 100w, https:\/\/softlinefurniture.com\/wp-content\/uploads\/2022\/01\/covers-mobile-300x300.jpg 300w, https:\/\/softlinefurniture.com\/wp-content\/uploads\/2022\/01\/covers-mobile-64x64.jpg 64w, https:\/\/softlinefurniture.com\/wp-content\/uploads\/2022\/01\/covers-mobile-356x356.jpg 356w\" sizes=\"(max-width: 640px) 100vw, 640px\" \/>\t\t\t\t\t\t\t\t\t\t\t\t\t\t\t<\/div>\n\t\t\t\t<div class=\"elementor-element elementor-element-7f4b14d elementor-hidden-mobile elementor-widget elementor-widget-image\" data-id=\"7f4b14d\" data-element_type=\"widget\" data-e-type=\"widget\" data-widget_type=\"image.default\">\n\t\t\t\t\t\t\t\t\t\t\t\t\t\t\t<img loading=\"lazy\" decoding=\"async\" width=\"1200\" height=\"535\" src=\"https:\/\/softlinefurniture.com\/wp-content\/uploads\/2022\/01\/covers.jpg\" class=\"attachment-full size-full wp-image-91002\" alt=\"covers\" srcset=\"https:\/\/softlinefurniture.com\/wp-content\/uploads\/2022\/01\/covers.jpg 1200w, https:\/\/softlinefurniture.com\/wp-content\/uploads\/2022\/01\/covers-150x67.jpg 150w, https:\/\/softlinefurniture.com\/wp-content\/uploads\/2022\/01\/covers-300x134.jpg 300w, https:\/\/softlinefurniture.com\/wp-content\/uploads\/2022\/01\/covers-64x29.jpg 64w\" sizes=\"(max-width: 1200px) 100vw, 1200px\" \/>\t\t\t\t\t\t\t\t\t\t\t\t\t\t\t<\/div>\n\t\t\t\t<div class=\"elementor-element elementor-element-c763025 elementor-widget elementor-widget-text-editor\" data-id=\"c763025\" data-element_type=\"widget\" data-e-type=\"widget\" data-widget_type=\"text-editor.default\">\n\t\t\t\t\t\t\t\t\t<p><strong>Fleckentfernung<\/strong><br \/>\nSchnelles Handeln ist das A und O &#8211; sonst kann der Fleck bleibende Sch\u00e4den verursachen. Reiben Sie nicht zu stark auf dem Material, da dies den Stoff und die Farbe besch\u00e4digen kann. F\u00fcr die Reinigung von Oberfl\u00e4chen empfehlen wir immer ein in lauwarmem Wasser aufgel\u00f6stes Neutralwaschmittel. Bitte verwenden Sie nur ein Reinigungsmittel, das f\u00fcr die jeweilige Oberfl\u00e4che und das Material empfohlen<br \/>\nwird. Testen Sie Fleckentfernungsmittel immer an einer kleinen, unauff\u00e4lligen Stelle, bevor Sie fortfahren.<\/p>\n<p>Mehrere oder gr\u00f6\u00dfere Flecken erfordern eine spezielle Behandlung und Technik. Es wird daher immer empfohlen, sich an eine professionelle M\u00f6belreinigung zu wenden, bevor Sie versuchen, einen gr\u00f6\u00dferen Fleck selbst zu entfernen.<\/p>\n<p>Bez\u00fcge mit dem Symbol P k\u00f6nnen chemisch gereinigt werden &#8211; bitte beachten Sie, dass wir nicht empfehlen, abnehmbare Bez\u00fcge zu waschen. In jedem Fall empfehlen wir Ihnen, sich an eine professionelle Reinigung oder an Ihren SOFTLINE-H\u00e4ndler zu wenden.<\/p>\n<p>Um die Lebensdauer Ihrer M\u00f6bel zu verl\u00e4ngern, ist es m\u00f6glich, neue Bez\u00fcge f\u00fcr fast alle SOFTLINE-M\u00f6bel aus unserer Kollektion zu bestellen.<\/p>\n<p>Alle SOFTLINE-Textilien sind recycelbar &#8211; bitte informieren Sie sich \u00fcber die Recycling-M\u00f6glichkeiten in Ihrem \u00f6rtlichen Wertstoffhof.<\/p>\n\t\t\t\t\t\t\t\t<\/div>\n\t\t\t\t\t<\/div>\n\t\t<\/div>\n\t\t\t\t\t<\/div>\n\t\t<\/section>\n\t\t\t\t<section data-particle_enable=\"false\" data-particle-mobile-disabled=\"false\" class=\"elementor-section elementor-top-section elementor-element elementor-element-6cf0861 elementor-section-boxed elementor-section-height-default elementor-section-height-default\" data-id=\"6cf0861\" data-element_type=\"section\" data-e-type=\"section\">\n\t\t\t\t\t\t<div class=\"elementor-container elementor-column-gap-default\">\n\t\t\t\t\t<div class=\"elementor-column elementor-col-100 elementor-top-column elementor-element elementor-element-d647e3f\" data-id=\"d647e3f\" data-element_type=\"column\" data-e-type=\"column\">\n\t\t\t<div class=\"elementor-widget-wrap elementor-element-populated\">\n\t\t\t\t\t\t<div class=\"elementor-element elementor-element-da04d8c elementor-widget elementor-widget-heading\" data-id=\"da04d8c\" data-element_type=\"widget\" data-e-type=\"widget\" data-settings=\"{&quot;_animation&quot;:&quot;none&quot;}\" data-widget_type=\"heading.default\">\n\t\t\t\t\t<h2 class=\"elementor-heading-title elementor-size-default\">GARTENM\u00d6BEL<\/h2>\t\t\t\t<\/div>\n\t\t\t\t<div class=\"elementor-element elementor-element-50defcf elementor-hidden-desktop elementor-hidden-tablet elementor-widget elementor-widget-image\" data-id=\"50defcf\" data-element_type=\"widget\" data-e-type=\"widget\" data-widget_type=\"image.default\">\n\t\t\t\t\t\t\t\t\t\t\t\t\t\t\t<img loading=\"lazy\" decoding=\"async\" width=\"640\" height=\"640\" src=\"https:\/\/softlinefurniture.com\/wp-content\/uploads\/2022\/01\/outdoor-mobile.jpg\" class=\"attachment-large size-large wp-image-91607\" alt=\"outdoor\" srcset=\"https:\/\/softlinefurniture.com\/wp-content\/uploads\/2022\/01\/outdoor-mobile.jpg 1000w, https:\/\/softlinefurniture.com\/wp-content\/uploads\/2022\/01\/outdoor-mobile-150x150.jpg 150w, https:\/\/softlinefurniture.com\/wp-content\/uploads\/2022\/01\/outdoor-mobile-100x100.jpg 100w, https:\/\/softlinefurniture.com\/wp-content\/uploads\/2022\/01\/outdoor-mobile-300x300.jpg 300w, https:\/\/softlinefurniture.com\/wp-content\/uploads\/2022\/01\/outdoor-mobile-64x64.jpg 64w, https:\/\/softlinefurniture.com\/wp-content\/uploads\/2022\/01\/outdoor-mobile-356x356.jpg 356w\" sizes=\"(max-width: 640px) 100vw, 640px\" \/>\t\t\t\t\t\t\t\t\t\t\t\t\t\t\t<\/div>\n\t\t\t\t<div class=\"elementor-element elementor-element-172ff43 elementor-hidden-mobile elementor-widget elementor-widget-image\" data-id=\"172ff43\" data-element_type=\"widget\" data-e-type=\"widget\" data-widget_type=\"image.default\">\n\t\t\t\t\t\t\t\t\t\t\t\t\t\t\t<img loading=\"lazy\" decoding=\"async\" width=\"1200\" height=\"535\" src=\"https:\/\/softlinefurniture.com\/wp-content\/uploads\/2022\/01\/outdoor.jpg\" class=\"attachment-full size-full wp-image-91012\" alt=\"outdoor\" srcset=\"https:\/\/softlinefurniture.com\/wp-content\/uploads\/2022\/01\/outdoor.jpg 1200w, https:\/\/softlinefurniture.com\/wp-content\/uploads\/2022\/01\/outdoor-150x67.jpg 150w, https:\/\/softlinefurniture.com\/wp-content\/uploads\/2022\/01\/outdoor-300x134.jpg 300w, https:\/\/softlinefurniture.com\/wp-content\/uploads\/2022\/01\/outdoor-64x29.jpg 64w\" sizes=\"(max-width: 1200px) 100vw, 1200px\" \/>\t\t\t\t\t\t\t\t\t\t\t\t\t\t\t<\/div>\n\t\t\t\t<div class=\"elementor-element elementor-element-ea3f444 elementor-widget elementor-widget-text-editor\" data-id=\"ea3f444\" data-element_type=\"widget\" data-e-type=\"widget\" data-widget_type=\"text-editor.default\">\n\t\t\t\t\t\t\t\t\t<p>Die Lebensdauer von Gartenm\u00f6beln h\u00e4ngt davon ab, wie oft sie benutzt werden und wie die \u00f6rtlichen Wetterbedingungen sind. Um Sonnensch\u00e4den zu vermeiden, sollten Sie die direkte Sonneneinstrahlung nach M\u00f6glichkeit begrenzen. Wenn die M\u00f6bel auf nassem Boden stehen, werden sie mit der Zeit besch\u00e4digt. Wir empfehlen, alle Au\u00dfenm\u00f6bel zu sch\u00fctzen und im Winter an einem trockenen, durchl\u00fcfteten Ort zu lagern.<\/p>\n<p>Ausf\u00fchrliche Pflegehinweise f\u00fcr bestimmte Produkte und\/oder Stoffe finden Sie in unseren Produktdatenbl\u00e4tter und\/oder Stoffkarten.<\/p>\n\t\t\t\t\t\t\t\t<\/div>\n\t\t\t\t<div class=\"elementor-element elementor-element-b760562 elementor-align-center elementor-widget elementor-widget-button\" data-id=\"b760562\" data-element_type=\"widget\" data-e-type=\"widget\" data-widget_type=\"button.default\">\n\t\t\t\t\t\t\t\t\t\t<a class=\"elementor-button elementor-button-link elementor-size-sm\" href=\"https:\/\/softlinefurniture.com\/wp-content\/uploads\/2021\/12\/wartung-und-pflege-de.pdf\" target=\"_blank\">\n\t\t\t\t\t\t<span class=\"elementor-button-content-wrapper\">\n\t\t\t\t\t\t\t\t\t<span class=\"elementor-button-text\">wartung und pflege-hinweise herunterladen<\/span>\n\t\t\t\t\t<\/span>\n\t\t\t\t\t<\/a>\n\t\t\t\t\t\t\t\t<\/div>\n\t\t\t\t\t<\/div>\n\t\t<\/div>\n\t\t\t\t\t<\/div>\n\t\t<\/section>\n\t\t\t\t<\/div>\n\t\t","protected":false},"excerpt":{"rendered":"<p>WARTUNG UND PFLEGE WARTUNG UND PFLEGE Die nachhaltige Beschaffung von langlebigen Materialien ist ein wesentlicher Bestandteil der Philosophie von SOFTLINE. Die meisten unserer Materialien und Komponenten werden von etablierten Herstellern vor allem in Europa bezogen &#8211; dies gew\u00e4hrleistet R\u00fcckverfolgbarkeit, hohe Qualit\u00e4t und eine m\u00f6glichst geringe Umweltbelastung. Im Wesentlichen streben wir danach, nachhaltige, qualitativ hochwertige Produkte [&hellip;]<\/p>\n","protected":false},"author":2,"featured_media":0,"parent":0,"menu_order":0,"comment_status":"closed","ping_status":"closed","template":"elementor_header_footer","meta":{"_acf_changed":false,"footnotes":""},"class_list":["post-91617","page","type-page","status-publish","hentry"],"acf":[],"_links":{"self":[{"href":"https:\/\/softlinefurniture.com\/de\/wp-json\/wp\/v2\/pages\/91617","targetHints":{"allow":["GET"]}}],"collection":[{"href":"https:\/\/softlinefurniture.com\/de\/wp-json\/wp\/v2\/pages"}],"about":[{"href":"https:\/\/softlinefurniture.com\/de\/wp-json\/wp\/v2\/types\/page"}],"author":[{"embeddable":true,"href":"https:\/\/softlinefurniture.com\/de\/wp-json\/wp\/v2\/users\/2"}],"replies":[{"embeddable":true,"href":"https:\/\/softlinefurniture.com\/de\/wp-json\/wp\/v2\/comments?post=91617"}],"version-history":[{"count":0,"href":"https:\/\/softlinefurniture.com\/de\/wp-json\/wp\/v2\/pages\/91617\/revisions"}],"wp:attachment":[{"href":"https:\/\/softlinefurniture.com\/de\/wp-json\/wp\/v2\/media?parent=91617"}],"curies":[{"name":"wp","href":"https:\/\/api.w.org\/{rel}","templated":true}]}}