{"id":103199,"date":"2023-01-19T11:43:58","date_gmt":"2023-01-19T10:43:58","guid":{"rendered":"https:\/\/softlinefurniture.com\/?post_type=product&#038;p=103199"},"modified":"2026-03-13T10:55:17","modified_gmt":"2026-03-13T09:55:17","slug":"opera-tisch","status":"publish","type":"product","link":"https:\/\/softlinefurniture.com\/de\/produkt\/opera-tisch\/","title":{"rendered":"OPERA Tisch"},"content":{"rendered":"<p>Durch den neuen Tisch der OPERA-Serie wird die flexible und vielseitige Familie um noch mehr Funktionen und M\u00f6glichkeiten erweitert. Das Design des Tisches passt zu den sanft abgerundeten Ecken der Polsterm\u00f6bel. Die Abmessungen der Tischplatte harmonieren wunderbar mit der R\u00fcckseite und den Seitenelementen der Sitzm\u00f6bel. In Kombination mit der Trennwand OPERA lassen sich intime und informelle Besprechungsr\u00e4ume schaffen. Der neue Tisch ist eine wichtige Erg\u00e4nzung f\u00fcr jede Sitzm\u00f6belkombination der Serie OPERA mit hoher und niedriger R\u00fcckenlehne.<\/p>\n","protected":false},"excerpt":{"rendered":"<p>Durch den neuen Tisch der OPERA-Serie wird die flexible und vielseitige Familie um noch mehr Funktionen und M\u00f6glichkeiten erweitert. Das Design des Tisches passt zu den sanft abgerundeten Ecken der Polsterm\u00f6bel. Die Abmessungen der Tischplatte harmonieren wunderbar mit der R\u00fcckseite und den Seitenelementen der Sitzm\u00f6bel. In Kombination mit der Trennwand OPERA lassen sich intime und [&hellip;]<\/p>\n","protected":false},"featured_media":102935,"comment_status":"closed","ping_status":"closed","template":"","meta":{"_acf_changed":false},"product_brand":[48616],"product_cat":[6259],"product_tag":[],"class_list":{"0":"post-103199","1":"product","2":"type-product","3":"status-publish","4":"has-post-thumbnail","6":"product_brand-opera","7":"product_cat-tische-de","9":"first","10":"instock","11":"shipping-taxable","12":"purchasable","13":"product-type-variable"},"acf":[],"_links":{"self":[{"href":"https:\/\/softlinefurniture.com\/de\/wp-json\/wp\/v2\/product\/103199","targetHints":{"allow":["GET"]}}],"collection":[{"href":"https:\/\/softlinefurniture.com\/de\/wp-json\/wp\/v2\/product"}],"about":[{"href":"https:\/\/softlinefurniture.com\/de\/wp-json\/wp\/v2\/types\/product"}],"replies":[{"embeddable":true,"href":"https:\/\/softlinefurniture.com\/de\/wp-json\/wp\/v2\/comments?post=103199"}],"version-history":[{"count":0,"href":"https:\/\/softlinefurniture.com\/de\/wp-json\/wp\/v2\/product\/103199\/revisions"}],"wp:featuredmedia":[{"embeddable":true,"href":"https:\/\/softlinefurniture.com\/de\/wp-json\/wp\/v2\/media\/102935"}],"wp:attachment":[{"href":"https:\/\/softlinefurniture.com\/de\/wp-json\/wp\/v2\/media?parent=103199"}],"wp:term":[{"taxonomy":"product_brand","embeddable":true,"href":"https:\/\/softlinefurniture.com\/de\/wp-json\/wp\/v2\/product_brand?post=103199"},{"taxonomy":"product_cat","embeddable":true,"href":"https:\/\/softlinefurniture.com\/de\/wp-json\/wp\/v2\/product_cat?post=103199"},{"taxonomy":"product_tag","embeddable":true,"href":"https:\/\/softlinefurniture.com\/de\/wp-json\/wp\/v2\/product_tag?post=103199"}],"curies":[{"name":"wp","href":"https:\/\/api.w.org\/{rel}","templated":true}]}}