{"id":113341,"date":"2025-06-14T10:32:00","date_gmt":"2025-06-14T08:32:00","guid":{"rendered":"https:\/\/softlinefurniture.com\/product\/junto-pouf\/"},"modified":"2026-03-05T08:10:30","modified_gmt":"2026-03-05T07:10:30","slug":"junto-hocker","status":"publish","type":"product","link":"https:\/\/softlinefurniture.com\/de\/produkt\/junto-hocker\/","title":{"rendered":"JUNTO Hocker"},"content":{"rendered":"<p>Das modulare Sofa JUNTO ist viel mehr als nur ein au\u00dfergew\u00f6hnlich flexibles modulares Konzept. Es ist auch eine nachhaltige M\u00f6belinvestition, die darauf ausgelegt ist, erweitert und angepasst zu werden, anstatt ersetzt zu werden. Die drei Kernelemente bestehen aus einem Armlehnenelement und zwei Sitzelementen in zwei Gr\u00f6\u00dfen. Das ist alles, was Sie brauchen, um einen wirklich einzigartigen Loungebereich oder ein individuelles Sofa zu kreieren. Das Design ist zeitlos, die wechselbaren Module erm\u00f6glichen eine Erweiterung nach Bedarf oder den Austausch von Modulen bei Besch\u00e4digung oder Verschlei\u00df. Au\u00dferdem sind die Bez\u00fcge der Armlehnen und der Sitzelemente so konzipiert, dass sie schnell abgenommen und einfach ausgetauscht werden k\u00f6nnen. All dies verl\u00e4ngert die Nutzungsdauer von JUNTO und tr\u00e4gt dazu bei, die Umwelt zu schonen.<\/p>\n","protected":false},"excerpt":{"rendered":"<p>Das modulare Sofa JUNTO ist viel mehr als nur ein au\u00dfergew\u00f6hnlich flexibles modulares Konzept. Es ist auch eine nachhaltige M\u00f6belinvestition, die darauf ausgelegt ist, erweitert und angepasst zu werden, anstatt ersetzt zu werden. Die drei Kernelemente bestehen aus einem Armlehnenelement und zwei Sitzelementen in zwei Gr\u00f6\u00dfen. Das ist alles, was Sie brauchen, um einen wirklich [&hellip;]<\/p>\n","protected":false},"featured_media":113171,"comment_status":"closed","ping_status":"closed","template":"","meta":{"_acf_changed":false},"product_brand":[48326],"product_cat":[33,6253],"product_tag":[],"class_list":{"0":"post-113341","1":"product","2":"type-product","3":"status-publish","4":"has-post-thumbnail","6":"product_brand-junto","7":"product_cat-neuheiten","8":"product_cat-pouf-hocker","9":"pa_covers-reinigung-bezuge-mit-dem-symbol-p-konnen-chemisch-gereinigt-werden-ersatzbezuge-sind-lieferbar-wenn-sie-eine-neue-farbe-oder-einen-neuen-stoff-mochten-de","11":"first","12":"instock","13":"shipping-taxable","14":"product-type-simple"},"acf":[],"_links":{"self":[{"href":"https:\/\/softlinefurniture.com\/de\/wp-json\/wp\/v2\/product\/113341","targetHints":{"allow":["GET"]}}],"collection":[{"href":"https:\/\/softlinefurniture.com\/de\/wp-json\/wp\/v2\/product"}],"about":[{"href":"https:\/\/softlinefurniture.com\/de\/wp-json\/wp\/v2\/types\/product"}],"replies":[{"embeddable":true,"href":"https:\/\/softlinefurniture.com\/de\/wp-json\/wp\/v2\/comments?post=113341"}],"version-history":[{"count":0,"href":"https:\/\/softlinefurniture.com\/de\/wp-json\/wp\/v2\/product\/113341\/revisions"}],"wp:featuredmedia":[{"embeddable":true,"href":"https:\/\/softlinefurniture.com\/de\/wp-json\/wp\/v2\/media\/113171"}],"wp:attachment":[{"href":"https:\/\/softlinefurniture.com\/de\/wp-json\/wp\/v2\/media?parent=113341"}],"wp:term":[{"taxonomy":"product_brand","embeddable":true,"href":"https:\/\/softlinefurniture.com\/de\/wp-json\/wp\/v2\/product_brand?post=113341"},{"taxonomy":"product_cat","embeddable":true,"href":"https:\/\/softlinefurniture.com\/de\/wp-json\/wp\/v2\/product_cat?post=113341"},{"taxonomy":"product_tag","embeddable":true,"href":"https:\/\/softlinefurniture.com\/de\/wp-json\/wp\/v2\/product_tag?post=113341"}],"curies":[{"name":"wp","href":"https:\/\/api.w.org\/{rel}","templated":true}]}}