{"id":19194,"date":"2020-07-03T00:08:09","date_gmt":"2020-07-02T22:08:09","guid":{"rendered":"https:\/\/softlinefurniture.com\/product\/trio-hocker\/"},"modified":"2026-03-13T11:33:15","modified_gmt":"2026-03-13T10:33:15","slug":"trio-hocker","status":"publish","type":"product","link":"https:\/\/softlinefurniture.com\/de\/produkt\/trio-hocker\/","title":{"rendered":"TRIO Hocker"},"content":{"rendered":"<p><strong>Dreifache Funktionalit\u00e4t<\/strong><br \/>\nTRIO besteht aus einer dreifach gefalteten Matratze, die sich zu einer Schlafmatratze entfaltet &#8211; ein perfektes Bett f\u00fcr Ihren Gast oder f\u00fcr Kinder zum Spielen. Dieser Pouf ist ein gro\u00dfer Hit in vielen Haushalten, denn er ist dekorativ, funktional sowie leicht zu verstauen und auszufalten. Ein Tabletttisch verwandelt den Pouf in einen Tisch. Er hat acht Taschen f\u00fcr Zeitschriften und andere kleine Gegenst\u00e4nde.<\/p>\n","protected":false},"excerpt":{"rendered":"<p>Dreifache Funktionalit\u00e4t TRIO besteht aus einer dreifach gefalteten Matratze, die sich zu einer Schlafmatratze entfaltet &#8211; ein perfektes Bett f\u00fcr Ihren Gast oder f\u00fcr Kinder zum Spielen. Dieser Pouf ist ein gro\u00dfer Hit in vielen Haushalten, denn er ist dekorativ, funktional sowie leicht zu verstauen und auszufalten. Ein Tabletttisch verwandelt den Pouf in einen Tisch. [&hellip;]<\/p>\n","protected":false},"featured_media":84817,"comment_status":"closed","ping_status":"closed","template":"","meta":{"_acf_changed":false},"product_brand":[48732],"product_cat":[34637,6251,6253],"product_tag":[6274],"class_list":{"0":"post-19194","1":"product","2":"type-product","3":"status-publish","4":"has-post-thumbnail","6":"product_brand-trio","7":"product_cat-hocker-mit-matratze","8":"product_cat-kindermoebel","9":"product_cat-pouf-hocker","10":"product_tag-funktion","11":"pa_covers-matratze-immer-in-grauem-stoff-de","13":"first","14":"instock","15":"shipping-taxable","16":"purchasable","17":"product-type-variable"},"acf":[],"_links":{"self":[{"href":"https:\/\/softlinefurniture.com\/de\/wp-json\/wp\/v2\/product\/19194","targetHints":{"allow":["GET"]}}],"collection":[{"href":"https:\/\/softlinefurniture.com\/de\/wp-json\/wp\/v2\/product"}],"about":[{"href":"https:\/\/softlinefurniture.com\/de\/wp-json\/wp\/v2\/types\/product"}],"replies":[{"embeddable":true,"href":"https:\/\/softlinefurniture.com\/de\/wp-json\/wp\/v2\/comments?post=19194"}],"version-history":[{"count":0,"href":"https:\/\/softlinefurniture.com\/de\/wp-json\/wp\/v2\/product\/19194\/revisions"}],"wp:featuredmedia":[{"embeddable":true,"href":"https:\/\/softlinefurniture.com\/de\/wp-json\/wp\/v2\/media\/84817"}],"wp:attachment":[{"href":"https:\/\/softlinefurniture.com\/de\/wp-json\/wp\/v2\/media?parent=19194"}],"wp:term":[{"taxonomy":"product_brand","embeddable":true,"href":"https:\/\/softlinefurniture.com\/de\/wp-json\/wp\/v2\/product_brand?post=19194"},{"taxonomy":"product_cat","embeddable":true,"href":"https:\/\/softlinefurniture.com\/de\/wp-json\/wp\/v2\/product_cat?post=19194"},{"taxonomy":"product_tag","embeddable":true,"href":"https:\/\/softlinefurniture.com\/de\/wp-json\/wp\/v2\/product_tag?post=19194"}],"curies":[{"name":"wp","href":"https:\/\/api.w.org\/{rel}","templated":true}]}}