{"id":19729,"date":"2020-06-08T05:50:44","date_gmt":"2020-06-08T03:50:44","guid":{"rendered":"https:\/\/softlinefurniture.com\/product\/cape-armelement-rechts\/"},"modified":"2026-03-12T09:59:27","modified_gmt":"2026-03-12T08:59:27","slug":"cape-armelement-rechts","status":"publish","type":"product","link":"https:\/\/softlinefurniture.com\/de\/produkt\/cape-armelement-rechts\/","title":{"rendered":"CAPE Armelement Rechts"},"content":{"rendered":"<p><strong>Eine schicke Sitzgelegenheit<\/strong><br \/>\nDer minimalistische und raffinierte Look des modularen Sofas CAPE verleiht jedem Raum einen modernen Touch. Mit einer Reihe von Modulen, aus denen Sie w\u00e4hlen k\u00f6nnen, k\u00f6nnen Sie es so gestalten, dass es perfekt in Ihren Raum passt. Die R\u00fccken- und Armlehnen der einzelnen Elemente bestehen aus einem St\u00fcck und umschlie\u00dfen das gro\u00dfe Kissen. Die leicht vorstehenden N\u00e4hte, die an der Armlehne entlanglaufen, verleihen dem Sofa einen gem\u00fctlichen und eleganten Touch und betonen die klaren Linien des Sofas.<\/p>\n","protected":false},"excerpt":{"rendered":"<p>Eine schicke Sitzgelegenheit Der minimalistische und raffinierte Look des modularen Sofas CAPE verleiht jedem Raum einen modernen Touch. Mit einer Reihe von Modulen, aus denen Sie w\u00e4hlen k\u00f6nnen, k\u00f6nnen Sie es so gestalten, dass es perfekt in Ihren Raum passt. Die R\u00fccken- und Armlehnen der einzelnen Elemente bestehen aus einem St\u00fcck und umschlie\u00dfen das gro\u00dfe [&hellip;]<\/p>\n","protected":false},"featured_media":81060,"comment_status":"closed","ping_status":"closed","template":"","meta":{"_acf_changed":false},"product_brand":[48356],"product_cat":[6256],"product_tag":[],"class_list":{"0":"post-19729","1":"product","2":"type-product","3":"status-publish","4":"has-post-thumbnail","6":"product_brand-cape","7":"product_cat-modulsofas","8":"pa_covers-abnehmbare-bezuge-reinigung-bezuge-mit-dem-symbol-p-konnen-chemisch-gereinigt-werden-ersatzbezuge-sind-lieferbar-wenn-sie-eine-neue-farbe-oder-einen-neuen-stoff-mochten-de","10":"first","11":"instock","12":"shipping-taxable","13":"purchasable","14":"product-type-variable"},"acf":[],"_links":{"self":[{"href":"https:\/\/softlinefurniture.com\/de\/wp-json\/wp\/v2\/product\/19729","targetHints":{"allow":["GET"]}}],"collection":[{"href":"https:\/\/softlinefurniture.com\/de\/wp-json\/wp\/v2\/product"}],"about":[{"href":"https:\/\/softlinefurniture.com\/de\/wp-json\/wp\/v2\/types\/product"}],"replies":[{"embeddable":true,"href":"https:\/\/softlinefurniture.com\/de\/wp-json\/wp\/v2\/comments?post=19729"}],"version-history":[{"count":0,"href":"https:\/\/softlinefurniture.com\/de\/wp-json\/wp\/v2\/product\/19729\/revisions"}],"wp:featuredmedia":[{"embeddable":true,"href":"https:\/\/softlinefurniture.com\/de\/wp-json\/wp\/v2\/media\/81060"}],"wp:attachment":[{"href":"https:\/\/softlinefurniture.com\/de\/wp-json\/wp\/v2\/media?parent=19729"}],"wp:term":[{"taxonomy":"product_brand","embeddable":true,"href":"https:\/\/softlinefurniture.com\/de\/wp-json\/wp\/v2\/product_brand?post=19729"},{"taxonomy":"product_cat","embeddable":true,"href":"https:\/\/softlinefurniture.com\/de\/wp-json\/wp\/v2\/product_cat?post=19729"},{"taxonomy":"product_tag","embeddable":true,"href":"https:\/\/softlinefurniture.com\/de\/wp-json\/wp\/v2\/product_tag?post=19729"}],"curies":[{"name":"wp","href":"https:\/\/api.w.org\/{rel}","templated":true}]}}