{"id":19745,"date":"2020-07-02T23:46:56","date_gmt":"2020-07-02T21:46:56","guid":{"rendered":"https:\/\/softlinefurniture.com\/product\/tom-tisch\/"},"modified":"2026-03-13T11:31:08","modified_gmt":"2026-03-13T10:31:08","slug":"tom-tisch","status":"publish","type":"product","link":"https:\/\/softlinefurniture.com\/de\/produkt\/tom-tisch\/","title":{"rendered":"TOM Tisch"},"content":{"rendered":"<p><strong>Pouf und Tisch kombiniert<\/strong><br \/>\nTOM ist ein einzigartiger Pouf, der unter einen eleganten Couchtisch passt. Hier sind Funktion und Stil zu einem neuen, innovativen Produktkonzept verschmolzen. Wenn Sie einen zus\u00e4tzlichen Sitzplatz ben\u00f6tigen, k\u00f6nnen Sie den Pouf einfach herausnehmen. Wenn nicht, passt der Pouf unter den Tisch und schafft eine zus\u00e4tzliche Ablagefl\u00e4che f\u00fcr Zeitschriften, Handys, Fernbedienungen und andere kleine Gegenst\u00e4nde. Die weiche Form ist von antiken Fasstrommeln aus Asien inspiriert und verleiht dem Raum eine einzigartige Note.<\/p>\n","protected":false},"excerpt":{"rendered":"<p>Pouf und Tisch kombiniert TOM ist ein einzigartiger Pouf, der unter einen eleganten Couchtisch passt. Hier sind Funktion und Stil zu einem neuen, innovativen Produktkonzept verschmolzen. Wenn Sie einen zus\u00e4tzlichen Sitzplatz ben\u00f6tigen, k\u00f6nnen Sie den Pouf einfach herausnehmen. Wenn nicht, passt der Pouf unter den Tisch und schafft eine zus\u00e4tzliche Ablagefl\u00e4che f\u00fcr Zeitschriften, Handys, Fernbedienungen [&hellip;]<\/p>\n","protected":false},"featured_media":43064,"comment_status":"closed","ping_status":"closed","template":"","meta":{"_acf_changed":false},"product_brand":[48720],"product_cat":[6253,6259],"product_tag":[],"class_list":{"0":"post-19745","1":"product","2":"type-product","3":"status-publish","4":"has-post-thumbnail","6":"product_brand-tom","7":"product_cat-pouf-hocker","8":"product_cat-tische-de","10":"first","11":"instock","12":"shipping-taxable","13":"purchasable","14":"product-type-variable"},"acf":[],"_links":{"self":[{"href":"https:\/\/softlinefurniture.com\/de\/wp-json\/wp\/v2\/product\/19745","targetHints":{"allow":["GET"]}}],"collection":[{"href":"https:\/\/softlinefurniture.com\/de\/wp-json\/wp\/v2\/product"}],"about":[{"href":"https:\/\/softlinefurniture.com\/de\/wp-json\/wp\/v2\/types\/product"}],"replies":[{"embeddable":true,"href":"https:\/\/softlinefurniture.com\/de\/wp-json\/wp\/v2\/comments?post=19745"}],"version-history":[{"count":0,"href":"https:\/\/softlinefurniture.com\/de\/wp-json\/wp\/v2\/product\/19745\/revisions"}],"wp:featuredmedia":[{"embeddable":true,"href":"https:\/\/softlinefurniture.com\/de\/wp-json\/wp\/v2\/media\/43064"}],"wp:attachment":[{"href":"https:\/\/softlinefurniture.com\/de\/wp-json\/wp\/v2\/media?parent=19745"}],"wp:term":[{"taxonomy":"product_brand","embeddable":true,"href":"https:\/\/softlinefurniture.com\/de\/wp-json\/wp\/v2\/product_brand?post=19745"},{"taxonomy":"product_cat","embeddable":true,"href":"https:\/\/softlinefurniture.com\/de\/wp-json\/wp\/v2\/product_cat?post=19745"},{"taxonomy":"product_tag","embeddable":true,"href":"https:\/\/softlinefurniture.com\/de\/wp-json\/wp\/v2\/product_tag?post=19745"}],"curies":[{"name":"wp","href":"https:\/\/api.w.org\/{rel}","templated":true}]}}