{"id":19756,"date":"2020-07-02T07:24:40","date_gmt":"2020-07-02T05:24:40","guid":{"rendered":"https:\/\/softlinefurniture.com\/product\/conga-hocker\/"},"modified":"2026-03-13T08:34:35","modified_gmt":"2026-03-13T07:34:35","slug":"conga-hocker","status":"publish","type":"product","link":"https:\/\/softlinefurniture.com\/de\/produkt\/conga-hocker\/","title":{"rendered":"CONGA Hocker"},"content":{"rendered":"<p><strong>Spielen Sie herum<\/strong><br \/>\nEin Pouf mit Tablett ist unverzichtbar in jedem Zuhause. Inspiriert von afrikanischen Conga-Trommeln, l\u00e4sst dieser vielseitige Hocker CONGA Sie entscheiden, wie Sie ihn einsetzen. Mit dem Holztablett kann er heute ein zus\u00e4tzlicher Couchtisch im Wohnzimmer sein. Und ohne Tablett kann er morgen als zus\u00e4tzlicher Sitzplatz f\u00fcr Ihre G\u00e4ste dienen. CONGA gibt es in verschiedenen Gr\u00f6\u00dfen und H\u00f6hen, passend zu Ihrer Einrichtung.<\/p>\n<p>Gewinner des Green Good Design Award 2022<\/p>\n","protected":false},"excerpt":{"rendered":"<p>Spielen Sie herum Ein Pouf mit Tablett ist unverzichtbar in jedem Zuhause. Inspiriert von afrikanischen Conga-Trommeln, l\u00e4sst dieser vielseitige Hocker CONGA Sie entscheiden, wie Sie ihn einsetzen. Mit dem Holztablett kann er heute ein zus\u00e4tzlicher Couchtisch im Wohnzimmer sein. Und ohne Tablett kann er morgen als zus\u00e4tzlicher Sitzplatz f\u00fcr Ihre G\u00e4ste dienen. CONGA gibt es [&hellip;]<\/p>\n","protected":false},"featured_media":18218,"comment_status":"closed","ping_status":"closed","template":"","meta":{"_acf_changed":false},"product_brand":[48388],"product_cat":[6253],"product_tag":[],"class_list":{"0":"post-19756","1":"product","2":"type-product","3":"status-publish","4":"has-post-thumbnail","6":"product_brand-conga","7":"product_cat-pouf-hocker","8":"pa_covers-reinigung-bezuge-mit-dem-symbol-p-konnen-chemisch-gereinigt-werden-ersatzbezuge-sind-lieferbar-wenn-sie-eine-neue-farbe-oder-einen-neuen-stoff-mochten-de","10":"first","11":"instock","12":"shipping-taxable","13":"purchasable","14":"product-type-variable"},"acf":[],"_links":{"self":[{"href":"https:\/\/softlinefurniture.com\/de\/wp-json\/wp\/v2\/product\/19756","targetHints":{"allow":["GET"]}}],"collection":[{"href":"https:\/\/softlinefurniture.com\/de\/wp-json\/wp\/v2\/product"}],"about":[{"href":"https:\/\/softlinefurniture.com\/de\/wp-json\/wp\/v2\/types\/product"}],"replies":[{"embeddable":true,"href":"https:\/\/softlinefurniture.com\/de\/wp-json\/wp\/v2\/comments?post=19756"}],"version-history":[{"count":0,"href":"https:\/\/softlinefurniture.com\/de\/wp-json\/wp\/v2\/product\/19756\/revisions"}],"wp:featuredmedia":[{"embeddable":true,"href":"https:\/\/softlinefurniture.com\/de\/wp-json\/wp\/v2\/media\/18218"}],"wp:attachment":[{"href":"https:\/\/softlinefurniture.com\/de\/wp-json\/wp\/v2\/media?parent=19756"}],"wp:term":[{"taxonomy":"product_brand","embeddable":true,"href":"https:\/\/softlinefurniture.com\/de\/wp-json\/wp\/v2\/product_brand?post=19756"},{"taxonomy":"product_cat","embeddable":true,"href":"https:\/\/softlinefurniture.com\/de\/wp-json\/wp\/v2\/product_cat?post=19756"},{"taxonomy":"product_tag","embeddable":true,"href":"https:\/\/softlinefurniture.com\/de\/wp-json\/wp\/v2\/product_tag?post=19756"}],"curies":[{"name":"wp","href":"https:\/\/api.w.org\/{rel}","templated":true}]}}