{"id":19780,"date":"2020-07-01T08:49:56","date_gmt":"2020-07-01T06:49:56","guid":{"rendered":"https:\/\/softlinefurniture.com\/product\/soft-square-tablett\/"},"modified":"2026-03-13T11:26:10","modified_gmt":"2026-03-13T10:26:10","slug":"soft-square-tablett","status":"publish","type":"product","link":"https:\/\/softlinefurniture.com\/de\/produkt\/soft-square-tablett\/","title":{"rendered":"SOFT SQUARE Tablett"},"content":{"rendered":"<p>Der traditionelle quadratische Hocker wurde Vorbild f\u00fcr ein neues zeitloses Design, das durch seine abgerundeten Ecken und versetzten N\u00e4hte eine weichere Optik erlangte. Softsquare ist ein neuer und extrem vielseitiger Hocker. Er pa\u00dft sich jeder erdenklichen Einrichtung oder Umgebung an. Der beliebte Puff bekommt jetzt ein speziell angefertigtes Tablett als optionales Zubeh\u00f6r. Das Tablett kann sicher auf dem Pouf platziert werden und wird mit seinen abgerundeten Ecken und Schnitzereien, die den Stichen der Polsterung folgen, ein nat\u00fcrlicher Teil des Designs des Poufs. Das Tablett kann auch separat als n\u00fctzliches und praktisches M\u00f6belst\u00fcck im Wohnraum eingesetzt werden.<\/p>\n<p>&nbsp;<\/p>\n","protected":false},"excerpt":{"rendered":"<p>&nbsp;<\/p>\n<p>&nbsp;<\/p>\n","protected":false},"featured_media":95796,"comment_status":"closed","ping_status":"closed","template":"","meta":{"_acf_changed":false},"product_brand":[48700],"product_cat":[6259],"product_tag":[],"class_list":{"0":"post-19780","1":"product","2":"type-product","3":"status-publish","4":"has-post-thumbnail","6":"product_brand-soft-square","7":"product_cat-tische-de","9":"first","10":"instock","11":"shipping-taxable","12":"purchasable","13":"product-type-variable"},"acf":[],"_links":{"self":[{"href":"https:\/\/softlinefurniture.com\/de\/wp-json\/wp\/v2\/product\/19780","targetHints":{"allow":["GET"]}}],"collection":[{"href":"https:\/\/softlinefurniture.com\/de\/wp-json\/wp\/v2\/product"}],"about":[{"href":"https:\/\/softlinefurniture.com\/de\/wp-json\/wp\/v2\/types\/product"}],"replies":[{"embeddable":true,"href":"https:\/\/softlinefurniture.com\/de\/wp-json\/wp\/v2\/comments?post=19780"}],"version-history":[{"count":0,"href":"https:\/\/softlinefurniture.com\/de\/wp-json\/wp\/v2\/product\/19780\/revisions"}],"wp:featuredmedia":[{"embeddable":true,"href":"https:\/\/softlinefurniture.com\/de\/wp-json\/wp\/v2\/media\/95796"}],"wp:attachment":[{"href":"https:\/\/softlinefurniture.com\/de\/wp-json\/wp\/v2\/media?parent=19780"}],"wp:term":[{"taxonomy":"product_brand","embeddable":true,"href":"https:\/\/softlinefurniture.com\/de\/wp-json\/wp\/v2\/product_brand?post=19780"},{"taxonomy":"product_cat","embeddable":true,"href":"https:\/\/softlinefurniture.com\/de\/wp-json\/wp\/v2\/product_cat?post=19780"},{"taxonomy":"product_tag","embeddable":true,"href":"https:\/\/softlinefurniture.com\/de\/wp-json\/wp\/v2\/product_tag?post=19780"}],"curies":[{"name":"wp","href":"https:\/\/api.w.org\/{rel}","templated":true}]}}