{"id":19813,"date":"2020-05-18T00:35:56","date_gmt":"2020-05-17T22:35:56","guid":{"rendered":"https:\/\/softlinefurniture.com\/product\/opera-hocker\/"},"modified":"2026-03-13T10:52:41","modified_gmt":"2026-03-13T09:52:41","slug":"opera-hocker","status":"publish","type":"product","link":"https:\/\/softlinefurniture.com\/de\/produkt\/opera-hocker\/","title":{"rendered":"OPERA Hocker"},"content":{"rendered":"<p><strong>Das komplette Orchester<\/strong><br \/>\nDie OPERA Poufs spiegeln den klaren, straffen Look der gesamten OPERA-Linie wider. Es gibt sie in drei Gr\u00f6\u00dfen. Sie sind eine perfekte Erg\u00e4nzung zum OPERA Sofa oder Sessel. Sie k\u00f6nnen sie auch als Sitzgelegenheit in Wartezimmern verwenden, als informelle Sitzgelegenheit f\u00fcr Meetings oder in Kombination mit kleinen Satellitentischen interessante und einladende Arbeitsbereiche schaffen.<\/p>\n","protected":false},"excerpt":{"rendered":"<p>Das komplette Orchester Die OPERA Poufs spiegeln den klaren, straffen Look der gesamten OPERA-Linie wider. Es gibt sie in drei Gr\u00f6\u00dfen. Sie sind eine perfekte Erg\u00e4nzung zum OPERA Sofa oder Sessel. Sie k\u00f6nnen sie auch als Sitzgelegenheit in Wartezimmern verwenden, als informelle Sitzgelegenheit f\u00fcr Meetings oder in Kombination mit kleinen Satellitentischen interessante und einladende Arbeitsbereiche [&hellip;]<\/p>\n","protected":false},"featured_media":17404,"comment_status":"closed","ping_status":"closed","template":"","meta":{"_acf_changed":false},"product_brand":[48624],"product_cat":[6258,6253],"product_tag":[],"class_list":{"0":"post-19813","1":"product","2":"type-product","3":"status-publish","4":"has-post-thumbnail","6":"product_brand-opera-pouf","7":"product_cat-kollektionen","8":"product_cat-pouf-hocker","9":"pa_covers-reinigung-bezuge-mit-dem-symbol-p-konnen-chemisch-gereinigt-werden-ersatzbezuge-sind-lieferbar-wenn-sie-eine-neue-farbe-oder-einen-neuen-stoff-mochten-de","11":"first","12":"instock","13":"shipping-taxable","14":"purchasable","15":"product-type-variable"},"acf":[],"_links":{"self":[{"href":"https:\/\/softlinefurniture.com\/de\/wp-json\/wp\/v2\/product\/19813","targetHints":{"allow":["GET"]}}],"collection":[{"href":"https:\/\/softlinefurniture.com\/de\/wp-json\/wp\/v2\/product"}],"about":[{"href":"https:\/\/softlinefurniture.com\/de\/wp-json\/wp\/v2\/types\/product"}],"replies":[{"embeddable":true,"href":"https:\/\/softlinefurniture.com\/de\/wp-json\/wp\/v2\/comments?post=19813"}],"version-history":[{"count":0,"href":"https:\/\/softlinefurniture.com\/de\/wp-json\/wp\/v2\/product\/19813\/revisions"}],"wp:featuredmedia":[{"embeddable":true,"href":"https:\/\/softlinefurniture.com\/de\/wp-json\/wp\/v2\/media\/17404"}],"wp:attachment":[{"href":"https:\/\/softlinefurniture.com\/de\/wp-json\/wp\/v2\/media?parent=19813"}],"wp:term":[{"taxonomy":"product_brand","embeddable":true,"href":"https:\/\/softlinefurniture.com\/de\/wp-json\/wp\/v2\/product_brand?post=19813"},{"taxonomy":"product_cat","embeddable":true,"href":"https:\/\/softlinefurniture.com\/de\/wp-json\/wp\/v2\/product_cat?post=19813"},{"taxonomy":"product_tag","embeddable":true,"href":"https:\/\/softlinefurniture.com\/de\/wp-json\/wp\/v2\/product_tag?post=19813"}],"curies":[{"name":"wp","href":"https:\/\/api.w.org\/{rel}","templated":true}]}}