{"id":19849,"date":"2020-05-17T06:35:06","date_gmt":"2020-05-17T04:35:06","guid":{"rendered":"https:\/\/softlinefurniture.com\/product\/opera-sofa-niedrig\/"},"modified":"2026-03-13T10:55:16","modified_gmt":"2026-03-13T09:55:16","slug":"opera-sofa-niedrig","status":"publish","type":"product","link":"https:\/\/softlinefurniture.com\/de\/produkt\/opera-sofa-niedrig\/","title":{"rendered":"OPERA Sofa Niedrig"},"content":{"rendered":"<p><strong>Eine Symphonie der M\u00f6glichkeiten<\/strong><br \/>\nDas OPERA-Sofa und der OPERA-Sessel wurden mit Blick auf unser Bed\u00fcrfnis nach Kommunikation, Interaktion und Privatsph\u00e4re entwickelt. W\u00e4hlen Sie eine hohe oder eine niedrige R\u00fcckenlehne, je nach Atmosph\u00e4re, die Sie schaffen m\u00f6chten. OPERA kann einzeln stehend, in traditionellen Sitzgruppen oder in gr\u00f6\u00dferen Konfigurationen verwendet werden. Eine Kombination aus den Sofas und den St\u00fchlen schafft einen frischen und zeitgem\u00e4\u00dfen Look.<\/p>\n","protected":false},"excerpt":{"rendered":"<p>Eine Symphonie der M\u00f6glichkeiten Das OPERA-Sofa und der OPERA-Sessel wurden mit Blick auf unser Bed\u00fcrfnis nach Kommunikation, Interaktion und Privatsph\u00e4re entwickelt. W\u00e4hlen Sie eine hohe oder eine niedrige R\u00fcckenlehne, je nach Atmosph\u00e4re, die Sie schaffen m\u00f6chten. OPERA kann einzeln stehend, in traditionellen Sitzgruppen oder in gr\u00f6\u00dferen Konfigurationen verwendet werden. Eine Kombination aus den Sofas und [&hellip;]<\/p>\n","protected":false},"featured_media":42839,"comment_status":"closed","ping_status":"closed","template":"","meta":{"_acf_changed":false},"product_brand":[48616],"product_cat":[6254],"product_tag":[34680],"class_list":{"0":"post-19849","1":"product","2":"type-product","3":"status-publish","4":"has-post-thumbnail","6":"product_brand-opera","7":"product_cat-sofas-de","8":"product_tag-sofa-de","9":"pa_covers-abnehmbare-bezuge-reinigung-bezuge-mit-dem-symbol-p-konnen-chemisch-gereinigt-werden-ersatzbezuge-sind-lieferbar-wenn-sie-eine-neue-farbe-oder-einen-neuen-stoff-mochten-de","11":"first","12":"instock","13":"shipping-taxable","14":"purchasable","15":"product-type-variable"},"acf":[],"_links":{"self":[{"href":"https:\/\/softlinefurniture.com\/de\/wp-json\/wp\/v2\/product\/19849","targetHints":{"allow":["GET"]}}],"collection":[{"href":"https:\/\/softlinefurniture.com\/de\/wp-json\/wp\/v2\/product"}],"about":[{"href":"https:\/\/softlinefurniture.com\/de\/wp-json\/wp\/v2\/types\/product"}],"replies":[{"embeddable":true,"href":"https:\/\/softlinefurniture.com\/de\/wp-json\/wp\/v2\/comments?post=19849"}],"version-history":[{"count":0,"href":"https:\/\/softlinefurniture.com\/de\/wp-json\/wp\/v2\/product\/19849\/revisions"}],"wp:featuredmedia":[{"embeddable":true,"href":"https:\/\/softlinefurniture.com\/de\/wp-json\/wp\/v2\/media\/42839"}],"wp:attachment":[{"href":"https:\/\/softlinefurniture.com\/de\/wp-json\/wp\/v2\/media?parent=19849"}],"wp:term":[{"taxonomy":"product_brand","embeddable":true,"href":"https:\/\/softlinefurniture.com\/de\/wp-json\/wp\/v2\/product_brand?post=19849"},{"taxonomy":"product_cat","embeddable":true,"href":"https:\/\/softlinefurniture.com\/de\/wp-json\/wp\/v2\/product_cat?post=19849"},{"taxonomy":"product_tag","embeddable":true,"href":"https:\/\/softlinefurniture.com\/de\/wp-json\/wp\/v2\/product_tag?post=19849"}],"curies":[{"name":"wp","href":"https:\/\/api.w.org\/{rel}","templated":true}]}}