{"id":19870,"date":"2020-06-19T20:57:35","date_gmt":"2020-06-19T18:57:35","guid":{"rendered":"https:\/\/softlinefurniture.com\/product\/hello-sessel\/"},"modified":"2026-03-13T09:35:48","modified_gmt":"2026-03-13T08:35:48","slug":"hello-sessel","status":"publish","type":"product","link":"https:\/\/softlinefurniture.com\/de\/produkt\/hello-sessel\/","title":{"rendered":"HELLO Sessel"},"content":{"rendered":"<p><strong>Unwiderstehlicher Charme und Charakter\u00a0 <\/strong><\/p>\n<p>Die Danish Broadcast Cooperation bat busk+hertzog, einen Stuhl speziell f\u00fcr Kylie Minogue zu entwerfen, als Geschenk von ihnen an sie. Designer Flemming Busk sagt \u00fcber den Stuhl: &#8220;Der Name des Stuhls ist HELLO und das Design ist rund, offen und fr\u00f6hlich &#8211; wie ein Mund, der den Menschen zuruft und sie auffordert, n\u00e4her zu kommen.&#8221;<\/p>\n","protected":false},"excerpt":{"rendered":"<p>Unwiderstehlicher Charme und Charakter\u00a0 Die Danish Broadcast Cooperation bat busk+hertzog, einen Stuhl speziell f\u00fcr Kylie Minogue zu entwerfen, als Geschenk von ihnen an sie. Designer Flemming Busk sagt \u00fcber den Stuhl: &#8220;Der Name des Stuhls ist HELLO und das Design ist rund, offen und fr\u00f6hlich &#8211; wie ein Mund, der den Menschen zuruft und sie [&hellip;]<\/p>\n","protected":false},"featured_media":42559,"comment_status":"closed","ping_status":"closed","template":"","meta":{"_acf_changed":false},"product_brand":[48472],"product_cat":[47949,6249,6247],"product_tag":[],"class_list":{"0":"post-19870","1":"product","2":"type-product","3":"status-publish","4":"has-post-thumbnail","6":"product_brand-hello","7":"product_cat-drehsessel","8":"product_cat-lounge-sessel","9":"product_cat-sessel","10":"pa_covers-reinigung-bezuge-mit-dem-symbol-p-konnen-chemisch-gereinigt-werden-ersatzbezuge-sind-lieferbar-wenn-sie-eine-neue-farbe-oder-einen-neuen-stoff-mochten-de","12":"first","13":"instock","14":"shipping-taxable","15":"purchasable","16":"product-type-variable"},"acf":[],"_links":{"self":[{"href":"https:\/\/softlinefurniture.com\/de\/wp-json\/wp\/v2\/product\/19870","targetHints":{"allow":["GET"]}}],"collection":[{"href":"https:\/\/softlinefurniture.com\/de\/wp-json\/wp\/v2\/product"}],"about":[{"href":"https:\/\/softlinefurniture.com\/de\/wp-json\/wp\/v2\/types\/product"}],"replies":[{"embeddable":true,"href":"https:\/\/softlinefurniture.com\/de\/wp-json\/wp\/v2\/comments?post=19870"}],"version-history":[{"count":0,"href":"https:\/\/softlinefurniture.com\/de\/wp-json\/wp\/v2\/product\/19870\/revisions"}],"wp:featuredmedia":[{"embeddable":true,"href":"https:\/\/softlinefurniture.com\/de\/wp-json\/wp\/v2\/media\/42559"}],"wp:attachment":[{"href":"https:\/\/softlinefurniture.com\/de\/wp-json\/wp\/v2\/media?parent=19870"}],"wp:term":[{"taxonomy":"product_brand","embeddable":true,"href":"https:\/\/softlinefurniture.com\/de\/wp-json\/wp\/v2\/product_brand?post=19870"},{"taxonomy":"product_cat","embeddable":true,"href":"https:\/\/softlinefurniture.com\/de\/wp-json\/wp\/v2\/product_cat?post=19870"},{"taxonomy":"product_tag","embeddable":true,"href":"https:\/\/softlinefurniture.com\/de\/wp-json\/wp\/v2\/product_tag?post=19870"}],"curies":[{"name":"wp","href":"https:\/\/api.w.org\/{rel}","templated":true}]}}