{"id":20055,"date":"2020-06-22T21:05:42","date_gmt":"2020-06-22T19:05:42","guid":{"rendered":"https:\/\/softlinefurniture.com\/product\/elle-eckelement-rechts\/"},"modified":"2026-03-13T08:41:54","modified_gmt":"2026-03-13T07:41:54","slug":"elle-eckelement-rechts","status":"publish","type":"product","link":"https:\/\/softlinefurniture.com\/de\/produkt\/elle-eckelement-rechts\/","title":{"rendered":"ELLE Eckelement Rechts"},"content":{"rendered":"<p><strong>Flexibel und feminin<\/strong><br \/>\nELLE ist ein flexibles modulares Sofa mit einem weichen und femininen Look &#8211; rund, organisch und anschmiegsam. Der abgerundete R\u00fccken und die Armlehnen machen es \u00e4u\u00dferst bequem. Das Sofa besteht aus zwei Eckmodulen (rechts\/links) und einem Mittelmodul, wodurch es m\u00f6glich ist, eine kleine Couch oder eine gro\u00dfe Eckeinheit zu schaffen. Es ist nicht sehr tief und bietet sich perfekt in kleinen R\u00e4umen an.<\/p>\n","protected":false},"excerpt":{"rendered":"<p>Flexibel und feminin ELLE ist ein flexibles modulares Sofa mit einem weichen und femininen Look &#8211; rund, organisch und anschmiegsam. Der abgerundete R\u00fccken und die Armlehnen machen es \u00e4u\u00dferst bequem. Das Sofa besteht aus zwei Eckmodulen (rechts\/links) und einem Mittelmodul, wodurch es m\u00f6glich ist, eine kleine Couch oder eine gro\u00dfe Eckeinheit zu schaffen. Es ist [&hellip;]<\/p>\n","protected":false},"featured_media":80626,"comment_status":"closed","ping_status":"closed","template":"","meta":{"_acf_changed":false},"product_brand":[48420],"product_cat":[6256,6254],"product_tag":[],"class_list":{"0":"post-20055","1":"product","2":"type-product","3":"status-publish","4":"has-post-thumbnail","6":"product_brand-elle","7":"product_cat-modulsofas","8":"product_cat-sofas-de","9":"pa_covers-reinigung-bezuge-mit-dem-symbol-p-konnen-chemisch-gereinigt-werden-ersatzbezuge-sind-lieferbar-wenn-sie-eine-neue-farbe-oder-einen-neuen-stoff-mochten-de","11":"first","12":"instock","13":"shipping-taxable","14":"purchasable","15":"product-type-variable"},"acf":[],"_links":{"self":[{"href":"https:\/\/softlinefurniture.com\/de\/wp-json\/wp\/v2\/product\/20055","targetHints":{"allow":["GET"]}}],"collection":[{"href":"https:\/\/softlinefurniture.com\/de\/wp-json\/wp\/v2\/product"}],"about":[{"href":"https:\/\/softlinefurniture.com\/de\/wp-json\/wp\/v2\/types\/product"}],"replies":[{"embeddable":true,"href":"https:\/\/softlinefurniture.com\/de\/wp-json\/wp\/v2\/comments?post=20055"}],"version-history":[{"count":0,"href":"https:\/\/softlinefurniture.com\/de\/wp-json\/wp\/v2\/product\/20055\/revisions"}],"wp:featuredmedia":[{"embeddable":true,"href":"https:\/\/softlinefurniture.com\/de\/wp-json\/wp\/v2\/media\/80626"}],"wp:attachment":[{"href":"https:\/\/softlinefurniture.com\/de\/wp-json\/wp\/v2\/media?parent=20055"}],"wp:term":[{"taxonomy":"product_brand","embeddable":true,"href":"https:\/\/softlinefurniture.com\/de\/wp-json\/wp\/v2\/product_brand?post=20055"},{"taxonomy":"product_cat","embeddable":true,"href":"https:\/\/softlinefurniture.com\/de\/wp-json\/wp\/v2\/product_cat?post=20055"},{"taxonomy":"product_tag","embeddable":true,"href":"https:\/\/softlinefurniture.com\/de\/wp-json\/wp\/v2\/product_tag?post=20055"}],"curies":[{"name":"wp","href":"https:\/\/api.w.org\/{rel}","templated":true}]}}